{"id":726526,"date":"2025-08-27T20:08:07","date_gmt":"2025-08-27T17:08:07","guid":{"rendered":"https:\/\/roveyayinevi.com.tr\/index.php\/urun\/ben-artik-ozgurum\/"},"modified":"2026-04-16T02:34:09","modified_gmt":"2026-04-15T23:34:09","slug":"ben-artik-ozgurum","status":"publish","type":"product","link":"https:\/\/roveyayinevi.com.tr\/index.php\/urun\/ben-artik-ozgurum\/","title":{"rendered":"Ben Art\u0131k \u00d6zg\u00fcr\u00fcm"},"content":{"rendered":"<p>Anat Baniel Metodu N\u00f6roHareket hakk\u0131nda muazzam bir anlay\u0131\u015f ve i\u00e7g\u00f6r\u00fcyle yaz\u0131lm\u0131\u015f bu kitab\u0131 hem \u00e7ok sevdim hem de derinden etkilendim. Bu kitap ger\u00e7ek bir umut ve d\u00f6n\u00fc\u015f\u00fcm hik\u00e2yesi anlat\u0131yor. Her farkl\u0131 geli\u015fim g\u00f6steren \u00e7ocuk ebeveyninin, hatta her ebeveynin, torun sahibinin, \u00e7ocuklarla \u00e7al\u0131\u015fan profesyonellerin bu kitab\u0131 okumas\u0131n\u0131 \u00e7ok isterim.Anat Baniel, ABMNH\u2019in kurucusu, S\u0131n\u0131rlar\u0131n\u0131 A\u015fan \u00c7ocuklar ve Move Into Life kitaplar\u0131n\u0131n yazar\u0131 Bu kitap ailelere b\u00fcy\u00fck bir i\u00e7sel kaynak\u2026 Bu k\u0131ymetli \u00e7ocuklar ya\u015fama birer hediye\u2026 Anneli\u011finiz bir\u00e7ok aileye yolculuklar\u0131nda umut \u0131\u015f\u0131\u011f\u0131n\u0131 hat\u0131rlat\u0131c\u0131 g\u00fc\u00e7\u2026 Sevgi, umut ve bilgi t\u00fcm yolculu\u011funuzun rotas\u0131&#8230; Layza Ovadya, uzman klinik psikolog, oyun ve EMDR terapisti, oyun terapisi s\u00fcperviz\u00f6r\u00fc  Y\u0131llar \u00f6nce evlatlar\u0131m\u0131zla \u00e7\u0131kt\u0131\u011f\u0131m\u0131z yolculu\u011fumuzda tuttuk birbirimizin elini. \u00c7\u00fcnk\u00fc ger\u00e7ek yol arkada\u015flar\u0131 olmadan y\u00fcr\u00fcnebilecek bir yol de\u011fil bu. Hep omuz omuza, s\u0131rt s\u0131rta durduk. B\u00f6yle b\u00f6yle koca dokuz seneyi b\u0131rakt\u0131k arkam\u0131zda. Onlar\u0131 m\u0131 b\u00fcy\u00fct\u00fcyoruz, biz mi b\u00fcy\u00fcyoruz h\u00e2l\u00e2 emin olamad\u0131\u011f\u0131m yol karde\u015fli\u011fimizi ve bu anlaml\u0131 yolculu\u011fu yazm\u0131\u015f olman \u00e7ok k\u0131ymetli. Ya\u015fad\u0131klar\u0131m\u0131z\u0131 o kadar g\u00fczel ifade ettin ki, bizim gibi ayn\u0131 yolda, kalbi a\u011fz\u0131nda y\u00fcr\u00fcyen t\u00fcm annelere k\u0131ymetlerini teslim ettin kitab\u0131nla. Duygular\u0131na terc\u00fcman olmakla kalmad\u0131n, onlara harika bir yol haritas\u0131 da verdin. Ceyda D\u00fcvenci, oyuncu, sunucu, \u00e7ocuk kitab\u0131 yazar\u0131Bu kitap bir sevgi ve umut hik\u00e2yesini anlat\u0131yor&#8230; Serebral palsili bir \u00e7ocu\u011fun d\u00f6n\u00fc\u015f\u00fcm yolculu\u011funu&#8230;<\/p>\n","protected":false},"excerpt":{"rendered":"<p>Anat Baniel Metodu N\u00f6roHareket hakk\u0131nda muazzam bir anlay\u0131\u015f ve i\u00e7g\u00f6r\u00fcyle yaz\u0131lm\u0131\u015f bu kitab\u0131 hem \u00e7ok sevdim hem de derinden etkilendim. Bu kitap ger\u00e7ek bir umut ve<span class=\"excerpt-hellip\"> [\u2026]<\/span><\/p>\n","protected":false},"featured_media":0,"template":"","meta":{"_monsterinsights_skip_tracking":false,"_monsterinsights_sitenote_active":false,"_monsterinsights_sitenote_note":"","_monsterinsights_sitenote_category":0},"product_brand":[],"product_cat":[18545,12291],"product_tag":[],"class_list":{"0":"post-726526","1":"product","2":"type-product","3":"status-publish","5":"product_cat-anlati","6":"product_cat-edebiyat","7":"pa_cilt-ciltsiz","8":"pa_tur-kitap","9":"pa_yayinevi-dogan-novus","10":"pa_yazar-beril-tokcan","12":"first","13":"instock","14":"sale","15":"shipping-taxable","16":"purchasable","17":"product-type-simple"},"_links":{"self":[{"href":"https:\/\/roveyayinevi.com.tr\/index.php\/wp-json\/wp\/v2\/product\/726526","targetHints":{"allow":["GET"]}}],"collection":[{"href":"https:\/\/roveyayinevi.com.tr\/index.php\/wp-json\/wp\/v2\/product"}],"about":[{"href":"https:\/\/roveyayinevi.com.tr\/index.php\/wp-json\/wp\/v2\/types\/product"}],"wp:attachment":[{"href":"https:\/\/roveyayinevi.com.tr\/index.php\/wp-json\/wp\/v2\/media?parent=726526"}],"wp:term":[{"taxonomy":"product_brand","embeddable":true,"href":"https:\/\/roveyayinevi.com.tr\/index.php\/wp-json\/wp\/v2\/product_brand?post=726526"},{"taxonomy":"product_cat","embeddable":true,"href":"https:\/\/roveyayinevi.com.tr\/index.php\/wp-json\/wp\/v2\/product_cat?post=726526"},{"taxonomy":"product_tag","embeddable":true,"href":"https:\/\/roveyayinevi.com.tr\/index.php\/wp-json\/wp\/v2\/product_tag?post=726526"}],"curies":[{"name":"wp","href":"https:\/\/api.w.org\/{rel}","templated":true}]}}