{"id":726524,"date":"2025-08-27T20:08:05","date_gmt":"2025-08-27T17:08:05","guid":{"rendered":"https:\/\/roveyayinevi.com.tr\/index.php\/urun\/kipirdamiyoruz\/"},"modified":"2026-04-16T02:34:09","modified_gmt":"2026-04-15T23:34:09","slug":"kipirdamiyoruz","status":"publish","type":"product","link":"https:\/\/roveyayinevi.com.tr\/index.php\/urun\/kipirdamiyoruz\/","title":{"rendered":"K\u0131p\u0131rdam\u0131yoruz"},"content":{"rendered":"<p>\u201cB\u00fcy\u00fcd\u00fcm.Zehirli bir \u0131rmakt\u0131 zaman. Bizi kendine, kendini suskunlu\u011fa s\u00fcr\u00fckledi.\u201dO yaz sonu kent k\u0131yamet s\u00f6ylentileriyle uyand\u0131 g\u00fcne. \u0130\u015faretler bir bir \u00e7\u0131k\u0131yordu ya da \u00f6yle oldu\u011funa inanmay\u0131 istiyordu baz\u0131lar\u0131. Sokakta alam\u00fcnit foto\u011fraf \u00e7eken Settar, kenti \u00e7alkalayan o d\u00f6rt g\u00fcnde, hesapta olmayan bir g\u00f6n\u00fcl hik\u00e2yesine savrulacak, hayat\u0131 boyunca ondan saklanan s\u0131rlar yuma\u011f\u0131n\u0131 \u00e7\u00f6zmek zorunda kalacakt\u0131. Bir insan\u0131n kendisi hakk\u0131nda bildi\u011fi en temel \u015feyler yanl\u0131\u015f olabilir mi?Peki b\u00f6yle bir durumda hat\u0131ralar\u0131n i\u00e7eri\u011fi de de\u011fi\u015fir mi? Settar\u2019\u0131n bir \u015feyleri de\u011fi\u015ftirecek zaman\u0131 var m\u0131yd\u0131? D\u00f6rt g\u00fcn sonraki mah\u015fere haz\u0131rlanan kent ahalisi ibadethaneleri ve meyhaneleri doldurmu\u015fken, s\u0131rlar\u0131 d\u00f6k\u00fclm\u00fc\u015f bir hayat\u0131 yeniden bi\u00e7imlendirmek m\u00fcmk\u00fcn m\u00fcyd\u00fc? \u0130stanbul tarihinde kaydedilmemi\u015f o d\u00f6rt g\u00fcnl\u00fck mah\u015ferin sars\u0131c\u0131 \u00f6yk\u00fcs\u00fcd\u00fcr K\u0131p\u0131rdam\u0131yoruz. Bir halk\u0131n ya\u015fad\u0131\u011f\u0131 alt\u00fcst olu\u015fun k\u0131y\u0131s\u0131nda kendi hayat\u0131na tutunmaya \u00e7al\u0131\u015fan karakterin \u00f6yk\u00fcs\u00fcd\u00fcr. A\u015fk\u0131n do\u011fas\u0131n\u0131 anlama \u00e7abas\u0131d\u0131r. A\u015fk\u0131n \u201cher \u015feye ra\u011fmen\u201d oldu\u011funun \u015fiiridir K\u0131p\u0131rdam\u0131yoruz.Foto\u011frafa d\u00f6n\u00fc\u015fen bir d\u00fcnyan\u0131n kuytular\u0131nda gezinerek onun gizemlerini \u00e7\u00f6zen saf bir \u00e7ocu\u011fun destans\u0131 hik\u00e2yesidir. Bu roman\u0131 okuduktan sonra k\u00f6t\u00fcl\u00fck ile iyili\u011fi yeniden tan\u0131mlamak zorunda kalacaks\u0131n\u0131z. K\u0131p\u0131rdam\u0131yoruz i\u00e7imizde k\u0131p\u0131rt\u0131s\u0131z kalan, suskun isyan\u0131n sesi olacak.<\/p>\n","protected":false},"excerpt":{"rendered":"<p>\u201cB\u00fcy\u00fcd\u00fcm.Zehirli bir \u0131rmakt\u0131 zaman. Bizi kendine, kendini suskunlu\u011fa s\u00fcr\u00fckledi.\u201dO yaz sonu kent k\u0131yamet s\u00f6ylentileriyle uyand\u0131 g\u00fcne. \u0130\u015faretler bir bir \u00e7\u0131k\u0131yordu ya da \u00f6yle oldu\u011funa inanmay\u0131 istiyordu<span class=\"excerpt-hellip\"> [\u2026]<\/span><\/p>\n","protected":false},"featured_media":0,"template":"","meta":{"_monsterinsights_skip_tracking":false,"_monsterinsights_sitenote_active":false,"_monsterinsights_sitenote_note":"","_monsterinsights_sitenote_category":0},"product_brand":[],"product_cat":[12291,12711],"product_tag":[],"class_list":{"0":"post-726524","1":"product","2":"type-product","3":"status-publish","5":"product_cat-edebiyat","6":"product_cat-roman-oyku","7":"pa_cilt-ciltsiz","8":"pa_tur-kitap","9":"pa_yayinevi-dogan-kitap","10":"pa_yazar-ismail-guzelsoy","12":"first","13":"instock","14":"sale","15":"shipping-taxable","16":"purchasable","17":"product-type-simple"},"_links":{"self":[{"href":"https:\/\/roveyayinevi.com.tr\/index.php\/wp-json\/wp\/v2\/product\/726524","targetHints":{"allow":["GET"]}}],"collection":[{"href":"https:\/\/roveyayinevi.com.tr\/index.php\/wp-json\/wp\/v2\/product"}],"about":[{"href":"https:\/\/roveyayinevi.com.tr\/index.php\/wp-json\/wp\/v2\/types\/product"}],"wp:attachment":[{"href":"https:\/\/roveyayinevi.com.tr\/index.php\/wp-json\/wp\/v2\/media?parent=726524"}],"wp:term":[{"taxonomy":"product_brand","embeddable":true,"href":"https:\/\/roveyayinevi.com.tr\/index.php\/wp-json\/wp\/v2\/product_brand?post=726524"},{"taxonomy":"product_cat","embeddable":true,"href":"https:\/\/roveyayinevi.com.tr\/index.php\/wp-json\/wp\/v2\/product_cat?post=726524"},{"taxonomy":"product_tag","embeddable":true,"href":"https:\/\/roveyayinevi.com.tr\/index.php\/wp-json\/wp\/v2\/product_tag?post=726524"}],"curies":[{"name":"wp","href":"https:\/\/api.w.org\/{rel}","templated":true}]}}