{"id":726522,"date":"2025-08-27T20:08:03","date_gmt":"2025-08-27T17:08:03","guid":{"rendered":"https:\/\/roveyayinevi.com.tr\/index.php\/urun\/carl-gustav-jung-disa-bakan-ruya-gorur-ice-bakan-uyanir\/"},"modified":"2026-04-16T02:34:09","modified_gmt":"2026-04-15T23:34:09","slug":"carl-gustav-jung-disa-bakan-ruya-gorur-ice-bakan-uyanir","status":"publish","type":"product","link":"https:\/\/roveyayinevi.com.tr\/index.php\/urun\/carl-gustav-jung-disa-bakan-ruya-gorur-ice-bakan-uyanir\/","title":{"rendered":"Carl Gustav Jung &#8211; D\u0131\u015fa Bakan R\u00fcya G\u00f6r\u00fcr, \u0130\u00e7e Bakan Uyan\u0131r"},"content":{"rendered":"<p>\u201cSiz bilin\u00e7d\u0131\u015f\u0131n\u0131zdakileri bilince d\u00f6n\u00fc\u015ft\u00fcrene kadar, onlar sizin hayat\u0131n\u0131z\u0131 y\u00f6nlendirecek ve siz ona kader diyeceksiniz.\u201d Psikanalizin en tart\u0131\u015fmal\u0131 ve belki de ilerleyen d\u00f6nemlerde daha fazla an\u0131lacak isimlerinden Carl Gustav Jung, 20. y\u00fczy\u0131l\u0131n en \u00f6nemli filozof-psikiyatrlar\u0131ndand\u0131r. O bir ruh\u00e7\u00f6z\u00fcmlemecisidir. Freud\u2019dan ayr\u0131ld\u0131ktan sonra kurdu\u011fu analitik psikoloji ekol\u00fcyle bir devrim yaratan Jung, g\u00fcn\u00fcm\u00fcz psikolojisinde de halen kullan\u0131lan psikolojik tipler, kolektif bilin\u00e7d\u0131\u015f\u0131, kompleksler ve \u00e7a\u011fr\u0131\u015f\u0131m testi gibi kavramlar\u0131n sahibidir. Jung hepimize bir bireyle\u015fme s\u00fcreci vaat eder, bunun rotas\u0131n\u0131 da insan\u0131n i\u00e7ine bakt\u0131\u011f\u0131 bir deneyim yolu olarak \u00e7izer. Deneyim yolu gereklidir \u00e7\u00fcnk\u00fc \u201ckendi i\u00e7ine bakmaya cesareti olmayan herkesin ya\u015fam\u0131 bulan\u0131kt\u0131r\u201d, dahas\u0131 bu bulan\u0131kl\u0131k d\u00fcnyay\u0131 da buland\u0131r\u0131r. \u00d6nyarg\u0131 ve kabullerinizden s\u0131yr\u0131lma vakti&#8230; Jung bizleri kendi mitimizle tan\u0131\u015faca\u011f\u0131m\u0131z bir yolculu\u011fa davet ediyor. Sembollerin, r\u00fcyalar\u0131n, arketiplerin ve mitlerin \u00e2lemine ho\u015f geldiniz&#8230; <\/p>\n","protected":false},"excerpt":{"rendered":"<p>\u201cSiz bilin\u00e7d\u0131\u015f\u0131n\u0131zdakileri bilince d\u00f6n\u00fc\u015ft\u00fcrene kadar, onlar sizin hayat\u0131n\u0131z\u0131 y\u00f6nlendirecek ve siz ona kader diyeceksiniz.\u201d Psikanalizin en tart\u0131\u015fmal\u0131 ve belki de ilerleyen d\u00f6nemlerde daha fazla an\u0131lacak isimlerinden<span class=\"excerpt-hellip\"> [\u2026]<\/span><\/p>\n","protected":false},"featured_media":0,"template":"","meta":{"_monsterinsights_skip_tracking":false,"_monsterinsights_sitenote_active":false,"_monsterinsights_sitenote_note":"","_monsterinsights_sitenote_category":0},"product_brand":[],"product_cat":[20351,12388],"product_tag":[],"class_list":{"0":"post-726522","1":"product","2":"type-product","3":"status-publish","5":"product_cat-dusunce","6":"product_cat-felsefe","7":"pa_cilt-ciltsiz","8":"pa_tur-kitap","9":"pa_yayinevi-destek-yayinlari","10":"pa_yazar-carl-gustav-jung","12":"first","13":"instock","14":"sale","15":"shipping-taxable","16":"purchasable","17":"product-type-simple"},"_links":{"self":[{"href":"https:\/\/roveyayinevi.com.tr\/index.php\/wp-json\/wp\/v2\/product\/726522","targetHints":{"allow":["GET"]}}],"collection":[{"href":"https:\/\/roveyayinevi.com.tr\/index.php\/wp-json\/wp\/v2\/product"}],"about":[{"href":"https:\/\/roveyayinevi.com.tr\/index.php\/wp-json\/wp\/v2\/types\/product"}],"wp:attachment":[{"href":"https:\/\/roveyayinevi.com.tr\/index.php\/wp-json\/wp\/v2\/media?parent=726522"}],"wp:term":[{"taxonomy":"product_brand","embeddable":true,"href":"https:\/\/roveyayinevi.com.tr\/index.php\/wp-json\/wp\/v2\/product_brand?post=726522"},{"taxonomy":"product_cat","embeddable":true,"href":"https:\/\/roveyayinevi.com.tr\/index.php\/wp-json\/wp\/v2\/product_cat?post=726522"},{"taxonomy":"product_tag","embeddable":true,"href":"https:\/\/roveyayinevi.com.tr\/index.php\/wp-json\/wp\/v2\/product_tag?post=726522"}],"curies":[{"name":"wp","href":"https:\/\/api.w.org\/{rel}","templated":true}]}}