{"id":726521,"date":"2025-08-27T20:08:03","date_gmt":"2025-08-27T17:08:03","guid":{"rendered":"https:\/\/roveyayinevi.com.tr\/index.php\/urun\/daha-gelmedik-mi\/"},"modified":"2026-04-16T02:34:09","modified_gmt":"2026-04-15T23:34:09","slug":"daha-gelmedik-mi","status":"publish","type":"product","link":"https:\/\/roveyayinevi.com.tr\/index.php\/urun\/daha-gelmedik-mi\/","title":{"rendered":"Daha Gelmedik Mi?"},"content":{"rendered":"<p>Dahagelmedik miii? Nekadaryolumuzkald\u0131\u0131\u0131? \u00c7oks\u0131k\u0131ld\u0131\u0131\u0131m!! Tatilba\u015flad\u0131! Jim vebabas\u0131denizegidiyor. K\u00fc\u00e7\u00fck Jim i\u00e7inyol hem uzun hem s\u0131k\u0131c\u0131. Babas\u0131birmasalanlatsayoldaha\u00e7abukbiterbelki\u2026 Meselabirke\u00e7iilebirkaz da denizegitmekistese? \u00c7okmuzor? Neyse ki Jim\u2019in hayal d\u00fcnyas\u0131 ke\u00e7i ile kaz\u0131 denize ula\u015ft\u0131rman\u0131nbir yolunu bulacak kadar zengin!<\/p>\n","protected":false},"excerpt":{"rendered":"<p>Dahagelmedik miii? Nekadaryolumuzkald\u0131\u0131\u0131? \u00c7oks\u0131k\u0131ld\u0131\u0131\u0131m!! Tatilba\u015flad\u0131! Jim vebabas\u0131denizegidiyor. K\u00fc\u00e7\u00fck Jim i\u00e7inyol hem uzun hem s\u0131k\u0131c\u0131. Babas\u0131birmasalanlatsayoldaha\u00e7abukbiterbelki\u2026 Meselabirke\u00e7iilebirkaz da denizegitmekistese? \u00c7okmuzor? Neyse ki Jim\u2019in hayal d\u00fcnyas\u0131 ke\u00e7i ile<span class=\"excerpt-hellip\"> [\u2026]<\/span><\/p>\n","protected":false},"featured_media":0,"template":"","meta":{"_monsterinsights_skip_tracking":false,"_monsterinsights_sitenote_active":false,"_monsterinsights_sitenote_note":"","_monsterinsights_sitenote_category":0},"product_brand":[],"product_cat":[12913,12274],"product_tag":[],"class_list":{"0":"post-726521","1":"product","2":"type-product","3":"status-publish","5":"product_cat-3-6-yas-kitaplari","6":"product_cat-cocuk-ve-genclik-kitaplari","7":"pa_cilt-ciltsiz","8":"pa_tur-kitap","9":"pa_yayinevi-kuraldisi-yayinevi","10":"pa_yazar-petra-postert","12":"first","13":"instock","14":"sale","15":"shipping-taxable","16":"purchasable","17":"product-type-simple"},"_links":{"self":[{"href":"https:\/\/roveyayinevi.com.tr\/index.php\/wp-json\/wp\/v2\/product\/726521","targetHints":{"allow":["GET"]}}],"collection":[{"href":"https:\/\/roveyayinevi.com.tr\/index.php\/wp-json\/wp\/v2\/product"}],"about":[{"href":"https:\/\/roveyayinevi.com.tr\/index.php\/wp-json\/wp\/v2\/types\/product"}],"wp:attachment":[{"href":"https:\/\/roveyayinevi.com.tr\/index.php\/wp-json\/wp\/v2\/media?parent=726521"}],"wp:term":[{"taxonomy":"product_brand","embeddable":true,"href":"https:\/\/roveyayinevi.com.tr\/index.php\/wp-json\/wp\/v2\/product_brand?post=726521"},{"taxonomy":"product_cat","embeddable":true,"href":"https:\/\/roveyayinevi.com.tr\/index.php\/wp-json\/wp\/v2\/product_cat?post=726521"},{"taxonomy":"product_tag","embeddable":true,"href":"https:\/\/roveyayinevi.com.tr\/index.php\/wp-json\/wp\/v2\/product_tag?post=726521"}],"curies":[{"name":"wp","href":"https:\/\/api.w.org\/{rel}","templated":true}]}}