{"id":726520,"date":"2025-08-27T20:08:02","date_gmt":"2025-08-27T17:08:02","guid":{"rendered":"https:\/\/roveyayinevi.com.tr\/index.php\/urun\/pisi-pisi-pasa\/"},"modified":"2026-04-16T02:34:09","modified_gmt":"2026-04-15T23:34:09","slug":"pisi-pisi-pasa","status":"publish","type":"product","link":"https:\/\/roveyayinevi.com.tr\/index.php\/urun\/pisi-pisi-pasa\/","title":{"rendered":"Pisi Pisi Pa\u015fa"},"content":{"rendered":"<p>Ger\u00e7ek cesaret c\u00fcssede de\u011fil, y\u00fcrektedir! Mustafa Kemal Y\u0131lmaz&#8217;\u0131n yaz\u0131p Emre Karacan&#8217;\u0131n resimledi\u011fi Pisi Pisi Pa\u015fa, orman\u0131n en korkusuzu ve g\u00fc\u00e7l\u00fcs\u00fc olarak bilinen Aslan Kral&#8217;a dahi \u015fapka \u00e7\u0131kartmay\u0131 ba\u015faran vakur ve ma\u011frur bir kedinin, tesad\u00fcf\u00ee olmayan zaferini ele al\u0131yor.   T\u00fcrk\u00e7enin folklor miras\u0131ndan beslenen bu k\u0131sa ama derin \u00f6yk\u00fc, N\u00e2z\u0131m Hikmet Ran&#8217;\u0131n kaleme ald\u0131\u011f\u0131 masallardan birinde, Pisi Pisi Pa\u015fa ad\u0131yla an\u0131lan &#8220;hik\u00e2yesiz&#8221; bir kedici\u011fe daha \u00f6nce hi\u00e7 anlat\u0131lmam\u0131\u015f bir hik\u00e2ye arma\u011fan ediyor.  Tekerlemeler ve kafiyeli tekrarlarla ahenkli bir okuma sunan Pisi Pisi Pa\u015fa, cesaret olgusu \u00fczerine d\u00fc\u015f\u00fcnd\u00fcr\u00fcrken, &#8220;ordu&#8221;, &#8220;zafer&#8221;, &#8220;unvan&#8221; gibi \u015fatafatl\u0131 kavramlara da soru i\u015fareti koyuyor. Manda yuva yapm\u0131\u015f s\u00f6\u011f\u00fct dal\u0131na, yavrusunu sinek kapm\u0131\u015f g\u00f6rd\u00fcn\u00fcz m\u00fc?   G\u00fcnlerden bir g\u00fcn, Manda Ana s\u00fczg\u00fcn, b\u00f6cekten y\u0131lg\u0131n, s\u0131caktan bayg\u0131n bir \u015fekilde uyuyakald\u0131\u011f\u0131 s\u0131rada; yavrusu \u00e7ocuk ba\u015f\u0131na kar\u015f\u0131 da\u011f\u0131n ka\u015f\u0131na \u00e7\u0131kar. \u0130\u015fte tam da o anda bir cibin, yani sinek, yani V\u0131z V\u0131z, yani Koncolos Karas\u0131, kap\u0131verir o &#8220;masum&#8221; yavruyu ka\u015fla g\u00f6z aras\u0131! Vah ki ne vah! Felaket! Facia! Yard\u0131m diye inler durur Manda Ana. Bakal\u0131m, elli iki hayvan t\u00fcr\u00fcne kucak a\u00e7an koskoca \u00e7ay\u0131rda, ilk \u00f6nce kim ses verecek bu imdat \u00e7\u0131\u011fl\u0131\u011f\u0131na? Bilge Bayku\u015f mu, \u015ea\u015fk\u0131n Baklan m\u0131, Krali\u00e7e Kaplan m\u0131? Yoksa hi\u00e7 umulmad\u0131k bir ba\u015fka kahraman m\u0131? K\u0131vrak zek\u00e2s\u0131 sayesinde c\u00fcssesinden ve heybetinden imtina edilen nice hayvan\u0131 cesurlukta geride b\u0131rakmay\u0131 ba\u015faran Pisi Pisi Pa\u015fa&#8217;n\u0131n nas\u0131l da mangal y\u00fcrekli bir kahramana d\u00f6n\u00fc\u015ft\u00fc\u011f\u00fcn\u00fc anlatan bu \u015fiir tad\u0131ndaki \u00f6yk\u00fc; okuruna ters k\u00f6\u015fe yaparak, ger\u00e7ekte hi\u00e7bir \u015feyin g\u00f6r\u00fcnd\u00fc\u011f\u00fc gibi olmad\u0131\u011f\u0131n\u0131 hat\u0131rlat\u0131yor.<\/p>\n","protected":false},"excerpt":{"rendered":"<p>Ger\u00e7ek cesaret c\u00fcssede de\u011fil, y\u00fcrektedir! Mustafa Kemal Y\u0131lmaz&#8217;\u0131n yaz\u0131p Emre Karacan&#8217;\u0131n resimledi\u011fi Pisi Pisi Pa\u015fa, orman\u0131n en korkusuzu ve g\u00fc\u00e7l\u00fcs\u00fc olarak bilinen Aslan Kral&#8217;a dahi \u015fapka<span class=\"excerpt-hellip\"> [\u2026]<\/span><\/p>\n","protected":false},"featured_media":0,"template":"","meta":{"_monsterinsights_skip_tracking":false,"_monsterinsights_sitenote_active":false,"_monsterinsights_sitenote_note":"","_monsterinsights_sitenote_category":0},"product_brand":[],"product_cat":[12275,12274],"product_tag":[],"class_list":{"0":"post-726520","1":"product","2":"type-product","3":"status-publish","5":"product_cat-6-12-yas-kitaplari","6":"product_cat-cocuk-ve-genclik-kitaplari","7":"pa_cilt-ciltsiz","8":"pa_tur-kitap","9":"pa_yayinevi-tudem-yayinlari","10":"pa_yazar-mustafa-kemal-yilmaz","12":"first","13":"instock","14":"sale","15":"shipping-taxable","16":"purchasable","17":"product-type-simple"},"_links":{"self":[{"href":"https:\/\/roveyayinevi.com.tr\/index.php\/wp-json\/wp\/v2\/product\/726520","targetHints":{"allow":["GET"]}}],"collection":[{"href":"https:\/\/roveyayinevi.com.tr\/index.php\/wp-json\/wp\/v2\/product"}],"about":[{"href":"https:\/\/roveyayinevi.com.tr\/index.php\/wp-json\/wp\/v2\/types\/product"}],"wp:attachment":[{"href":"https:\/\/roveyayinevi.com.tr\/index.php\/wp-json\/wp\/v2\/media?parent=726520"}],"wp:term":[{"taxonomy":"product_brand","embeddable":true,"href":"https:\/\/roveyayinevi.com.tr\/index.php\/wp-json\/wp\/v2\/product_brand?post=726520"},{"taxonomy":"product_cat","embeddable":true,"href":"https:\/\/roveyayinevi.com.tr\/index.php\/wp-json\/wp\/v2\/product_cat?post=726520"},{"taxonomy":"product_tag","embeddable":true,"href":"https:\/\/roveyayinevi.com.tr\/index.php\/wp-json\/wp\/v2\/product_tag?post=726520"}],"curies":[{"name":"wp","href":"https:\/\/api.w.org\/{rel}","templated":true}]}}