{"id":726518,"date":"2025-08-27T20:08:00","date_gmt":"2025-08-27T17:08:00","guid":{"rendered":"https:\/\/roveyayinevi.com.tr\/index.php\/urun\/en-uzun-yollar-tek-adimla-baslar\/"},"modified":"2026-04-03T02:41:37","modified_gmt":"2026-04-02T23:41:37","slug":"en-uzun-yollar-tek-adimla-baslar","status":"publish","type":"product","link":"https:\/\/roveyayinevi.com.tr\/index.php\/urun\/en-uzun-yollar-tek-adimla-baslar\/","title":{"rendered":"En Uzun Yollar Tek Ad\u0131mla Ba\u015flar"},"content":{"rendered":"<p>Neden buradas\u0131n\u0131z? Yap\u0131lacak onca i\u015fin aras\u0131nda, okunacak ba\u015fka bir s\u00fcr\u00fc kitap aras\u0131nda neden bu kitab\u0131 se\u00e7mi\u015f olabilirsiniz? Kendinize bunu sorarak ba\u015flamaya ne dersiniz? Sizi \u00e7eken bir \u015fey var. \u00d6nce siz, bu kar\u015f\u0131la\u015fma an\u0131n\u0131 not edin. Bu bir ba\u015flang\u0131\u00e7.  Hedefler niyetle ba\u015flar. Bu kitapla birlikte bir seyahate \u00e7\u0131kt\u0131\u011f\u0131n\u0131z\u0131 d\u00fc\u015f\u00fcn\u00fcn. Ama bu, size hi\u00e7bir seyahat \u015firketinin sunmad\u0131\u011f\u0131, kendi i\u00e7inize do\u011fru yolculuk olsun\u2026 Bu bir fark\u2019andal\u0131k (mindfulness) yolculu\u011fu\u2026 Bu seyahate ba\u015flamadan \u00f6nce de niyet edin.  <\/p>\n","protected":false},"excerpt":{"rendered":"<p>Neden buradas\u0131n\u0131z? Yap\u0131lacak onca i\u015fin aras\u0131nda, okunacak ba\u015fka bir s\u00fcr\u00fc kitap aras\u0131nda neden bu kitab\u0131 se\u00e7mi\u015f olabilirsiniz? Kendinize bunu sorarak ba\u015flamaya ne dersiniz? Sizi \u00e7eken bir<span class=\"excerpt-hellip\"> [\u2026]<\/span><\/p>\n","protected":false},"featured_media":0,"template":"","meta":{"_monsterinsights_skip_tracking":false,"_monsterinsights_sitenote_active":false,"_monsterinsights_sitenote_note":"","_monsterinsights_sitenote_category":0},"product_brand":[],"product_cat":[12364,12376],"product_tag":[],"class_list":{"0":"post-726518","1":"product","2":"type-product","3":"status-publish","5":"product_cat-genel-konular","6":"product_cat-kisisel-gelisim","7":"pa_cilt-ciltsiz","8":"pa_tur-kitap","9":"pa_yayinevi-inkilap-kitabevi","10":"pa_yazar-bilge-uzun","12":"first","13":"instock","14":"sale","15":"shipping-taxable","16":"purchasable","17":"product-type-simple"},"_links":{"self":[{"href":"https:\/\/roveyayinevi.com.tr\/index.php\/wp-json\/wp\/v2\/product\/726518","targetHints":{"allow":["GET"]}}],"collection":[{"href":"https:\/\/roveyayinevi.com.tr\/index.php\/wp-json\/wp\/v2\/product"}],"about":[{"href":"https:\/\/roveyayinevi.com.tr\/index.php\/wp-json\/wp\/v2\/types\/product"}],"wp:attachment":[{"href":"https:\/\/roveyayinevi.com.tr\/index.php\/wp-json\/wp\/v2\/media?parent=726518"}],"wp:term":[{"taxonomy":"product_brand","embeddable":true,"href":"https:\/\/roveyayinevi.com.tr\/index.php\/wp-json\/wp\/v2\/product_brand?post=726518"},{"taxonomy":"product_cat","embeddable":true,"href":"https:\/\/roveyayinevi.com.tr\/index.php\/wp-json\/wp\/v2\/product_cat?post=726518"},{"taxonomy":"product_tag","embeddable":true,"href":"https:\/\/roveyayinevi.com.tr\/index.php\/wp-json\/wp\/v2\/product_tag?post=726518"}],"curies":[{"name":"wp","href":"https:\/\/api.w.org\/{rel}","templated":true}]}}