{"id":726517,"date":"2025-08-27T20:08:00","date_gmt":"2025-08-27T17:08:00","guid":{"rendered":"https:\/\/roveyayinevi.com.tr\/index.php\/urun\/uluslararasi-ogrencilerin-sosyo-ekonomik-ve-kulturel-sorunlari\/"},"modified":"2026-04-16T02:34:09","modified_gmt":"2026-04-15T23:34:09","slug":"uluslararasi-ogrencilerin-sosyo-ekonomik-ve-kulturel-sorunlari","status":"publish","type":"product","link":"https:\/\/roveyayinevi.com.tr\/index.php\/urun\/uluslararasi-ogrencilerin-sosyo-ekonomik-ve-kulturel-sorunlari\/","title":{"rendered":"Uluslararas\u0131 \u00d6\u011frencilerin Sosyo Ekonomik Ve K\u00fclt\u00fcrel Sorunlar\u0131"},"content":{"rendered":"<p>\u00dclke kalk\u0131nmas\u0131nda e\u011fitimin \u00f6nemli bir fakt\u00f6r olu\u015fu nedeniyle her toplum \u00f6zellikle gen\u00e7 bireylerine daha nitelikli e\u011fitim imk\u00e2n\u0131 sunman\u0131n yolar\u0131n\u0131 aramak durumundad\u0131rlar.Bununla birlikte farkl\u0131 nedenlerden \u00f6t\u00fcr\u00fc kendi \u00fclkelerinde nitelikli e\u011fitime ula\u015famayan gen\u00e7ler, daha iyi e\u011fitim imk\u00e2nlar\u0131na eri\u015fmek i\u00e7in ba\u015fka \u00fclkelere gitmeyi tercih etmektedirler. Gittikleri \u00fclkeler a\u00e7\u0131s\u0131ndan bu durum bir nevi geli\u015fmi\u015fli\u011fin \u00f6l\u00e7\u00fct\u00fc olarak g\u00f6r\u00fclmektedir. Bu ara\u015ft\u0131rma b\u00f6yle bir gereklilikle ili\u015fkili olarak genelde T\u00fcrkiye\u2019nin, \u00f6zelde de Manisa Celal Bayar \u00dcniversitesinin uluslararas\u0131 \u00f6\u011frenci potansiyelini geni\u015fletmesine katk\u0131 sa\u011flama \u00e7abas\u0131ndan do\u011fmu\u015ftur. <\/p>\n","protected":false},"excerpt":{"rendered":"<p>\u00dclke kalk\u0131nmas\u0131nda e\u011fitimin \u00f6nemli bir fakt\u00f6r olu\u015fu nedeniyle her toplum \u00f6zellikle gen\u00e7 bireylerine daha nitelikli e\u011fitim imk\u00e2n\u0131 sunman\u0131n yolar\u0131n\u0131 aramak durumundad\u0131rlar.Bununla birlikte farkl\u0131 nedenlerden \u00f6t\u00fcr\u00fc kendi<span class=\"excerpt-hellip\"> [\u2026]<\/span><\/p>\n","protected":false},"featured_media":0,"template":"","meta":{"_monsterinsights_skip_tracking":false,"_monsterinsights_sitenote_active":false,"_monsterinsights_sitenote_note":"","_monsterinsights_sitenote_category":0},"product_brand":[],"product_cat":[12835,12324],"product_tag":[],"class_list":{"0":"post-726517","1":"product","2":"type-product","3":"status-publish","5":"product_cat-genel-sosyoloji","6":"product_cat-sosyoloji","7":"pa_cilt-ciltsiz","8":"pa_tur-kitap","9":"pa_yayinevi-astana-yayinlari","10":"pa_yazar-astana-yayinlari-kolektif","12":"first","13":"instock","14":"sale","15":"shipping-taxable","16":"purchasable","17":"product-type-simple"},"_links":{"self":[{"href":"https:\/\/roveyayinevi.com.tr\/index.php\/wp-json\/wp\/v2\/product\/726517","targetHints":{"allow":["GET"]}}],"collection":[{"href":"https:\/\/roveyayinevi.com.tr\/index.php\/wp-json\/wp\/v2\/product"}],"about":[{"href":"https:\/\/roveyayinevi.com.tr\/index.php\/wp-json\/wp\/v2\/types\/product"}],"wp:attachment":[{"href":"https:\/\/roveyayinevi.com.tr\/index.php\/wp-json\/wp\/v2\/media?parent=726517"}],"wp:term":[{"taxonomy":"product_brand","embeddable":true,"href":"https:\/\/roveyayinevi.com.tr\/index.php\/wp-json\/wp\/v2\/product_brand?post=726517"},{"taxonomy":"product_cat","embeddable":true,"href":"https:\/\/roveyayinevi.com.tr\/index.php\/wp-json\/wp\/v2\/product_cat?post=726517"},{"taxonomy":"product_tag","embeddable":true,"href":"https:\/\/roveyayinevi.com.tr\/index.php\/wp-json\/wp\/v2\/product_tag?post=726517"}],"curies":[{"name":"wp","href":"https:\/\/api.w.org\/{rel}","templated":true}]}}