{"id":726516,"date":"2025-08-27T20:07:59","date_gmt":"2025-08-27T17:07:59","guid":{"rendered":"https:\/\/roveyayinevi.com.tr\/index.php\/urun\/ikinci-kiyamet\/"},"modified":"2026-04-16T02:34:09","modified_gmt":"2026-04-15T23:34:09","slug":"ikinci-kiyamet","status":"publish","type":"product","link":"https:\/\/roveyayinevi.com.tr\/index.php\/urun\/ikinci-kiyamet\/","title":{"rendered":"\u0130kinci K\u0131yamet"},"content":{"rendered":"<p>Bu\u011fra G\u00fclsoy, Birinci K\u0131yamet\u2019in devam\u0131 olan, serinin son kitab\u0131 \u0130kinci K\u0131yamet\u2019te okurlar\u0131n\u0131 s\u00fcr\u00fckleyici bir yolculu\u011fa daha \u00e7\u0131kar\u0131yor. Ya\u015fanm\u0131\u015f ak\u0131l almaz bir hik\u00e2yeden esinlenen roman, a\u015fk\u0131n ve sava\u015f\u0131n tan\u0131kl\u0131\u011f\u0131nda t\u00fcm zamanlar\u0131n i\u00e7inde ge\u00e7iyor.  Birinci K\u0131yamet, Poe\u2019nun \u201cEn korkun\u00e7 canavarlar, ruhlar\u0131m\u0131zda gizlenenlerdir\u201d c\u00fcmlesiyle ba\u015fl\u0131yordu. \u0130kinci K\u0131yamet ise yine Poe\u2019nun \u201cBir taht in\u015fa etmi\u015f \u00f6l\u00fcm, uzak bat\u0131da yaln\u0131z bir \u015fehirde\u201d  c\u00fcmlesiyle devam ediyor.  Roman, boks\u00f6r Sabri Mahir\u2019in hi\u00e7 bilinmeyen hik\u00e2yesinin detaylar\u0131n\u0131 duygu y\u00fckl\u00fc bir dille anlat\u0131yor. T\u00fcrkiye\u2019den gitmek zorunda kalan ve t\u00fcm d\u00fcnyan\u0131n k\u0131y\u0131s\u0131nda a\u00e7, sefil dola\u015fan Sabri\u2019nin tek hayali \u0130stanbul\u2019da b\u0131rakt\u0131\u011f\u0131 Pera\u2019s\u0131na, vatan\u0131na kavu\u015fmakt\u0131r. Gitti\u011fi her \u00fclkede yeni bir k\u0131yametle tan\u0131\u015f\u0131r, her k\u0131yamet onu a\u015fk\u0131na yakla\u015ft\u0131racak birer ipucudur.  Tevfik Fikret\u2019ten Sakall\u0131 Celal\u2019e, Marlene Dietrich\u2019den Bertolt Brecht\u2019e, Osmanl\u0131\u2019dan Hitler Almanyas\u0131\u2019na kadar t\u00fcm zamanlar\u0131n i\u00e7inden ge\u00e7en Sabri Mahir \u0130kinci K\u0131yamet\u2019te, ak\u0131l almaz ser\u00fcvenine, \u201cG\u00fcne\u015fin Do\u011fdu\u011fu Yer\u201de, Pera\u2019s\u0131na seslenerek devam ediyor: \u201cBu sana son mektubum\u2026 Geliyorum\u2026  D\u00f6n\u00fcyorum sana, yuvama, ger\u00e7e\u011fime. \u0130\u00e7i bizimle dolu bir gelecek olamaz art\u0131k biliyorum. Tek bildi\u011fim son bir kez daha bakabilmek g\u00f6zlerine, y\u00fcz\u00fcne bakabilecek cesareti kendimde bulabilirsem e\u011fer\u2026\u201d <\/p>\n","protected":false},"excerpt":{"rendered":"<p>Bu\u011fra G\u00fclsoy, Birinci K\u0131yamet\u2019in devam\u0131 olan, serinin son kitab\u0131 \u0130kinci K\u0131yamet\u2019te okurlar\u0131n\u0131 s\u00fcr\u00fckleyici bir yolculu\u011fa daha \u00e7\u0131kar\u0131yor. Ya\u015fanm\u0131\u015f ak\u0131l almaz bir hik\u00e2yeden esinlenen roman, a\u015fk\u0131n ve<span class=\"excerpt-hellip\"> [\u2026]<\/span><\/p>\n","protected":false},"featured_media":0,"template":"","meta":{"_monsterinsights_skip_tracking":false,"_monsterinsights_sitenote_active":false,"_monsterinsights_sitenote_note":"","_monsterinsights_sitenote_category":0},"product_brand":[],"product_cat":[16789,12718,12719],"product_tag":[],"class_list":{"0":"post-726516","1":"product","2":"type-product","3":"status-publish","5":"product_cat-diger-islam","6":"product_cat-din","7":"product_cat-islam","8":"pa_cilt-ciltsiz","9":"pa_tur-kitap","10":"pa_yayinevi-inkilap-kitabevi","11":"pa_yazar-bugra-gulsoy","13":"first","14":"instock","15":"sale","16":"shipping-taxable","17":"purchasable","18":"product-type-simple"},"_links":{"self":[{"href":"https:\/\/roveyayinevi.com.tr\/index.php\/wp-json\/wp\/v2\/product\/726516","targetHints":{"allow":["GET"]}}],"collection":[{"href":"https:\/\/roveyayinevi.com.tr\/index.php\/wp-json\/wp\/v2\/product"}],"about":[{"href":"https:\/\/roveyayinevi.com.tr\/index.php\/wp-json\/wp\/v2\/types\/product"}],"wp:attachment":[{"href":"https:\/\/roveyayinevi.com.tr\/index.php\/wp-json\/wp\/v2\/media?parent=726516"}],"wp:term":[{"taxonomy":"product_brand","embeddable":true,"href":"https:\/\/roveyayinevi.com.tr\/index.php\/wp-json\/wp\/v2\/product_brand?post=726516"},{"taxonomy":"product_cat","embeddable":true,"href":"https:\/\/roveyayinevi.com.tr\/index.php\/wp-json\/wp\/v2\/product_cat?post=726516"},{"taxonomy":"product_tag","embeddable":true,"href":"https:\/\/roveyayinevi.com.tr\/index.php\/wp-json\/wp\/v2\/product_tag?post=726516"}],"curies":[{"name":"wp","href":"https:\/\/api.w.org\/{rel}","templated":true}]}}