{"id":726515,"date":"2025-08-27T20:07:58","date_gmt":"2025-08-27T17:07:58","guid":{"rendered":"https:\/\/roveyayinevi.com.tr\/index.php\/urun\/karsilastirmali-siyaset-ve-yonetim-sistemleri\/"},"modified":"2025-10-06T06:02:32","modified_gmt":"2025-10-06T03:02:32","slug":"karsilastirmali-siyaset-ve-yonetim-sistemleri","status":"publish","type":"product","link":"https:\/\/roveyayinevi.com.tr\/index.php\/urun\/karsilastirmali-siyaset-ve-yonetim-sistemleri\/","title":{"rendered":"Kar\u015f\u0131la\u015ft\u0131rmal\u0131 Siyaset ve Y\u00f6netim Sistemleri"},"content":{"rendered":"<p>\u0130nceleme \u00f6rne\u011fi olarak 11 \u00f6nemli \u00fclkeyi ele alan bu kitap, d\u00fcnyan\u0131n d\u00f6rt bir yan\u0131ndaki siyasal sistemler aras\u0131ndaki temel farkl\u0131l\u0131klara \u0131\u015f\u0131k tutmak suretiyle kar\u015f\u0131la\u015ft\u0131rmal\u0131 siyaset disiplinine hayat vermektedir. \u00dcnl\u00fc ders kitaplar\u0131 yazar\u0131 John McCormick taraf\u0131ndan yaz\u0131lan kitap, kar\u015f\u0131la\u015ft\u0131rmal\u0131 siyaset ve siyasal sistemlerin do\u011fas\u0131na ili\u015fkin arka plan bilgisi sunan iki b\u00f6l\u00fcmle ba\u015flamaktad\u0131r. Ard\u0131ndan incelenen \u00f6rnek \u00fclkeler de, gerek siyasal sistem t\u00fcr\u00fc \u00e7e\u015fitlili\u011fini ve farkl\u0131 siyasal geli\u015fme d\u00fczeylerini gerekse co\u011frafi ve k\u00fclt\u00fcrel \u00e7e\u015fitlili\u011fi yans\u0131tacak \u015fekilde se\u00e7ilmi\u015ftir. Siyasal sistemleri ayr\u0131nt\u0131l\u0131 bir \u015fekilde incelenen \u00fclkeler \u015funlard\u0131r: Birle\u015fik Krall\u0131k, Almanya, Amerika Birle\u015fik Devletleri, Japonya, Fransa, Hindistan, Meksika, Nijerya, Rusya, \u00c7in ve \u0130ran. \u00dclke profilleri, her bir \u00fclkenin siyasal sistemini, temel ekonomik verilerini ve demokrasi derecesini \u00f6zetlemektedir. Kitab\u0131n b\u00f6l\u00fcmleri; farkl\u0131 \u00fclkeler ba\u011flam\u0131nda siyasal k\u00fclt\u00fcr\u00fc, y\u00f6netim sistemlerini ve siyasal s\u00fcre\u00e7leri mukayese etmektedir. Foto\u011fraflar, \u015fekiller, tablolar ve haritalar\u0131n kitaba b\u00fcy\u00fck bir zenginlik ve \u00f6\u011fretici boyut katmaktad\u0131r. Elinizdeki kitap; Kar\u015f\u0131la\u015ft\u0131rmal\u0131 Siyaset, Y\u00f6netim Sistemleri, Siyasete Giri\u015f ve Siyaset Bilimi gibi alanlarda gerek lisans gerekse lisans\u00fcst\u00fc \u00f6\u011frencileri i\u00e7in ideal bir ders kitab\u0131 niteli\u011fi ta\u015f\u0131maktad\u0131r. <\/p>\n","protected":false},"excerpt":{"rendered":"<p>\u0130nceleme \u00f6rne\u011fi olarak 11 \u00f6nemli \u00fclkeyi ele alan bu kitap, d\u00fcnyan\u0131n d\u00f6rt bir yan\u0131ndaki siyasal sistemler aras\u0131ndaki temel farkl\u0131l\u0131klara \u0131\u015f\u0131k tutmak suretiyle kar\u015f\u0131la\u015ft\u0131rmal\u0131 siyaset disiplinine hayat<span class=\"excerpt-hellip\"> [\u2026]<\/span><\/p>\n","protected":false},"featured_media":0,"template":"","meta":{"_monsterinsights_skip_tracking":false,"_monsterinsights_sitenote_active":false,"_monsterinsights_sitenote_note":"","_monsterinsights_sitenote_category":0},"product_brand":[],"product_cat":[12337,14706],"product_tag":[],"class_list":{"0":"post-726515","1":"product","2":"type-product","3":"status-publish","5":"product_cat-politika-siyaset","6":"product_cat-siyaset-bilimi","7":"pa_cilt-ciltsiz","8":"pa_tur-kitap","9":"pa_yayinevi-felix-kitap","10":"pa_yazar-john-mccormick","12":"first","13":"instock","14":"sale","15":"shipping-taxable","16":"purchasable","17":"product-type-simple"},"_links":{"self":[{"href":"https:\/\/roveyayinevi.com.tr\/index.php\/wp-json\/wp\/v2\/product\/726515","targetHints":{"allow":["GET"]}}],"collection":[{"href":"https:\/\/roveyayinevi.com.tr\/index.php\/wp-json\/wp\/v2\/product"}],"about":[{"href":"https:\/\/roveyayinevi.com.tr\/index.php\/wp-json\/wp\/v2\/types\/product"}],"wp:attachment":[{"href":"https:\/\/roveyayinevi.com.tr\/index.php\/wp-json\/wp\/v2\/media?parent=726515"}],"wp:term":[{"taxonomy":"product_brand","embeddable":true,"href":"https:\/\/roveyayinevi.com.tr\/index.php\/wp-json\/wp\/v2\/product_brand?post=726515"},{"taxonomy":"product_cat","embeddable":true,"href":"https:\/\/roveyayinevi.com.tr\/index.php\/wp-json\/wp\/v2\/product_cat?post=726515"},{"taxonomy":"product_tag","embeddable":true,"href":"https:\/\/roveyayinevi.com.tr\/index.php\/wp-json\/wp\/v2\/product_tag?post=726515"}],"curies":[{"name":"wp","href":"https:\/\/api.w.org\/{rel}","templated":true}]}}