{"id":726514,"date":"2025-08-27T20:07:58","date_gmt":"2025-08-27T17:07:58","guid":{"rendered":"https:\/\/roveyayinevi.com.tr\/index.php\/urun\/gonul-arayisi\/"},"modified":"2026-04-05T02:41:47","modified_gmt":"2026-04-04T23:41:47","slug":"gonul-arayisi","status":"publish","type":"product","link":"https:\/\/roveyayinevi.com.tr\/index.php\/urun\/gonul-arayisi\/","title":{"rendered":"G\u00f6n\u00fcl Aray\u0131\u015f\u0131"},"content":{"rendered":"<p>Her insan\u0131n g\u00f6nl\u00fcne denk d\u00fc\u015fen sevgili kalbe kavu\u015funcaya kadar ge\u00e7en tuzakl\u0131 yolculu\u011funu ba\u015far\u0131yla y\u00f6netme sanat\u0131n\u0131 anlat\u0131yor G\u00f6n\u00fcl Aray\u0131\u015f\u0131\u2026 Baz\u0131lar\u0131; erken tacizler, ilgisiz aile, yanl\u0131\u015f y\u00f6nlendirme veya zararl\u0131 arkada\u015f y\u00fcz\u00fcnden cinsel kimli\u011fini ba\u015far\u0131yla kavray\u0131p geli\u015ftiremiyor. Baz\u0131lar\u0131 da kalbini y\u0131llarca ac\u0131tacak onur incitici ili\u015fkilere d\u00fc\u015f\u00fcyor veya se\u00e7ti\u011fi yanl\u0131\u015f ki\u015finin pen\u00e7esinde inim inim inliyor. Kad\u0131n ve erkek, \u00f6z\u00fc tek olan bir nefsin yar\u0131ya b\u00f6l\u00fcnm\u00fc\u015f h\u00e2lidir. Y\u00fcce Yaradan, hayat\u0131 ve huzuru, bu iki g\u00f6nl\u00fcn nik\u00e2hl\u0131 birlikteli\u011fine ba\u011flam\u0131\u015ft\u0131r.  Bu y\u00fczden, olgunla\u015fan insan\u0131n en b\u00fcy\u00fck d\u00fcnyevi ihtiyac\u0131, kalbini kar\u015f\u0131layan hay\u0131rl\u0131 bir kalple birlikte ya\u015famas\u0131d\u0131r. Cinsiyet ve cinsellik bilinci nas\u0131l geli\u015fiyor veya nas\u0131l sap\u0131yor? A\u015fk nedir? Evlilik \u00f6ncesi ili\u015fkilerin tehlikeleri nelerdir? Hay\u0131rl\u0131 e\u015fi yolumuza \u00e7\u0131karan manevi sebepler nelerdir? Evlili\u011fin ya\u015f\u0131 ve \u015fartlar\u0131 nelerdir? Kimin hay\u0131rl\u0131 e\u015f olabilece\u011fi ve dengesiz ki\u015filikler nas\u0131l test edilebilir? Evlilik korkusu, aday\u0131na \u0131s\u0131namama, ret veya terk edilme sorunlar\u0131 nas\u0131l a\u015f\u0131l\u0131r? Hangi evlilikler haram veya ge\u00e7ersizdir? E\u015f aday\u0131n\u0131n sahtek\u00e2r, sorumsuz, uyumsuz, paranoyak olabilece\u011fi veya aksine ki\u015filik ve sorumluluk kazand\u0131\u011f\u0131 nas\u0131l anla\u015f\u0131l\u0131r? <\/p>\n","protected":false},"excerpt":{"rendered":"<p>Her insan\u0131n g\u00f6nl\u00fcne denk d\u00fc\u015fen sevgili kalbe kavu\u015funcaya kadar ge\u00e7en tuzakl\u0131 yolculu\u011funu ba\u015far\u0131yla y\u00f6netme sanat\u0131n\u0131 anlat\u0131yor G\u00f6n\u00fcl Aray\u0131\u015f\u0131\u2026 Baz\u0131lar\u0131; erken tacizler, ilgisiz aile, yanl\u0131\u015f y\u00f6nlendirme veya<span class=\"excerpt-hellip\"> [\u2026]<\/span><\/p>\n","protected":false},"featured_media":0,"template":"","meta":{"_monsterinsights_skip_tracking":false,"_monsterinsights_sitenote_active":false,"_monsterinsights_sitenote_note":"","_monsterinsights_sitenote_category":0},"product_brand":[],"product_cat":[12364,12376],"product_tag":[],"class_list":{"0":"post-726514","1":"product","2":"type-product","3":"status-publish","5":"product_cat-genel-konular","6":"product_cat-kisisel-gelisim","7":"pa_cilt-ciltsiz","8":"pa_tur-kitap","9":"pa_yayinevi-pozitif-yayinlari","10":"pa_yazar-muhammed-bozdag","12":"first","13":"instock","14":"sale","15":"shipping-taxable","16":"purchasable","17":"product-type-simple"},"_links":{"self":[{"href":"https:\/\/roveyayinevi.com.tr\/index.php\/wp-json\/wp\/v2\/product\/726514","targetHints":{"allow":["GET"]}}],"collection":[{"href":"https:\/\/roveyayinevi.com.tr\/index.php\/wp-json\/wp\/v2\/product"}],"about":[{"href":"https:\/\/roveyayinevi.com.tr\/index.php\/wp-json\/wp\/v2\/types\/product"}],"wp:attachment":[{"href":"https:\/\/roveyayinevi.com.tr\/index.php\/wp-json\/wp\/v2\/media?parent=726514"}],"wp:term":[{"taxonomy":"product_brand","embeddable":true,"href":"https:\/\/roveyayinevi.com.tr\/index.php\/wp-json\/wp\/v2\/product_brand?post=726514"},{"taxonomy":"product_cat","embeddable":true,"href":"https:\/\/roveyayinevi.com.tr\/index.php\/wp-json\/wp\/v2\/product_cat?post=726514"},{"taxonomy":"product_tag","embeddable":true,"href":"https:\/\/roveyayinevi.com.tr\/index.php\/wp-json\/wp\/v2\/product_tag?post=726514"}],"curies":[{"name":"wp","href":"https:\/\/api.w.org\/{rel}","templated":true}]}}