{"id":726513,"date":"2025-08-27T20:07:57","date_gmt":"2025-08-27T17:07:57","guid":{"rendered":"https:\/\/roveyayinevi.com.tr\/index.php\/urun\/bir-osmanli-maarif-nazirinin-portresi-emrullah-efendi\/"},"modified":"2026-04-16T02:34:09","modified_gmt":"2026-04-15T23:34:09","slug":"bir-osmanli-maarif-nazirinin-portresi-emrullah-efendi","status":"publish","type":"product","link":"https:\/\/roveyayinevi.com.tr\/index.php\/urun\/bir-osmanli-maarif-nazirinin-portresi-emrullah-efendi\/","title":{"rendered":"Bir Osmanl\u0131 Maarif Naz\u0131r\u0131n\u0131n Portresi Emrullah Efendi"},"content":{"rendered":"<p>Osmanl\u0131-T\u00fcrk k\u00fclt\u00fcr tarihinin ilgi \u00e7ekici simalar\u0131ndan olan Emrullah Efendi (1858- 1914), dil ve felsefe konusundaki \u00e7al\u0131\u015fmalar\u0131, \u0130ttihat\u00e7\u0131l\u0131\u011f\u0131, gazetecili\u011fi, ansiklopedistli\u011fi, yazarl\u0131\u011f\u0131 ve \u00f6\u011fretmenli\u011fiyle incelemeye de\u011fer bir hayat hik\u00e2yesi sunar.Bir J\u00f6n T\u00fcrk ayd\u0131n\u0131 olarak yeti\u015fen Emrullah Efendi, adeta ate\u015f denizinde mumdan gemilerin gezdi\u011fi zor bir d\u00f6nemde Maarif Nezaretinin ba\u015f\u0131na ge\u00e7mi\u015ftir. \u201cTuba A\u011fac\u0131 Nazariyesi\u201d ad\u0131 alt\u0131nda i\u015fledi\u011fi fikirleri \u00f6l\u00fcm\u00fcnden sonra bile \u00f6nemli tart\u0131\u015fmalara konu olurken, n\u00e2z\u0131rl\u0131\u011f\u0131 d\u00f6nemindeki reformlar Cumhuriyetin e\u011fitim politikalar\u0131na zemin haz\u0131rlam\u0131\u015ft\u0131r. Fikirleri ve faaliyetleriyle oldu\u011fu kadar dalg\u0131nl\u0131\u011f\u0131yla da tan\u0131nan Emrullah Efendi, mizah dergilerinde karikat\u00fcrlere konu olmu\u015ftur. Kendisine atfedilen.<\/p>\n","protected":false},"excerpt":{"rendered":"<p>Osmanl\u0131-T\u00fcrk k\u00fclt\u00fcr tarihinin ilgi \u00e7ekici simalar\u0131ndan olan Emrullah Efendi (1858- 1914), dil ve felsefe konusundaki \u00e7al\u0131\u015fmalar\u0131, \u0130ttihat\u00e7\u0131l\u0131\u011f\u0131, gazetecili\u011fi, ansiklopedistli\u011fi, yazarl\u0131\u011f\u0131 ve \u00f6\u011fretmenli\u011fiyle incelemeye de\u011fer bir hayat<span class=\"excerpt-hellip\"> [\u2026]<\/span><\/p>\n","protected":false},"featured_media":0,"template":"","meta":{"_monsterinsights_skip_tracking":false,"_monsterinsights_sitenote_active":false,"_monsterinsights_sitenote_note":"","_monsterinsights_sitenote_category":0},"product_brand":[],"product_cat":[13946,12304],"product_tag":[],"class_list":{"0":"post-726513","1":"product","2":"type-product","3":"status-publish","5":"product_cat-biyografi-otobiyografi","6":"product_cat-tarih","7":"pa_cilt-ciltsiz","8":"pa_tur-kitap","9":"pa_yayinevi-vakifbank-kultur-yayinlari","10":"pa_yazar-e-vildan-turkan","12":"first","13":"instock","14":"sale","15":"shipping-taxable","16":"purchasable","17":"product-type-simple"},"_links":{"self":[{"href":"https:\/\/roveyayinevi.com.tr\/index.php\/wp-json\/wp\/v2\/product\/726513","targetHints":{"allow":["GET"]}}],"collection":[{"href":"https:\/\/roveyayinevi.com.tr\/index.php\/wp-json\/wp\/v2\/product"}],"about":[{"href":"https:\/\/roveyayinevi.com.tr\/index.php\/wp-json\/wp\/v2\/types\/product"}],"wp:attachment":[{"href":"https:\/\/roveyayinevi.com.tr\/index.php\/wp-json\/wp\/v2\/media?parent=726513"}],"wp:term":[{"taxonomy":"product_brand","embeddable":true,"href":"https:\/\/roveyayinevi.com.tr\/index.php\/wp-json\/wp\/v2\/product_brand?post=726513"},{"taxonomy":"product_cat","embeddable":true,"href":"https:\/\/roveyayinevi.com.tr\/index.php\/wp-json\/wp\/v2\/product_cat?post=726513"},{"taxonomy":"product_tag","embeddable":true,"href":"https:\/\/roveyayinevi.com.tr\/index.php\/wp-json\/wp\/v2\/product_tag?post=726513"}],"curies":[{"name":"wp","href":"https:\/\/api.w.org\/{rel}","templated":true}]}}