{"id":726509,"date":"2025-08-27T20:07:54","date_gmt":"2025-08-27T17:07:54","guid":{"rendered":"https:\/\/roveyayinevi.com.tr\/index.php\/urun\/genclere-mektuplar\/"},"modified":"2026-04-05T02:41:47","modified_gmt":"2026-04-04T23:41:47","slug":"genclere-mektuplar","status":"publish","type":"product","link":"https:\/\/roveyayinevi.com.tr\/index.php\/urun\/genclere-mektuplar\/","title":{"rendered":"Gen\u00e7lere Mektuplar"},"content":{"rendered":"<p>Gen\u00e7lere Mektuplar\u2019da \u00fclkemizin en \u00f6nemli bankac\u0131lar\u0131ndan B\u00fclent \u015eenver uzun kariyerinde \u00f6\u011frendikleriyle birlikte,Ali Ko\u00e7\u2019tan Bet\u00fbl Mardin\u2019e, G\u00fcler Sabanc\u0131\u2019dan Muhtar Kent\u2019e ba\u015far\u0131l\u0131 insanlar\u0131n tecr\u00fcbe ve tavsiyelerini bir araya getiriyor.<\/p>\n","protected":false},"excerpt":{"rendered":"<p>Gen\u00e7lere Mektuplar\u2019da \u00fclkemizin en \u00f6nemli bankac\u0131lar\u0131ndan B\u00fclent \u015eenver uzun kariyerinde \u00f6\u011frendikleriyle birlikte,Ali Ko\u00e7\u2019tan Bet\u00fbl Mardin\u2019e, G\u00fcler Sabanc\u0131\u2019dan Muhtar Kent\u2019e ba\u015far\u0131l\u0131 insanlar\u0131n tecr\u00fcbe ve tavsiyelerini bir araya<span class=\"excerpt-hellip\"> [\u2026]<\/span><\/p>\n","protected":false},"featured_media":0,"template":"","meta":{"_monsterinsights_skip_tracking":false,"_monsterinsights_sitenote_active":false,"_monsterinsights_sitenote_note":"","_monsterinsights_sitenote_category":0},"product_brand":[],"product_cat":[12364,12376],"product_tag":[],"class_list":{"0":"post-726509","1":"product","2":"type-product","3":"status-publish","5":"product_cat-genel-konular","6":"product_cat-kisisel-gelisim","7":"pa_cilt-ciltsiz","8":"pa_tur-kitap","9":"pa_yayinevi-mundi","10":"pa_yazar-bulent-senver","12":"first","13":"instock","14":"sale","15":"shipping-taxable","16":"purchasable","17":"product-type-simple"},"_links":{"self":[{"href":"https:\/\/roveyayinevi.com.tr\/index.php\/wp-json\/wp\/v2\/product\/726509","targetHints":{"allow":["GET"]}}],"collection":[{"href":"https:\/\/roveyayinevi.com.tr\/index.php\/wp-json\/wp\/v2\/product"}],"about":[{"href":"https:\/\/roveyayinevi.com.tr\/index.php\/wp-json\/wp\/v2\/types\/product"}],"wp:attachment":[{"href":"https:\/\/roveyayinevi.com.tr\/index.php\/wp-json\/wp\/v2\/media?parent=726509"}],"wp:term":[{"taxonomy":"product_brand","embeddable":true,"href":"https:\/\/roveyayinevi.com.tr\/index.php\/wp-json\/wp\/v2\/product_brand?post=726509"},{"taxonomy":"product_cat","embeddable":true,"href":"https:\/\/roveyayinevi.com.tr\/index.php\/wp-json\/wp\/v2\/product_cat?post=726509"},{"taxonomy":"product_tag","embeddable":true,"href":"https:\/\/roveyayinevi.com.tr\/index.php\/wp-json\/wp\/v2\/product_tag?post=726509"}],"curies":[{"name":"wp","href":"https:\/\/api.w.org\/{rel}","templated":true}]}}