{"id":726507,"date":"2025-08-27T20:07:52","date_gmt":"2025-08-27T17:07:52","guid":{"rendered":"https:\/\/roveyayinevi.com.tr\/index.php\/urun\/co-vid-19-gercekleri-ve-gelecek\/"},"modified":"2026-04-16T02:34:09","modified_gmt":"2026-04-15T23:34:09","slug":"co-vid-19-gercekleri-ve-gelecek","status":"publish","type":"product","link":"https:\/\/roveyayinevi.com.tr\/index.php\/urun\/co-vid-19-gercekleri-ve-gelecek\/","title":{"rendered":"Co vid 19 Ger\u00e7ekleri ve Gelecek"},"content":{"rendered":"<p>Bir sonraki b\u00fcy\u00fck salg\u0131n\u0131 (pandemi) hangi v\u00fcr\u00fcs\u00fcn \u00e7\u0131karaca\u011f\u0131n\u0131 bilmiyoruz. \u00c7\u00fcnk\u00fc k\u0131smen vir\u00fcslerin d\u00fcnyas\u0131n\u0131 iyi tan\u0131m\u0131yoruz\u2026 Biz insanlar kazara yeni vir\u00fcslerin \u00e7\u0131kmas\u0131na yol a\u00e7makta \u00e7ok ba\u015far\u0131l\u0131y\u0131z.-Carl Zimmer(ABD\u2019li ara\u015ft\u0131rmac\u0131, k\u00f6\u015fe yazar\u0131)Co*vid 19 nas\u0131l ortaya \u00e7\u0131kt\u0131?Co*vid 19 vir\u00fcs\u00fc bir laboratuvardan m\u0131 s\u0131zd\u0131?Vir\u00fcs\u00fcn yaratt\u0131\u011f\u0131 kaos kimlerin lehine oldu?Co*vid 19 ve di\u011ferleri nas\u0131l isimlendirildi?Vir\u00fcs\u00fcn\u00fcn v\u00fccuda girdikten sonra \u00f6l\u00fcmc\u00fcl olmas\u0131n\u0131 tetikleyen fakt\u00f6rler neler?Bu vir\u00fcs en \u00e7ok hangi alanlarda bula\u015f\u0131yor?Coronavir\u00fcs m\u00fc daha tehlikeli yoksa insanlar \u00fczerinde yaratt\u0131\u011f\u0131 a\u015f\u0131r\u0131 korku mu?Coronavir\u00fcs a\u015f\u0131s\u0131 ne kadar etkili olacak?Co*vid 19 sonras\u0131 D\u00fcnya\u2019ya nas\u0131l bir sistem hakim olacak?<\/p>\n","protected":false},"excerpt":{"rendered":"<p>Bir sonraki b\u00fcy\u00fck salg\u0131n\u0131 (pandemi) hangi v\u00fcr\u00fcs\u00fcn \u00e7\u0131karaca\u011f\u0131n\u0131 bilmiyoruz. \u00c7\u00fcnk\u00fc k\u0131smen vir\u00fcslerin d\u00fcnyas\u0131n\u0131 iyi tan\u0131m\u0131yoruz\u2026 Biz insanlar kazara yeni vir\u00fcslerin \u00e7\u0131kmas\u0131na yol a\u00e7makta \u00e7ok ba\u015far\u0131l\u0131y\u0131z.-Carl Zimmer(ABD\u2019li<span class=\"excerpt-hellip\"> [\u2026]<\/span><\/p>\n","protected":false},"featured_media":0,"template":"","meta":{"_monsterinsights_skip_tracking":false,"_monsterinsights_sitenote_active":false,"_monsterinsights_sitenote_note":"","_monsterinsights_sitenote_category":0},"product_brand":[],"product_cat":[13366,13365],"product_tag":[],"class_list":{"0":"post-726507","1":"product","2":"type-product","3":"status-publish","5":"product_cat-diger-saglik","6":"product_cat-saglik","7":"pa_cilt-ciltsiz","8":"pa_tur-kitap","9":"pa_yayinevi-atac-yayinlari","10":"pa_yazar-ismail-tokalak","12":"first","13":"instock","14":"sale","15":"shipping-taxable","16":"purchasable","17":"product-type-simple"},"_links":{"self":[{"href":"https:\/\/roveyayinevi.com.tr\/index.php\/wp-json\/wp\/v2\/product\/726507","targetHints":{"allow":["GET"]}}],"collection":[{"href":"https:\/\/roveyayinevi.com.tr\/index.php\/wp-json\/wp\/v2\/product"}],"about":[{"href":"https:\/\/roveyayinevi.com.tr\/index.php\/wp-json\/wp\/v2\/types\/product"}],"wp:attachment":[{"href":"https:\/\/roveyayinevi.com.tr\/index.php\/wp-json\/wp\/v2\/media?parent=726507"}],"wp:term":[{"taxonomy":"product_brand","embeddable":true,"href":"https:\/\/roveyayinevi.com.tr\/index.php\/wp-json\/wp\/v2\/product_brand?post=726507"},{"taxonomy":"product_cat","embeddable":true,"href":"https:\/\/roveyayinevi.com.tr\/index.php\/wp-json\/wp\/v2\/product_cat?post=726507"},{"taxonomy":"product_tag","embeddable":true,"href":"https:\/\/roveyayinevi.com.tr\/index.php\/wp-json\/wp\/v2\/product_tag?post=726507"}],"curies":[{"name":"wp","href":"https:\/\/api.w.org\/{rel}","templated":true}]}}