{"id":726506,"date":"2025-08-27T20:07:52","date_gmt":"2025-08-27T17:07:52","guid":{"rendered":"https:\/\/roveyayinevi.com.tr\/index.php\/urun\/agile-devri\/"},"modified":"2026-04-16T02:34:09","modified_gmt":"2026-04-15T23:34:09","slug":"agile-devri","status":"publish","type":"product","link":"https:\/\/roveyayinevi.com.tr\/index.php\/urun\/agile-devri\/","title":{"rendered":"Agile Devri"},"content":{"rendered":"<p>Herkesin Konu\u015ftu\u011fu, \u00c7ok Az Ki\u015finin Ger\u00e7ekten Bildi\u011fi \u201cAgile\u201d Devrinin Kap\u0131lar\u0131n\u0131 A\u00e7\u0131n!\u0130\u015f hayat\u0131nda durdurulamayan bir devrim\u2026\u0130\u015f yap\u0131\u015f bi\u00e7imlerini k\u00f6klerinden de\u011fi\u015ftiren bir f\u0131rt\u0131na\u2026Herkesin konu\u015ftu\u011fu, \u00e7ok az ki\u015finin ger\u00e7ekten bildi\u011fiyeni bir ba\u011f kurma bi\u00e7imi\u2026Teknolojiden inovasyona, insan kaynaklar\u0131ndan pazarlamaya d\u00fcnya art\u0131k daha \u00f6nceden bildi\u011fimiz d\u00fcnya de\u011fil. M\u00fc\u015fteri de\u011fi\u015fiyor, ihtiya\u00e7lar de\u011fi\u015fiyor, \u00e7al\u0131\u015fanlar de\u011fi\u015fiyor; hem de daha \u00f6nce hi\u00e7 tan\u0131k olmad\u0131\u011f\u0131m\u0131z bir h\u0131zla!Adaptasyonun ve esnekli\u011fin yeni yollar\u0131ndaki ke\u015fifler bizi \u00e7evikli\u011fe g\u00f6t\u00fcr\u00fcyor.Agile Devri i\u015fte tam burada ba\u015fl\u0131yor.\u201cAgile\u201d\u2026 \u00c7ok duydunuz, belki uygulamaya \u00e7al\u0131\u015ft\u0131n\u0131z.Anlad\u0131n\u0131z ya da samimiyetle hi\u00e7 anlamad\u0131n\u0131z.D\u00fc\u015fman gibi g\u00f6rd\u00fcn\u00fcz ya da \u201cTam da benim hayalimdeki \u00e7al\u0131\u015fma bi\u00e7imi\u201d dediniz.\u00c7eviklik, \u015fimdi b\u00fct\u00fcn a\u00e7\u0131kl\u0131\u011f\u0131yla bu kitapta.Agile y\u00f6netimin kurallar\u0131n\u0131 \u00f6\u011frenin, zihinleri de\u011fi\u015ftirmecesaretini bulun, zorluklarla nas\u0131l ba\u015fa \u00e7\u0131kaca\u011f\u0131n\u0131z\u0131 g\u00f6r\u00fcn.Yeni \u00e7a\u011f\u0131 ka\u00e7\u0131rmaman\u0131z i\u00e7in ihtiyac\u0131n\u0131z olanlar burada.Size kalan hayalini kurmak\u2026Hi\u00e7bir \u015firket, kuruldu\u011fu g\u00fcn agile de\u011fildi.Hepsi, yar\u0131n agile olacak.O \u201cyar\u0131nda\u201d siz de yer alacak m\u0131s\u0131n\u0131z?<\/p>\n","protected":false},"excerpt":{"rendered":"<p>Herkesin Konu\u015ftu\u011fu, \u00c7ok Az Ki\u015finin Ger\u00e7ekten Bildi\u011fi \u201cAgile\u201d Devrinin Kap\u0131lar\u0131n\u0131 A\u00e7\u0131n!\u0130\u015f hayat\u0131nda durdurulamayan bir devrim\u2026\u0130\u015f yap\u0131\u015f bi\u00e7imlerini k\u00f6klerinden de\u011fi\u015ftiren bir f\u0131rt\u0131na\u2026Herkesin konu\u015ftu\u011fu, \u00e7ok az ki\u015finin ger\u00e7ekten<span class=\"excerpt-hellip\"> [\u2026]<\/span><\/p>\n","protected":false},"featured_media":0,"template":"","meta":{"_monsterinsights_skip_tracking":false,"_monsterinsights_sitenote_active":false,"_monsterinsights_sitenote_note":"","_monsterinsights_sitenote_category":0},"product_brand":[],"product_cat":[13043,17647],"product_tag":[],"class_list":{"0":"post-726506","1":"product","2":"type-product","3":"status-publish","5":"product_cat-ekonomi","6":"product_cat-is-dunyasi","7":"pa_cilt-ciltsiz","8":"pa_tur-kitap","9":"pa_yayinevi-okuyan-us-yayin","10":"pa_yazar-stephen-denning","12":"first","13":"instock","14":"sale","15":"shipping-taxable","16":"purchasable","17":"product-type-simple"},"_links":{"self":[{"href":"https:\/\/roveyayinevi.com.tr\/index.php\/wp-json\/wp\/v2\/product\/726506","targetHints":{"allow":["GET"]}}],"collection":[{"href":"https:\/\/roveyayinevi.com.tr\/index.php\/wp-json\/wp\/v2\/product"}],"about":[{"href":"https:\/\/roveyayinevi.com.tr\/index.php\/wp-json\/wp\/v2\/types\/product"}],"wp:attachment":[{"href":"https:\/\/roveyayinevi.com.tr\/index.php\/wp-json\/wp\/v2\/media?parent=726506"}],"wp:term":[{"taxonomy":"product_brand","embeddable":true,"href":"https:\/\/roveyayinevi.com.tr\/index.php\/wp-json\/wp\/v2\/product_brand?post=726506"},{"taxonomy":"product_cat","embeddable":true,"href":"https:\/\/roveyayinevi.com.tr\/index.php\/wp-json\/wp\/v2\/product_cat?post=726506"},{"taxonomy":"product_tag","embeddable":true,"href":"https:\/\/roveyayinevi.com.tr\/index.php\/wp-json\/wp\/v2\/product_tag?post=726506"}],"curies":[{"name":"wp","href":"https:\/\/api.w.org\/{rel}","templated":true}]}}