{"id":726504,"date":"2025-08-27T20:07:50","date_gmt":"2025-08-27T17:07:50","guid":{"rendered":"https:\/\/roveyayinevi.com.tr\/index.php\/urun\/haluk-hocanin-izinde\/"},"modified":"2026-04-16T02:34:09","modified_gmt":"2026-04-15T23:34:09","slug":"haluk-hocanin-izinde","status":"publish","type":"product","link":"https:\/\/roveyayinevi.com.tr\/index.php\/urun\/haluk-hocanin-izinde\/","title":{"rendered":"Haluk Hoca\u2019n\u0131n \u0130zinde"},"content":{"rendered":"<p>Gele bir devr, bu Hal\u00fbk\u2019u yad eyleyeler\u2026   Prof Dr. Ahmet Hal\u00fbk Dursun, tarih\u00e7i, sosyal bilimci ve e\u011fitimci olarak T\u00fcrkiye\u2019nin en temel stratejik meselesinin iyi ve donan\u0131ml\u0131 insan yeti\u015ftirmek oldu\u011funa inan\u0131rd\u0131. Bu noktada en \u00f6nemli g\u00f6revin duyarl\u0131, merakl\u0131, mesle\u011fini, co\u011frafyay\u0131, tarihi ve insan\u0131 seven \u00f6\u011fretmenlerde oldu\u011funu d\u00fc\u015f\u00fcn\u00fcrd\u00fc.  Kendisi e\u011fitimi ders saati ile s\u0131n\u0131rlamayan, daha fazla \u00f6\u011frenmek isteyenlere yol, y\u00f6ntem, kaynaklar g\u00f6stererek, m\u00fcmk\u00fcnse imk\u00e2n sa\u011flayarak, onlar\u0131n yeti\u015fmesine katk\u0131 sa\u011flam\u0131\u015ft\u0131r. \u0130\u015fte bu kitap, Haluk Hoca\u2019n\u0131n yak\u0131n \u00e7evresinde bulunup ondan \u00e7ok\u015fey \u00f6\u011frenen \u00e7o\u011fu akademisyen; Ali Satan, Salim Ayd\u0131n, Arzu Meryem Nurdo\u011fan Demirk\u0131ran, Oya Da\u011flar Macar, Davut Hut, Eda Akg\u00fcn, Bet\u00fcl G\u00fcr, Enes Bayrakl\u0131 ve H\u00fclya Utkuluer Y\u0131ld\u0131r\u0131m ve Hal\u00fbk Hocam\u0131z\u0131n k\u0131z\u0131 Nilay Dursun\u2019un makalelerinden olu\u015fuyor. Hocam\u0131z \u00e7ok sevdi\u011fi \u015eeyh Galip\u2019e nazire olarak; \u201cGele bir devr, bu Haluk\u2019u yad eyleyeler\u201d demi\u015fti \u00d6\u011frencileri, Hal\u00fbk Hocay\u0131 rahmet ve hasretle y\u00e2d eyliyorlar\u2026 <\/p>\n","protected":false},"excerpt":{"rendered":"<p>Gele bir devr, bu Hal\u00fbk\u2019u yad eyleyeler\u2026 Prof Dr. Ahmet Hal\u00fbk Dursun, tarih\u00e7i, sosyal bilimci ve e\u011fitimci olarak T\u00fcrkiye\u2019nin en temel stratejik meselesinin iyi ve donan\u0131ml\u0131<span class=\"excerpt-hellip\"> [\u2026]<\/span><\/p>\n","protected":false},"featured_media":0,"template":"","meta":{"_monsterinsights_skip_tracking":false,"_monsterinsights_sitenote_active":false,"_monsterinsights_sitenote_note":"","_monsterinsights_sitenote_category":0},"product_brand":[],"product_cat":[13946,12304],"product_tag":[],"class_list":{"0":"post-726504","1":"product","2":"type-product","3":"status-publish","5":"product_cat-biyografi-otobiyografi","6":"product_cat-tarih","7":"pa_cilt-ciltsiz","8":"pa_tur-kitap","9":"pa_yayinevi-yeditepe-yayinevi","10":"pa_yazar-yeditepe-yayinevi-kolektif","12":"first","13":"instock","14":"sale","15":"shipping-taxable","16":"purchasable","17":"product-type-simple"},"_links":{"self":[{"href":"https:\/\/roveyayinevi.com.tr\/index.php\/wp-json\/wp\/v2\/product\/726504","targetHints":{"allow":["GET"]}}],"collection":[{"href":"https:\/\/roveyayinevi.com.tr\/index.php\/wp-json\/wp\/v2\/product"}],"about":[{"href":"https:\/\/roveyayinevi.com.tr\/index.php\/wp-json\/wp\/v2\/types\/product"}],"wp:attachment":[{"href":"https:\/\/roveyayinevi.com.tr\/index.php\/wp-json\/wp\/v2\/media?parent=726504"}],"wp:term":[{"taxonomy":"product_brand","embeddable":true,"href":"https:\/\/roveyayinevi.com.tr\/index.php\/wp-json\/wp\/v2\/product_brand?post=726504"},{"taxonomy":"product_cat","embeddable":true,"href":"https:\/\/roveyayinevi.com.tr\/index.php\/wp-json\/wp\/v2\/product_cat?post=726504"},{"taxonomy":"product_tag","embeddable":true,"href":"https:\/\/roveyayinevi.com.tr\/index.php\/wp-json\/wp\/v2\/product_tag?post=726504"}],"curies":[{"name":"wp","href":"https:\/\/api.w.org\/{rel}","templated":true}]}}