{"id":726503,"date":"2025-08-27T20:07:50","date_gmt":"2025-08-27T17:07:50","guid":{"rendered":"https:\/\/roveyayinevi.com.tr\/index.php\/urun\/siyah\/"},"modified":"2026-04-16T02:34:09","modified_gmt":"2026-04-15T23:34:09","slug":"siyah","status":"publish","type":"product","link":"https:\/\/roveyayinevi.com.tr\/index.php\/urun\/siyah\/","title":{"rendered":"Siyah"},"content":{"rendered":"<p>&#8220;Yolu bilmekle o yolu almak, o yolda su i\u00e7mek, o yola teslim olmak aras\u0131nda fark vard\u0131r. Siyah olmadan beyaz olamazs\u0131n. Beyaz olmadan gri&#8230; Gri olmadan g\u00fcm\u00fc\u015fe d\u00f6n\u00fc\u015femezsin. G\u00fcm\u00fc\u015f\u00fc tecr\u00fcbe etmeden alt\u0131n\u0131 ta\u015f\u0131yamazs\u0131n.&#8221;Y\u00fczle\u015fmek; kendinle, ge\u00e7mi\u015finle, ailenle, \u00e7evrenle, do\u011fayla, seni sarmalayan ve var eden her \u015feyle&#8230;En b\u00fcy\u00fck cesaret, g\u00fc\u00e7, \u00f6zveri, \u00f6zg\u00fcven, \u00f6z idrak, sorumluluk, sevgi, nefret&#8230; hepsi y\u00fczle\u015fmede sakl\u0131 de\u011fil mi?Lacivert&#8217;in, Mor&#8217;un, \u015fimdi de Siyah&#8217;\u0131n var kar\u015f\u0131nda yani en zoru, en zorlay\u0131c\u0131s\u0131, en ac\u0131mas\u0131z\u0131&#8230;\u00d6yleyse \u0131\u015f\u0131kla ayd\u0131nlans\u0131n karanl\u0131\u011f\u0131n, kuytu k\u00f6\u015felerin. Bar\u0131\u015f ve huzur \u00e7als\u0131n o karanl\u0131k odan\u0131n kap\u0131s\u0131n\u0131. Siyah\u0131n beyaz olsun, nefretin sevgi, sevgin A\u015eK OL SUN&#8230;P\u0131nar Boylu Gogulan, Siyah kitab\u0131yla insan\u0131 sorgulamaya, anlamaya, ke\u015ffetmeye devam ediyor.<\/p>\n","protected":false},"excerpt":{"rendered":"<p>&#8220;Yolu bilmekle o yolu almak, o yolda su i\u00e7mek, o yola teslim olmak aras\u0131nda fark vard\u0131r. Siyah olmadan beyaz olamazs\u0131n. Beyaz olmadan gri&#8230; Gri olmadan g\u00fcm\u00fc\u015fe<span class=\"excerpt-hellip\"> [\u2026]<\/span><\/p>\n","protected":false},"featured_media":0,"template":"","meta":{"_monsterinsights_skip_tracking":false,"_monsterinsights_sitenote_active":false,"_monsterinsights_sitenote_note":"","_monsterinsights_sitenote_category":0},"product_brand":[],"product_cat":[12364,12376],"product_tag":[],"class_list":{"0":"post-726503","1":"product","2":"type-product","3":"status-publish","5":"product_cat-genel-konular","6":"product_cat-kisisel-gelisim","7":"pa_cilt-ciltsiz","8":"pa_tur-kitap","9":"pa_yayinevi-libros-yayinlari","10":"pa_yazar-pinar-boylu-gogulan","12":"first","13":"instock","14":"sale","15":"shipping-taxable","16":"purchasable","17":"product-type-simple"},"_links":{"self":[{"href":"https:\/\/roveyayinevi.com.tr\/index.php\/wp-json\/wp\/v2\/product\/726503","targetHints":{"allow":["GET"]}}],"collection":[{"href":"https:\/\/roveyayinevi.com.tr\/index.php\/wp-json\/wp\/v2\/product"}],"about":[{"href":"https:\/\/roveyayinevi.com.tr\/index.php\/wp-json\/wp\/v2\/types\/product"}],"wp:attachment":[{"href":"https:\/\/roveyayinevi.com.tr\/index.php\/wp-json\/wp\/v2\/media?parent=726503"}],"wp:term":[{"taxonomy":"product_brand","embeddable":true,"href":"https:\/\/roveyayinevi.com.tr\/index.php\/wp-json\/wp\/v2\/product_brand?post=726503"},{"taxonomy":"product_cat","embeddable":true,"href":"https:\/\/roveyayinevi.com.tr\/index.php\/wp-json\/wp\/v2\/product_cat?post=726503"},{"taxonomy":"product_tag","embeddable":true,"href":"https:\/\/roveyayinevi.com.tr\/index.php\/wp-json\/wp\/v2\/product_tag?post=726503"}],"curies":[{"name":"wp","href":"https:\/\/api.w.org\/{rel}","templated":true}]}}