{"id":726501,"date":"2025-08-27T20:07:48","date_gmt":"2025-08-27T17:07:48","guid":{"rendered":"https:\/\/roveyayinevi.com.tr\/index.php\/urun\/dinosaurs-discovering-the-world-2\/"},"modified":"2026-04-16T02:34:09","modified_gmt":"2026-04-15T23:34:09","slug":"dinosaurs-discovering-the-world-2","status":"publish","type":"product","link":"https:\/\/roveyayinevi.com.tr\/index.php\/urun\/dinosaurs-discovering-the-world-2\/","title":{"rendered":"Dinosaurs &#8211; Discovering The World-2"},"content":{"rendered":"<p>Discovering the World serisi ile \u0130ngilizcenizi geli\u015ftirirken bir yandan da \u015fa\u015f\u0131rt\u0131c\u0131 bilgiler edinebilirsiniz! Bu seride her bir kitap ve bu kitaplar\u0131n al\u0131\u015ft\u0131rmalar\u0131 farkl\u0131 seviyelere g\u00f6re haz\u0131rland\u0131. Size uygun \u0130ngilizce seviyeyi se\u00e7in ve okumaya ba\u015flay\u0131n&#8230; Dinosaurs, tarih sahnesine milyonlarca y\u0131l \u00f6nce \u00e7\u0131karak d\u00fcnyaya uzun y\u0131llar h\u00e2kim olan ve esrarengiz \u015fekilde yery\u00fcz\u00fcnden kaybolan dinozorlar hakk\u0131nda ilgin\u00e7 bilgiler sunuyor. \u201cPre-Intermediate\u201d seviyesindeki bu \u00f6yk\u00fcy\u00fc okuduktan sonra kitab\u0131n arkas\u0131ndaki okudu\u011funu anlama ve kelime egzersizlerini yapabilirsiniz. \u0130kinci seviyede okurlar\u0131n 25 ila 35 yeni kelime \u00f6\u011frenmesi hedefleniyor. Kitab\u0131n arkas\u0131ndaki s\u00f6zl\u00fckten bu kelimelerin tan\u0131mlar\u0131na ve c\u00fcmle i\u00e7inde \u00f6rnek kullan\u0131mlar\u0131na bakabilirsiniz.<\/p>\n","protected":false},"excerpt":{"rendered":"<p>Discovering the World serisi ile \u0130ngilizcenizi geli\u015ftirirken bir yandan da \u015fa\u015f\u0131rt\u0131c\u0131 bilgiler edinebilirsiniz! Bu seride her bir kitap ve bu kitaplar\u0131n al\u0131\u015ft\u0131rmalar\u0131 farkl\u0131 seviyelere g\u00f6re haz\u0131rland\u0131.<span class=\"excerpt-hellip\"> [\u2026]<\/span><\/p>\n","protected":false},"featured_media":0,"template":"","meta":{"_monsterinsights_skip_tracking":false,"_monsterinsights_sitenote_active":false,"_monsterinsights_sitenote_note":"","_monsterinsights_sitenote_category":0},"product_brand":[],"product_cat":[12472],"product_tag":[],"class_list":{"0":"post-726501","1":"product","2":"type-product","3":"status-publish","5":"product_cat-yabanci-dilde-kitaplar","6":"pa_cilt-ciltsiz","7":"pa_tur-kitap","8":"pa_yayinevi-redhouse-kidz-yayinlari","9":"pa_yazar-sarah-sweeney","11":"first","12":"instock","13":"sale","14":"shipping-taxable","15":"purchasable","16":"product-type-simple"},"_links":{"self":[{"href":"https:\/\/roveyayinevi.com.tr\/index.php\/wp-json\/wp\/v2\/product\/726501","targetHints":{"allow":["GET"]}}],"collection":[{"href":"https:\/\/roveyayinevi.com.tr\/index.php\/wp-json\/wp\/v2\/product"}],"about":[{"href":"https:\/\/roveyayinevi.com.tr\/index.php\/wp-json\/wp\/v2\/types\/product"}],"wp:attachment":[{"href":"https:\/\/roveyayinevi.com.tr\/index.php\/wp-json\/wp\/v2\/media?parent=726501"}],"wp:term":[{"taxonomy":"product_brand","embeddable":true,"href":"https:\/\/roveyayinevi.com.tr\/index.php\/wp-json\/wp\/v2\/product_brand?post=726501"},{"taxonomy":"product_cat","embeddable":true,"href":"https:\/\/roveyayinevi.com.tr\/index.php\/wp-json\/wp\/v2\/product_cat?post=726501"},{"taxonomy":"product_tag","embeddable":true,"href":"https:\/\/roveyayinevi.com.tr\/index.php\/wp-json\/wp\/v2\/product_tag?post=726501"}],"curies":[{"name":"wp","href":"https:\/\/api.w.org\/{rel}","templated":true}]}}