{"id":726500,"date":"2025-08-27T20:07:47","date_gmt":"2025-08-27T17:07:47","guid":{"rendered":"https:\/\/roveyayinevi.com.tr\/index.php\/urun\/kukla-kapani\/"},"modified":"2026-04-16T02:34:09","modified_gmt":"2026-04-15T23:34:09","slug":"kukla-kapani","status":"publish","type":"product","link":"https:\/\/roveyayinevi.com.tr\/index.php\/urun\/kukla-kapani\/","title":{"rendered":"Kukla Kapan\u0131"},"content":{"rendered":"<p>Kay Harper, kap\u0131lar\u0131 her zaman kilitli olan oyuncak d\u00fckk\u00e2n\u0131 Quatre Mains\u2019in vitrinindeki bir kuklaya \u00e2\u015f\u0131k olur. Bir gece ge\u00e7 saatlerde birinin onu takip etti\u011finden endi\u015felenen gen\u00e7 kad\u0131n, oyuncak d\u00fckk\u00e2n\u0131n\u0131n kap\u0131s\u0131n\u0131 a\u00e7\u0131k g\u00f6r\u00fcnce \u015fa\u015f\u0131r\u0131r ve saklanmak i\u00e7in i\u00e7eri girer.Kay\u2019in e\u015fi Theo, ertesi sabah uyand\u0131\u011f\u0131nda kar\u0131s\u0131n\u0131n kayboldu\u011funu fark eder. Polis soru\u015fturmas\u0131 ba\u015flay\u0131nca \u00e7\u0131lg\u0131na d\u00f6nen Theo, tak\u0131nt\u0131l\u0131 bi\u00e7imde sokaklar\u0131 ar\u015f\u0131nlamaya ve kar\u0131s\u0131n\u0131 aramaya ba\u015flar. Ancak Kay bir kuklaya d\u00f6n\u00fc\u015ferek eski oyuncak d\u00fckk\u00e2n\u0131na mahk\u00fbm olmu\u015ftur. Etraf\u0131 da sadece gece yar\u0131s\u0131 ile \u015fafak vakti aras\u0131nda canlanan tuhaf kuklalarla \u00e7evrilidir. Kay\u2019in eski ya\u015fam\u0131na d\u00f6nebilmesinin tek yolu Theo\u2019nun onu bulmas\u0131 ve tan\u0131yabilmesidir.\u0130\u015fte b\u00f6yle ba\u015flar ikinci bir Orpheus ile Eurydice destan\u0131: Bir adam\u0131n, kar\u0131s\u0131n\u0131 bulmaktaki kararl\u0131l\u0131\u011f\u0131 ve bir kad\u0131n\u0131n art\u0131k kendine ait olmayan hayat\u0131yla sihirli bir d\u00fcnyada kapana k\u0131s\u0131lmas\u0131&#8230;<\/p>\n","protected":false},"excerpt":{"rendered":"<p>Kay Harper, kap\u0131lar\u0131 her zaman kilitli olan oyuncak d\u00fckk\u00e2n\u0131 Quatre Mains\u2019in vitrinindeki bir kuklaya \u00e2\u015f\u0131k olur. Bir gece ge\u00e7 saatlerde birinin onu takip etti\u011finden endi\u015felenen gen\u00e7<span class=\"excerpt-hellip\"> [\u2026]<\/span><\/p>\n","protected":false},"featured_media":0,"template":"","meta":{"_monsterinsights_skip_tracking":false,"_monsterinsights_sitenote_active":false,"_monsterinsights_sitenote_note":"","_monsterinsights_sitenote_category":0},"product_brand":[],"product_cat":[12291,12711],"product_tag":[],"class_list":{"0":"post-726500","1":"product","2":"type-product","3":"status-publish","5":"product_cat-edebiyat","6":"product_cat-roman-oyku","7":"pa_cilt-ciltsiz","8":"pa_tur-kitap","9":"pa_yayinevi-nora-kitap","10":"pa_yazar-keith-donohue","12":"first","13":"instock","14":"sale","15":"shipping-taxable","16":"purchasable","17":"product-type-simple"},"_links":{"self":[{"href":"https:\/\/roveyayinevi.com.tr\/index.php\/wp-json\/wp\/v2\/product\/726500","targetHints":{"allow":["GET"]}}],"collection":[{"href":"https:\/\/roveyayinevi.com.tr\/index.php\/wp-json\/wp\/v2\/product"}],"about":[{"href":"https:\/\/roveyayinevi.com.tr\/index.php\/wp-json\/wp\/v2\/types\/product"}],"wp:attachment":[{"href":"https:\/\/roveyayinevi.com.tr\/index.php\/wp-json\/wp\/v2\/media?parent=726500"}],"wp:term":[{"taxonomy":"product_brand","embeddable":true,"href":"https:\/\/roveyayinevi.com.tr\/index.php\/wp-json\/wp\/v2\/product_brand?post=726500"},{"taxonomy":"product_cat","embeddable":true,"href":"https:\/\/roveyayinevi.com.tr\/index.php\/wp-json\/wp\/v2\/product_cat?post=726500"},{"taxonomy":"product_tag","embeddable":true,"href":"https:\/\/roveyayinevi.com.tr\/index.php\/wp-json\/wp\/v2\/product_tag?post=726500"}],"curies":[{"name":"wp","href":"https:\/\/api.w.org\/{rel}","templated":true}]}}