{"id":726499,"date":"2025-08-27T20:07:46","date_gmt":"2025-08-27T17:07:46","guid":{"rendered":"https:\/\/roveyayinevi.com.tr\/index.php\/urun\/kornelyusun-ezgisi\/"},"modified":"2026-04-16T02:34:09","modified_gmt":"2026-04-15T23:34:09","slug":"kornelyusun-ezgisi","status":"publish","type":"product","link":"https:\/\/roveyayinevi.com.tr\/index.php\/urun\/kornelyusun-ezgisi\/","title":{"rendered":"Kornelyus\u2019un Ezgisi"},"content":{"rendered":"<p>K\u00e2semden \u015farap kadar ya\u015fam d\u00f6k\u00fcl\u00fcr ak\u0131l edip dinleyene. Ait de\u011fil u\u00e7u\u015fanlar kafas\u0131n\u0131 g\u00f6mene. \u0130\u015fte bahar: Kargalar, ser\u00e7eler, \u0131\u015f\u0131ldayan y\u0131ld\u0131zlar. Siyah atlar, nal sesleri, \u00e7\u0131\u011fl\u0131klar! Toz, toprak, ter i\u00e7inde afyon \u00e7izen kad\u0131nlar. Bir \u00e7ay! \u0130\u00e7inde ufak ta\u015flar, \u00fcst\u00fcnden a\u015fan \u00e7ocuklar. \u00c7\u0131k\u0131lacak a\u011fa\u00e7lar, s\u00f6ylenecek t\u00fcrk\u00fcler, dinlenecek masallar. Bir dost y\u00e2renli\u011finde, bir veli huzurunda,bir k\u00e2tip kaleminde ge\u00e7ip giden on y\u0131llar. K\u00e2buslar, tatl\u0131 r\u00fcyalar, umutlar. Ses ve sessizlik i\u00e7inde beyaz duvarlar. K\u0131r\u0131k bir kalem, bozuk m\u0131sralar, uydurulmu\u015f ya\u015famlar&#8230; Sonra bir g\u00fcn her \u015fey durdu. \u00c7\u0131t \u00e7\u0131km\u0131yordu. Sorular\u0131m vard\u0131 ama yan\u0131ts\u0131zd\u0131m sessizlikte.G\u00f6zlerim miydi g\u00f6ren, parmaklar\u0131m m\u0131yd\u0131 yazan?Peki kimdi konu\u015fan, neydi s\u00f6yleten? \u201cBen neyim, ben?\u201dYa\u011fm\u0131\u015ft\u0131 g\u00f6ky\u00fcz\u00fc y\u00fcz\u00fcme; \u201cBir \u2018\u015eey\u2019 sonsuzsa o \u2018\u015eey\u2019 d\u0131\u015f\u0131nda bir \u2018\u015eey\u2019 olma ihtimalin yok. Ben senim, ben!\u201dEn ilkel inan\u00e7larla en basit arzular, insan zihninin varabilece\u011fi en a\u015fk\u0131n, en ileri sezgileri ve en y\u00fcce kavramlar\u0131 i\u00e7inde bar\u0131nd\u0131r\u0131r. Kornelyus\u2019un Ezgisi\u2019nin y\u00fcz yetmi\u015f y\u0131la yay\u0131lan, yedi ayr\u0131 \u00fclkede ge\u00e7en ve on iki ana hik\u00e2yeden olu\u015fan \u00f6rg\u00fcs\u00fcnde bu z\u0131tl\u0131k fazlas\u0131yla kullan\u0131l\u0131yor.Kornelyus bilinmezi korkusuzca sorgularken, varl\u0131\u011f\u0131n ve hi\u00e7li\u011fin, zihnin ve inanc\u0131n s\u0131n\u0131rlar\u0131nda dola\u015f\u0131yor. Zerd\u00fc\u015ft\u00eelikten \u0130ran\u2019daki T\u00fcrk varl\u0131\u011f\u0131na ve T\u00fcrkiye\u2019deki az\u0131nl\u0131klar meselesine, derin devletten uyu\u015fturucu ka\u00e7ak\u00e7\u0131l\u0131\u011f\u0131na, saykodeliklerle hakikatin e\u015fi\u011findeki gezini\u015flerden a\u015fk\u0131n saf h\u00e2line ve en sert BDSM, feti\u015fizm tecr\u00fcbelerine kadar uzanan bu ezgi, \u015fair filozof Vyasa\u2019n\u0131n binlerce y\u0131l \u00f6nce s\u00f6yledi\u011fi \u201cTanr\u0131\u2019n\u0131n Ezgisi\u201d isimli eserine nazire yaparcas\u0131na insanl\u0131\u011f\u0131n evrensel diye addetti\u011fi t\u00fcm kabul edi\u015flere cesur bir meydan okuyu\u015f niteli\u011finde.<\/p>\n","protected":false},"excerpt":{"rendered":"<p>K\u00e2semden \u015farap kadar ya\u015fam d\u00f6k\u00fcl\u00fcr ak\u0131l edip dinleyene. Ait de\u011fil u\u00e7u\u015fanlar kafas\u0131n\u0131 g\u00f6mene. \u0130\u015fte bahar: Kargalar, ser\u00e7eler, \u0131\u015f\u0131ldayan y\u0131ld\u0131zlar. Siyah atlar, nal sesleri, \u00e7\u0131\u011fl\u0131klar! Toz, toprak,<span class=\"excerpt-hellip\"> [\u2026]<\/span><\/p>\n","protected":false},"featured_media":0,"template":"","meta":{"_monsterinsights_skip_tracking":false,"_monsterinsights_sitenote_active":false,"_monsterinsights_sitenote_note":"","_monsterinsights_sitenote_category":0},"product_brand":[],"product_cat":[12291,12711],"product_tag":[],"class_list":{"0":"post-726499","1":"product","2":"type-product","3":"status-publish","5":"product_cat-edebiyat","6":"product_cat-roman-oyku","7":"pa_cilt-ciltsiz","8":"pa_tur-kitap","9":"pa_yayinevi-nemesis-kitap","10":"pa_yazar-nedret-kilic","12":"first","13":"instock","14":"sale","15":"shipping-taxable","16":"purchasable","17":"product-type-simple"},"_links":{"self":[{"href":"https:\/\/roveyayinevi.com.tr\/index.php\/wp-json\/wp\/v2\/product\/726499","targetHints":{"allow":["GET"]}}],"collection":[{"href":"https:\/\/roveyayinevi.com.tr\/index.php\/wp-json\/wp\/v2\/product"}],"about":[{"href":"https:\/\/roveyayinevi.com.tr\/index.php\/wp-json\/wp\/v2\/types\/product"}],"wp:attachment":[{"href":"https:\/\/roveyayinevi.com.tr\/index.php\/wp-json\/wp\/v2\/media?parent=726499"}],"wp:term":[{"taxonomy":"product_brand","embeddable":true,"href":"https:\/\/roveyayinevi.com.tr\/index.php\/wp-json\/wp\/v2\/product_brand?post=726499"},{"taxonomy":"product_cat","embeddable":true,"href":"https:\/\/roveyayinevi.com.tr\/index.php\/wp-json\/wp\/v2\/product_cat?post=726499"},{"taxonomy":"product_tag","embeddable":true,"href":"https:\/\/roveyayinevi.com.tr\/index.php\/wp-json\/wp\/v2\/product_tag?post=726499"}],"curies":[{"name":"wp","href":"https:\/\/api.w.org\/{rel}","templated":true}]}}