{"id":726498,"date":"2025-08-27T20:07:46","date_gmt":"2025-08-27T17:07:46","guid":{"rendered":"https:\/\/roveyayinevi.com.tr\/index.php\/urun\/50-maddede-yeni-dunya-duzeni\/"},"modified":"2026-04-16T02:34:09","modified_gmt":"2026-04-15T23:34:09","slug":"50-maddede-yeni-dunya-duzeni","status":"publish","type":"product","link":"https:\/\/roveyayinevi.com.tr\/index.php\/urun\/50-maddede-yeni-dunya-duzeni\/","title":{"rendered":"50 Maddede Yeni D\u00fcnya D\u00fczeni"},"content":{"rendered":"<p>Yeni Normal ne olacak? Avrupa Birli\u011fi da\u011f\u0131lacak m\u0131? Gelece\u011fin meslekleri neler olacak? Dinin etkisi azalacak m\u0131? E\u011fitim nas\u0131l \u015fekillenecek? \u0130nsano\u011flu Mars\u2019ta koloni kurabilir mi? Gelecekte bebekler tasarlanabilecek mi? 21. y\u00fczy\u0131l kad\u0131nlar\u0131n y\u00fczy\u0131l\u0131 m\u0131 olacak? Yeni e\u011filimler ve gelecekte de hi\u00e7 de\u011fi\u015fmeyecek \u015feyler neler? 21. y\u00fczy\u0131la dair sorular, bu sorular\u0131n cevaplar\u0131ndan do\u011facak muhtemel sorular; gelece\u011fe dair tahminler, mevcut tahminler \u00fczerinden olas\u0131 de\u011ferlendirmeler ve cevap ararken merak edilecek daha \u00e7ok \u015fey. Gazeteci-yazar Do\u011fan Satm\u0131\u015f, olanlara ve olacaklara dair yapt\u0131\u011f\u0131 de\u011ferlendirmelerle daha \u00f6nce hi\u00e7 dikkatimizi \u00e7ekmeyen konular\u0131 g\u00fcndemimize ta\u015f\u0131rken zihnimizi me\u015fgul eden konulara da farkl\u0131 bir noktadan bakmam\u0131z\u0131 sa\u011flayacak. <\/p>\n","protected":false},"excerpt":{"rendered":"<p>Yeni Normal ne olacak? Avrupa Birli\u011fi da\u011f\u0131lacak m\u0131? Gelece\u011fin meslekleri neler olacak? Dinin etkisi azalacak m\u0131? E\u011fitim nas\u0131l \u015fekillenecek? \u0130nsano\u011flu Mars\u2019ta koloni kurabilir mi? Gelecekte bebekler<span class=\"excerpt-hellip\"> [\u2026]<\/span><\/p>\n","protected":false},"featured_media":0,"template":"","meta":{"_monsterinsights_skip_tracking":false,"_monsterinsights_sitenote_active":false,"_monsterinsights_sitenote_note":"","_monsterinsights_sitenote_category":0},"product_brand":[],"product_cat":[12325,12324],"product_tag":[],"class_list":{"0":"post-726498","1":"product","2":"type-product","3":"status-publish","5":"product_cat-diger-sosyoloji","6":"product_cat-sosyoloji","7":"pa_cilt-ciltsiz","8":"pa_tur-kitap","9":"pa_yayinevi-kara-karga-yayinlari","10":"pa_yazar-dogan-satmis","12":"first","13":"instock","14":"sale","15":"shipping-taxable","16":"purchasable","17":"product-type-simple"},"_links":{"self":[{"href":"https:\/\/roveyayinevi.com.tr\/index.php\/wp-json\/wp\/v2\/product\/726498","targetHints":{"allow":["GET"]}}],"collection":[{"href":"https:\/\/roveyayinevi.com.tr\/index.php\/wp-json\/wp\/v2\/product"}],"about":[{"href":"https:\/\/roveyayinevi.com.tr\/index.php\/wp-json\/wp\/v2\/types\/product"}],"wp:attachment":[{"href":"https:\/\/roveyayinevi.com.tr\/index.php\/wp-json\/wp\/v2\/media?parent=726498"}],"wp:term":[{"taxonomy":"product_brand","embeddable":true,"href":"https:\/\/roveyayinevi.com.tr\/index.php\/wp-json\/wp\/v2\/product_brand?post=726498"},{"taxonomy":"product_cat","embeddable":true,"href":"https:\/\/roveyayinevi.com.tr\/index.php\/wp-json\/wp\/v2\/product_cat?post=726498"},{"taxonomy":"product_tag","embeddable":true,"href":"https:\/\/roveyayinevi.com.tr\/index.php\/wp-json\/wp\/v2\/product_tag?post=726498"}],"curies":[{"name":"wp","href":"https:\/\/api.w.org\/{rel}","templated":true}]}}