{"id":726492,"date":"2025-08-27T20:07:42","date_gmt":"2025-08-27T17:07:42","guid":{"rendered":"https:\/\/roveyayinevi.com.tr\/index.php\/urun\/timbuktu-2\/"},"modified":"2026-04-16T02:34:08","modified_gmt":"2026-04-15T23:34:08","slug":"timbuktu-2","status":"publish","type":"product","link":"https:\/\/roveyayinevi.com.tr\/index.php\/urun\/timbuktu-2\/","title":{"rendered":"Timbuktu"},"content":{"rendered":"<p>Her ne kadar bug\u00fcn resmi olarak Mali\u2019nin s\u0131n\u0131rlar\u0131 i\u00e7inde yer alsa da, Timbuktu tek bir \u00fclkeye s\u0131\u011fmayacak kadar \u00fcnl\u00fc ve \u00f6nemli bir yer. Timbuktu b\u00fct\u00fcn Afrika\u2019n\u0131n ve Afrikal\u0131lar\u0131n \u015fehri. Bu kitapta anlatt\u0131\u011f\u0131m yol hik\u00e2yesi, fonda Mali gibi kocaman bir \u00fclke olsa da; B\u00fcy\u00fck Sahra \u00c7\u00f6l\u00fc\u2019n\u00fcn \u0131ss\u0131zl\u0131\u011f\u0131 ve sonsuzlu\u011fu i\u00e7inde yer alan, as\u0131rlar\u0131 ve co\u011frafyalar\u0131 dolduran gizem ve cazibesiyle her d\u00f6nemin seyyah\u0131n\u0131 kendisine \u00e7ekmi\u015f, g\u00f6r\u00fcn\u00fc\u015fte k\u00fc\u00e7\u00fck ama nam\u0131 iklimler \u00f6tesine yay\u0131lm\u0131\u015f Timbuktu\u2019ya, 2009 y\u0131l\u0131nda yap\u0131lm\u0131\u015f seyahatin hik\u00e2yesidir.<\/p>\n","protected":false},"excerpt":{"rendered":"<p>Her ne kadar bug\u00fcn resmi olarak Mali\u2019nin s\u0131n\u0131rlar\u0131 i\u00e7inde yer alsa da, Timbuktu tek bir \u00fclkeye s\u0131\u011fmayacak kadar \u00fcnl\u00fc ve \u00f6nemli bir yer. Timbuktu b\u00fct\u00fcn Afrika\u2019n\u0131n<span class=\"excerpt-hellip\"> [\u2026]<\/span><\/p>\n","protected":false},"featured_media":0,"template":"","meta":{"_monsterinsights_skip_tracking":false,"_monsterinsights_sitenote_active":false,"_monsterinsights_sitenote_note":"","_monsterinsights_sitenote_category":0},"product_brand":[],"product_cat":[13055,13054],"product_tag":[],"class_list":{"0":"post-726492","1":"product","2":"type-product","3":"status-publish","5":"product_cat-gezi-rehberi","6":"product_cat-gezi-ve-rehber-kitaplari","7":"pa_cilt-ciltsiz","8":"pa_tur-kitap","9":"pa_yayinevi-cumhuriyet-kitaplari","10":"pa_yazar-fazli-bulut","12":"first","13":"instock","14":"sale","15":"shipping-taxable","16":"purchasable","17":"product-type-simple"},"_links":{"self":[{"href":"https:\/\/roveyayinevi.com.tr\/index.php\/wp-json\/wp\/v2\/product\/726492","targetHints":{"allow":["GET"]}}],"collection":[{"href":"https:\/\/roveyayinevi.com.tr\/index.php\/wp-json\/wp\/v2\/product"}],"about":[{"href":"https:\/\/roveyayinevi.com.tr\/index.php\/wp-json\/wp\/v2\/types\/product"}],"wp:attachment":[{"href":"https:\/\/roveyayinevi.com.tr\/index.php\/wp-json\/wp\/v2\/media?parent=726492"}],"wp:term":[{"taxonomy":"product_brand","embeddable":true,"href":"https:\/\/roveyayinevi.com.tr\/index.php\/wp-json\/wp\/v2\/product_brand?post=726492"},{"taxonomy":"product_cat","embeddable":true,"href":"https:\/\/roveyayinevi.com.tr\/index.php\/wp-json\/wp\/v2\/product_cat?post=726492"},{"taxonomy":"product_tag","embeddable":true,"href":"https:\/\/roveyayinevi.com.tr\/index.php\/wp-json\/wp\/v2\/product_tag?post=726492"}],"curies":[{"name":"wp","href":"https:\/\/api.w.org\/{rel}","templated":true}]}}