{"id":726491,"date":"2025-08-27T20:07:41","date_gmt":"2025-08-27T17:07:41","guid":{"rendered":"https:\/\/roveyayinevi.com.tr\/index.php\/urun\/asili-dagin-kahini\/"},"modified":"2026-04-16T02:34:08","modified_gmt":"2026-04-15T23:34:08","slug":"asili-dagin-kahini","status":"publish","type":"product","link":"https:\/\/roveyayinevi.com.tr\/index.php\/urun\/asili-dagin-kahini\/","title":{"rendered":"As\u0131l\u0131 Da\u011f&#8217;\u0131n Kahini"},"content":{"rendered":"<p>Kimse sana inanmazken bilegelece\u011fi de\u011fi\u015ftirebilirsin.Krali\u00e7eyi Kurtarmak&#8217;\u0131n yazar\u0131ndanyeni roman! Krali\u00e7eyi Kurtarmak ve Haritada Kaybolmak adl\u0131 kitaplar\u0131yla \u00fclkemizde milyonlarca okura ula\u015fan Kanadal\u0131 yazar Vladimir Tumanov, d\u00fcnyada ilk kez T\u00fcrk\u00e7e yay\u0131mlanan yeni roman\u0131nda bu kez yak\u0131n tarihten ger\u00e7ek bir ser\u00fcvenin kap\u0131s\u0131n\u0131 aral\u0131yor. Bat\u0131 Anadolu mitolojisindeki &#8220;s\u00f6z\u00fcne inan\u0131lmayan k\u00e2hin&#8221; Kassandra karakterinden esinlendi\u011fi soluksuz macerada, insan\u0131n do\u011faya verdi\u011fi zararlar\u0131n sonu\u00e7lar\u0131n\u0131 d\u00fc\u015f\u00fcnd\u00fcr\u00fcyor. Bir \u00e7ocu\u011fun, sevdiklerini kurtarmak i\u00e7in at\u0131ld\u0131\u011f\u0131 amans\u0131z m\u00fccadeleyi, kasabal\u0131n\u0131n ac\u0131mas\u0131zca d\u0131\u015flad\u0131\u011f\u0131 bir ailenin ya\u015fad\u0131klar\u0131n\u0131 incelikli bir dille, zekice hik\u00e2yele\u015ftiriyor. \u00c7\u0131karlar\u0131 u\u011fruna toplum ya\u015fam\u0131n\u0131 tehlikeye atan y\u00f6neticilerin kar\u015f\u0131s\u0131na cesareti, dayan\u0131\u015fmay\u0131, umutla vazge\u00e7memeyi koyuyor. \u00dclkemizde say\u0131s\u0131z \u00e7ocu\u011fa matemati\u011fi ve co\u011frafyay\u0131 sevdiren fantastik romanlar\u0131yla tan\u0131nan Tumanov&#8217;u \u00e7ocuklar kadar e\u011fitimciler ve ebeveynler de b\u00fcy\u00fck ilgiyle okuyor.Kassandra, on ikinci do\u011fum g\u00fcn\u00fcne uyand\u0131\u011f\u0131 sabah, y\u0131llar sonras\u0131ndan gelen gizemli bir mektup bulur. Kendi elyaz\u0131s\u0131yla yaz\u0131lm\u0131\u015ft\u0131r ve b\u00fcy\u00fck bir felaketi haber vermektedir, \u00fcstelik g\u00fcn\u00fc ve saatiyle! Deh\u015fete d\u00fc\u015fer, kendisi d\u0131\u015f\u0131nda herkesin ya\u015fam\u0131n\u0131 kaybetmesine neden olacak bu felaketi engellemek i\u00e7in \u00e7\u0131rp\u0131n\u0131r. Ancak, Jay d\u0131\u015f\u0131nda kimse ona inanmaz ve ailesinin hayat\u0131 da k\u00e2busa d\u00f6ner. Felaketin ya\u015fanaca\u011f\u0131 saat h\u0131zla yakla\u015fmaktad\u0131r\u2026<\/p>\n","protected":false},"excerpt":{"rendered":"<p>Kimse sana inanmazken bilegelece\u011fi de\u011fi\u015ftirebilirsin.Krali\u00e7eyi Kurtarmak&#8217;\u0131n yazar\u0131ndanyeni roman! Krali\u00e7eyi Kurtarmak ve Haritada Kaybolmak adl\u0131 kitaplar\u0131yla \u00fclkemizde milyonlarca okura ula\u015fan Kanadal\u0131 yazar Vladimir Tumanov, d\u00fcnyada ilk kez<span class=\"excerpt-hellip\"> [\u2026]<\/span><\/p>\n","protected":false},"featured_media":0,"template":"","meta":{"_monsterinsights_skip_tracking":false,"_monsterinsights_sitenote_active":false,"_monsterinsights_sitenote_note":"","_monsterinsights_sitenote_category":0},"product_brand":[],"product_cat":[12275,12274],"product_tag":[],"class_list":{"0":"post-726491","1":"product","2":"type-product","3":"status-publish","5":"product_cat-6-12-yas-kitaplari","6":"product_cat-cocuk-ve-genclik-kitaplari","7":"pa_cilt-ciltsiz","8":"pa_tur-kitap","9":"pa_yayinevi-gunisigi-kitapligi","10":"pa_yazar-vladimir-tumanov","12":"first","13":"instock","14":"sale","15":"shipping-taxable","16":"purchasable","17":"product-type-simple"},"_links":{"self":[{"href":"https:\/\/roveyayinevi.com.tr\/index.php\/wp-json\/wp\/v2\/product\/726491","targetHints":{"allow":["GET"]}}],"collection":[{"href":"https:\/\/roveyayinevi.com.tr\/index.php\/wp-json\/wp\/v2\/product"}],"about":[{"href":"https:\/\/roveyayinevi.com.tr\/index.php\/wp-json\/wp\/v2\/types\/product"}],"wp:attachment":[{"href":"https:\/\/roveyayinevi.com.tr\/index.php\/wp-json\/wp\/v2\/media?parent=726491"}],"wp:term":[{"taxonomy":"product_brand","embeddable":true,"href":"https:\/\/roveyayinevi.com.tr\/index.php\/wp-json\/wp\/v2\/product_brand?post=726491"},{"taxonomy":"product_cat","embeddable":true,"href":"https:\/\/roveyayinevi.com.tr\/index.php\/wp-json\/wp\/v2\/product_cat?post=726491"},{"taxonomy":"product_tag","embeddable":true,"href":"https:\/\/roveyayinevi.com.tr\/index.php\/wp-json\/wp\/v2\/product_tag?post=726491"}],"curies":[{"name":"wp","href":"https:\/\/api.w.org\/{rel}","templated":true}]}}