{"id":726490,"date":"2025-08-27T20:07:40","date_gmt":"2025-08-27T17:07:40","guid":{"rendered":"https:\/\/roveyayinevi.com.tr\/index.php\/urun\/antropoloji-sozlugu-ciltli\/"},"modified":"2026-04-16T02:34:08","modified_gmt":"2026-04-15T23:34:08","slug":"antropoloji-sozlugu-ciltli","status":"publish","type":"product","link":"https:\/\/roveyayinevi.com.tr\/index.php\/urun\/antropoloji-sozlugu-ciltli\/","title":{"rendered":"Antropoloji S\u00f6zl\u00fc\u011f\u00fc (Ciltli )"},"content":{"rendered":"<p>T\u00fcm sosyal bilimlerin ve ilgili fen bilimlerinin kesi\u015fti\u011fi noktada duran antropoloji, g\u00fcn\u00fcm\u00fcz\u00fcn en dinamik bilimlerinden biri. Antropoloji S\u00f6zl\u00fc\u011f\u00fc bu hareketli alan\u0131 ele alan \u00e7ok kapsaml\u0131 bir \u00e7al\u0131\u015fma. Antropoloji S\u00f6zl\u00fc\u011f\u00fc\u2019n\u00fc biricik k\u0131lan \u00f6zelli\u011fi ise onun tarihsel ve g\u00fcncel malzemeyi bak\u0131\u015f\u0131ml\u0131 olarak ele almas\u0131. Antropolojinin tarihsel miras\u0131n\u0131 hakk\u0131yla ortaya koymakla yetinmeyip g\u00fcncel geli\u015fmelerle ortaya \u00e7\u0131kan zenginli\u011fi de yans\u0131tmas\u0131.   Ba\u015fta Kudret Emiro\u011flu ve Suavi Ayd\u0131n olmak \u00fczere, sahas\u0131nda \u00f6ne \u00e7\u0131kan 48 yazar\u0131n imzas\u0131n\u0131 ta\u015f\u0131yan bu kolektif \u00fcr\u00fcn; fiziki ve biyolojik antropoloji, antropoloji terimleri, ekolleri ve tarihi, \u00f6nemli antropologlar ve \u00e7al\u0131\u015fmalar\u0131yla dopdolu bir eser. \u00c7eviri s\u00f6zl\u00fcklerde g\u00f6r\u00fclen temel sorunlardan uzak olarak antropolojinin \u00fclkemizdeki maceras\u0131na da geni\u015f yer ay\u0131rmas\u0131 Antropoloji S\u00f6zl\u00fc\u011f\u00fc\u2019n\u00fc \u00f6zel k\u0131l\u0131yor. Bu \u201cyerli\u201dlik evrensel olanla kucakla\u015f\u0131rken \u201cokur dostu\u201d anlat\u0131m ve bask\u0131 da esere de\u011fer kat\u0131yor.   K\u00fcreselle\u015fen sermaye s\u0131n\u0131rlar\u0131 a\u015farken, dikenli tellerle sar\u0131lan \u201cvarolu\u015f\u201d s\u0131n\u0131rlar\u0131n\u0131n \u201cb\u00fcy\u00fck anlat\u0131lar\u0131n bitti\u011fi\u201d iddias\u0131yla \u00e7izildi\u011fi ortamda antropoloji, yani \u201cinsanbilim\u201d, bilimsel d\u00fc\u015f\u00fcn\u00fc\u015f\u00fcn insana \u00f6zg\u00fc cevherini yar\u0131nlara ta\u015f\u0131ma devingenli\u011fini korudu\u011funu da sergilemi\u015f oluyor. S\u00f6zl\u00fck, bu de\u011ferlendirmeyi yapmak i\u00e7in okura \u00f6nayak olma sorumlulu\u011funu \u00fcstleniyor.  Geni\u015fletilmi\u015f bu yeni bask\u0131, 1100\u2019den fazla madde ba\u015fl\u0131\u011f\u0131yla akademinin t\u00fcm bile\u015fenleri i\u00e7in \u00f6nemli bir g\u00f6revi yerine getiriyor. Ele\u015ftirel, \u00f6zenli ve \u00f6zg\u00fcn diliyle, ku\u015fat\u0131c\u0131 bak\u0131\u015f\u0131yla, \u015fa\u015f\u0131rt\u0131c\u0131 kapsam\u0131 ve derinli\u011fiyle Antropoloji S\u00f6zl\u00fc\u011f\u00fc temel bir ba\u015fvuru kayna\u011f\u0131. <\/p>\n","protected":false},"excerpt":{"rendered":"<p>T\u00fcm sosyal bilimlerin ve ilgili fen bilimlerinin kesi\u015fti\u011fi noktada duran antropoloji, g\u00fcn\u00fcm\u00fcz\u00fcn en dinamik bilimlerinden biri. Antropoloji S\u00f6zl\u00fc\u011f\u00fc bu hareketli alan\u0131 ele alan \u00e7ok kapsaml\u0131 bir<span class=\"excerpt-hellip\"> [\u2026]<\/span><\/p>\n","protected":false},"featured_media":0,"template":"","meta":{"_monsterinsights_skip_tracking":false,"_monsterinsights_sitenote_active":false,"_monsterinsights_sitenote_note":"","_monsterinsights_sitenote_category":0},"product_brand":[],"product_cat":[15499,13488],"product_tag":[],"class_list":{"0":"post-726490","1":"product","2":"type-product","3":"status-publish","5":"product_cat-antropoloji","6":"product_cat-toplum-ve-insan","7":"pa_cilt-ciltli","8":"pa_tur-kitap","9":"pa_yayinevi-islik-yayinlari","10":"pa_yazar-kudret-emiroglu-suavi-aydin","12":"first","13":"instock","14":"sale","15":"shipping-taxable","16":"purchasable","17":"product-type-simple"},"_links":{"self":[{"href":"https:\/\/roveyayinevi.com.tr\/index.php\/wp-json\/wp\/v2\/product\/726490","targetHints":{"allow":["GET"]}}],"collection":[{"href":"https:\/\/roveyayinevi.com.tr\/index.php\/wp-json\/wp\/v2\/product"}],"about":[{"href":"https:\/\/roveyayinevi.com.tr\/index.php\/wp-json\/wp\/v2\/types\/product"}],"wp:attachment":[{"href":"https:\/\/roveyayinevi.com.tr\/index.php\/wp-json\/wp\/v2\/media?parent=726490"}],"wp:term":[{"taxonomy":"product_brand","embeddable":true,"href":"https:\/\/roveyayinevi.com.tr\/index.php\/wp-json\/wp\/v2\/product_brand?post=726490"},{"taxonomy":"product_cat","embeddable":true,"href":"https:\/\/roveyayinevi.com.tr\/index.php\/wp-json\/wp\/v2\/product_cat?post=726490"},{"taxonomy":"product_tag","embeddable":true,"href":"https:\/\/roveyayinevi.com.tr\/index.php\/wp-json\/wp\/v2\/product_tag?post=726490"}],"curies":[{"name":"wp","href":"https:\/\/api.w.org\/{rel}","templated":true}]}}