{"id":726489,"date":"2025-08-27T20:07:39","date_gmt":"2025-08-27T17:07:39","guid":{"rendered":"https:\/\/roveyayinevi.com.tr\/index.php\/urun\/islamin-adalet-savascilari\/"},"modified":"2026-04-16T02:34:08","modified_gmt":"2026-04-15T23:34:08","slug":"islamin-adalet-savascilari","status":"publish","type":"product","link":"https:\/\/roveyayinevi.com.tr\/index.php\/urun\/islamin-adalet-savascilari\/","title":{"rendered":"\u0130slam\u0131n Adalet Sava\u015f\u00e7\u0131lar\u0131"},"content":{"rendered":"<p>Bu \u00e7al\u0131\u015fman\u0131n amac\u0131, me\u015fruiyetini \u015f\u00fbr\u00e2 ve biat ilkesinden alan \u201cHilafet\u201d kurumunu, daha \u0130sl\u00e2m\u0131n ilk asr\u0131nda, saltanata d\u00f6n\u00fc\u015ft\u00fcren anlay\u0131\u015fa kar\u015f\u0131 verilen m\u00fccadele ve k\u0131yam (ba\u015fkald\u0131r\u0131) hareketlerini incelemektir. Bilhassa Muaviye\u2019nin, Hz. Osman\u2019\u0131n katledilmesinden sonra O\u2019nun kan\u0131n\u0131 bahane ederek, Hz. Ali\u2019ye kar\u015f\u0131 \u00e7\u0131kmas\u0131 ve daha sonra  Hz. Hasan\u2019\u0131n da devre d\u0131\u015f\u0131 kalmas\u0131yla sahip oldu\u011fu y\u00f6netimi, kendi \u00f6l\u00fcm\u00fcnden sonra yerine ge\u00e7mek \u00fczere o\u011flu Yezid\u2019e devrederek, hil\u00e2fet sistemini saltanat sistemine d\u00f6n\u00fc\u015ft\u00fcrmesi, m\u00fcsl\u00fcmanlar\u0131n tarih boyunca ele\u015ftirdikleri konu olmu\u015ftur. T\u00fcm Emev\u00ee ve Abbas\u00eeler d\u00f6nemi boyunca tahta ge\u00e7en sultanlardan \u2013 birka\u00e7\u0131 hari\u00e7 &#8211; b\u00fcy\u00fck \u00e7o\u011funlu\u011fu sahip oldu\u011fu otoriteyi, gerek halk\u0131n, gerekse \u0130sl\u00e2m ulem\u00e2s\u0131n\u0131n \u00fczerinde bir bask\u0131 unsuru olarak kullanm\u0131\u015flard\u0131r. Bu bask\u0131lardan en \u00e7ok etkilenenler, her iki d\u00f6nemde de sultanlar\u0131n keyf\u00ee uygulamalar\u0131na kar\u015f\u0131 \u00e7\u0131kan alimler olmu\u015ftur. Bunlar\u0131n ba\u015f\u0131nda Ehli-Beyt soyundan gelen alimler \u00fczerindeki bask\u0131lar\u0131 \u00e7o\u011funluktad\u0131r. Bu \u00e7al\u0131\u015fmam\u0131z\u0131n esas konusunu olu\u015fturan,  saltanata kar\u015f\u0131 yap\u0131lan isyanlara ge\u00e7meden \u00f6nce, \u0130sl\u00e2m\u00ee y\u00f6netim bi\u00e7imi olan hil\u00e2fet kurumunun, niteli\u011fini ve niceli\u011fini, \u0130sl\u00e2m\u2019da iktidar\u0131n kayna\u011f\u0131n\u0131 ve \u0130sl\u00e2m\u00ee y\u00f6netimin  dayand\u0131\u011f\u0131 temel ilkeri ara\u015ft\u0131rd\u0131k. Temel ilkerin  ne oldu\u011fu bilinirse, bu ilkelerden  yap\u0131lan sapmalar daha kolay anla\u015f\u0131l\u0131r. <\/p>\n","protected":false},"excerpt":{"rendered":"<p>Bu \u00e7al\u0131\u015fman\u0131n amac\u0131, me\u015fruiyetini \u015f\u00fbr\u00e2 ve biat ilkesinden alan \u201cHilafet\u201d kurumunu, daha \u0130sl\u00e2m\u0131n ilk asr\u0131nda, saltanata d\u00f6n\u00fc\u015ft\u00fcren anlay\u0131\u015fa kar\u015f\u0131 verilen m\u00fccadele ve k\u0131yam (ba\u015fkald\u0131r\u0131) hareketlerini incelemektir.<span class=\"excerpt-hellip\"> [\u2026]<\/span><\/p>\n","protected":false},"featured_media":0,"template":"","meta":{"_monsterinsights_skip_tracking":false,"_monsterinsights_sitenote_active":false,"_monsterinsights_sitenote_note":"","_monsterinsights_sitenote_category":0},"product_brand":[],"product_cat":[13036,12718,12719],"product_tag":[],"class_list":{"0":"post-726489","1":"product","2":"type-product","3":"status-publish","5":"product_cat-arastirma-inceleme-islam","6":"product_cat-din","7":"product_cat-islam","8":"pa_cilt-ciltsiz","9":"pa_tur-kitap","10":"pa_yayinevi-kultur-ajans-yayinlari","11":"pa_yazar-ramazan-caner-cerci","13":"first","14":"instock","15":"sale","16":"shipping-taxable","17":"purchasable","18":"product-type-simple"},"_links":{"self":[{"href":"https:\/\/roveyayinevi.com.tr\/index.php\/wp-json\/wp\/v2\/product\/726489","targetHints":{"allow":["GET"]}}],"collection":[{"href":"https:\/\/roveyayinevi.com.tr\/index.php\/wp-json\/wp\/v2\/product"}],"about":[{"href":"https:\/\/roveyayinevi.com.tr\/index.php\/wp-json\/wp\/v2\/types\/product"}],"wp:attachment":[{"href":"https:\/\/roveyayinevi.com.tr\/index.php\/wp-json\/wp\/v2\/media?parent=726489"}],"wp:term":[{"taxonomy":"product_brand","embeddable":true,"href":"https:\/\/roveyayinevi.com.tr\/index.php\/wp-json\/wp\/v2\/product_brand?post=726489"},{"taxonomy":"product_cat","embeddable":true,"href":"https:\/\/roveyayinevi.com.tr\/index.php\/wp-json\/wp\/v2\/product_cat?post=726489"},{"taxonomy":"product_tag","embeddable":true,"href":"https:\/\/roveyayinevi.com.tr\/index.php\/wp-json\/wp\/v2\/product_tag?post=726489"}],"curies":[{"name":"wp","href":"https:\/\/api.w.org\/{rel}","templated":true}]}}