{"id":726488,"date":"2025-08-27T20:07:38","date_gmt":"2025-08-27T17:07:38","guid":{"rendered":"https:\/\/roveyayinevi.com.tr\/index.php\/urun\/sehitlere-adanmis-siirler-antolojisi\/"},"modified":"2026-02-03T02:49:42","modified_gmt":"2026-02-02T23:49:42","slug":"sehitlere-adanmis-siirler-antolojisi","status":"publish","type":"product","link":"https:\/\/roveyayinevi.com.tr\/index.php\/urun\/sehitlere-adanmis-siirler-antolojisi\/","title":{"rendered":"\u015eehitlere Adanm\u0131\u015f \u015eiirler Antolojisi"},"content":{"rendered":"<p>Milletler, kendi tarihleri ve k\u00fclt\u00fcrleri ile var olurlar ve ya\u015farlar. D\u00fcnya hayat\u0131ndaki yerlerini de bu de\u011ferleriyle birlikte al\u0131rlar. Tarihi \u015fan ve \u015ferefle dolu bir milletiz. Atalar\u0131m\u0131z vatan, millet ve inan\u00e7lar\u0131 u\u011frunda her t\u00fcrl\u00fc zorlu\u011fa g\u00f6\u011f\u00fcs germi\u015f, gerekti\u011finde canlar\u0131n\u0131, mallar\u0131n\u0131 vermekten \u00e7ekinmemi\u015flerdir.  Bug\u00fcn dahi yurt i\u00e7inde ve d\u0131\u015f\u0131nda ter\u00f6rle m\u00fccadele etmekteyiz. Biz, d\u00fc\u015fman\u0131 \u00e7ok olan ve eksilmeyen bir milletiz. Vatan\u0131 korumak; kollamak hem mill\u00ee hem de din\u00ee bir g\u00f6revdir.Dinimiz vatan savunmas\u0131 i\u00e7in sava\u015fmay\u0131, m\u00fccadeleyi ibadet saym\u0131\u015ft\u0131r. Bunun i\u00e7in her zaman, her yerde haz\u0131rl\u0131kl\u0131 olmam\u0131z gerekmektedir. Vatan m\u00fcdafaas\u0131na \u00f6nem veren atalar\u0131m\u0131z yeri geldi\u011finde bu g\u00f6rev i\u00e7in cepheye gitmeyi, cephede \u00e7arp\u0131\u015fmay\u0131, bunun sonunda \u015fehit ya da gazi olmay\u0131 \u015ferefli bir g\u00f6rev saym\u0131\u015flard\u0131r. Dinimizi, bayra\u011f\u0131m\u0131z\u0131, vatan\u0131m\u0131z\u0131, namusumuzu, \u015ferefimizi korumak; h\u00fcr ya\u015famak, ba\u011f\u0131ms\u0131z devlet olmak, insan gibi ya\u015faman\u0131n bedeli ne ise tarih boyunca milletimiz taraf\u0131ndan \u00f6denmi\u015f, \u00f6denmeye de devam etmektedir. Bug\u00fcn her kar\u0131\u015f\u0131 \u015fehit kanlar\u0131 ile sulanm\u0131\u015f vatan topra\u011f\u0131 \u00fczerinde ya\u015famaktay\u0131z. T\u00fcrk milleti, \u015fehitli\u011fin y\u00fcksek bir mevki oldu\u011funu bilir, \u201c\u00d6l\u00fcrsem \u015fehit olurum, kal\u0131rsam gazi\u201d inanc\u0131yla ya\u015fam\u0131\u015f ve ebediyen ya\u015famaya da devam edecektir. <\/p>\n","protected":false},"excerpt":{"rendered":"<p>Milletler, kendi tarihleri ve k\u00fclt\u00fcrleri ile var olurlar ve ya\u015farlar. D\u00fcnya hayat\u0131ndaki yerlerini de bu de\u011ferleriyle birlikte al\u0131rlar. Tarihi \u015fan ve \u015ferefle dolu bir milletiz. Atalar\u0131m\u0131z<span class=\"excerpt-hellip\"> [\u2026]<\/span><\/p>\n","protected":false},"featured_media":0,"template":"","meta":{"_monsterinsights_skip_tracking":false,"_monsterinsights_sitenote_active":false,"_monsterinsights_sitenote_note":"","_monsterinsights_sitenote_category":0},"product_brand":[],"product_cat":[12291,12509],"product_tag":[],"class_list":{"0":"post-726488","1":"product","2":"type-product","3":"status-publish","5":"product_cat-edebiyat","6":"product_cat-siir","7":"pa_cilt-ciltsiz","8":"pa_tur-kitap","9":"pa_yayinevi-kultur-ajans-yayinlari","10":"pa_yazar-celal-demir","12":"first","13":"instock","14":"sale","15":"shipping-taxable","16":"purchasable","17":"product-type-simple"},"_links":{"self":[{"href":"https:\/\/roveyayinevi.com.tr\/index.php\/wp-json\/wp\/v2\/product\/726488","targetHints":{"allow":["GET"]}}],"collection":[{"href":"https:\/\/roveyayinevi.com.tr\/index.php\/wp-json\/wp\/v2\/product"}],"about":[{"href":"https:\/\/roveyayinevi.com.tr\/index.php\/wp-json\/wp\/v2\/types\/product"}],"wp:attachment":[{"href":"https:\/\/roveyayinevi.com.tr\/index.php\/wp-json\/wp\/v2\/media?parent=726488"}],"wp:term":[{"taxonomy":"product_brand","embeddable":true,"href":"https:\/\/roveyayinevi.com.tr\/index.php\/wp-json\/wp\/v2\/product_brand?post=726488"},{"taxonomy":"product_cat","embeddable":true,"href":"https:\/\/roveyayinevi.com.tr\/index.php\/wp-json\/wp\/v2\/product_cat?post=726488"},{"taxonomy":"product_tag","embeddable":true,"href":"https:\/\/roveyayinevi.com.tr\/index.php\/wp-json\/wp\/v2\/product_tag?post=726488"}],"curies":[{"name":"wp","href":"https:\/\/api.w.org\/{rel}","templated":true}]}}