{"id":726487,"date":"2025-08-27T20:07:38","date_gmt":"2025-08-27T17:07:38","guid":{"rendered":"https:\/\/roveyayinevi.com.tr\/index.php\/urun\/z-kusagi-cocuk-yetistirmek\/"},"modified":"2026-04-16T02:34:08","modified_gmt":"2026-04-15T23:34:08","slug":"z-kusagi-cocuk-yetistirmek","status":"publish","type":"product","link":"https:\/\/roveyayinevi.com.tr\/index.php\/urun\/z-kusagi-cocuk-yetistirmek\/","title":{"rendered":"Z Ku\u015fa\u011f\u0131 \u00c7ocuk Yeti\u015ftirmek"},"content":{"rendered":"<p>\u00c7ocu\u011fa dair her \u015feyi \u00e7ocuktan \u00f6\u011freniriz ve her \u00e7ocuk kendine \u00f6zg\u00fc ki\u015fili\u011fi, becerileri ileti\u015fim dili oldu\u011fundan onlar\u0131 tan\u0131madan onlarla ileti\u015fim halinde olmadan bilmek m\u00fcmk\u00fcn de\u011fildir. O k\u00fc\u00e7\u00fck d\u00fcnyalar\u0131nda kocaman sakl\u0131 bir hazine vard\u0131r bilene ve ke\u015ffedene&#8230; Sahada bilgisiyle donan\u0131m\u0131yla hakl\u0131 isim yapm\u0131\u015f siz iki de\u011ferli dosttan bu kitap muhte\u015fem bilgiler verecek. Ebeveynler a\u00e7\u0131s\u0131ndan bir \u015feyleri fark etmek maalesef yeterli olmuyor, yol g\u00f6stericili\u011fe yol g\u00f6sterirken de her ailenin dinamiklerinin ve her bir \u00e7ocu\u011fun \u00f6zel ve g\u00fczelli\u011fine dem vurarak verilen yol g\u00f6stericilik, her \u00e7ocu\u011fu gelece\u011fe ya\u015fama haz\u0131rlamak ad\u0131na paha bi\u00e7ilmez olacak. Filiz D\u0130LMEN Psikolojik Dan\u0131\u015fman Aile Dan\u0131\u015fman\u0131 <\/p>\n","protected":false},"excerpt":{"rendered":"<p>\u00c7ocu\u011fa dair her \u015feyi \u00e7ocuktan \u00f6\u011freniriz ve her \u00e7ocuk kendine \u00f6zg\u00fc ki\u015fili\u011fi, becerileri ileti\u015fim dili oldu\u011fundan onlar\u0131 tan\u0131madan onlarla ileti\u015fim halinde olmadan bilmek m\u00fcmk\u00fcn de\u011fildir. O<span class=\"excerpt-hellip\"> [\u2026]<\/span><\/p>\n","protected":false},"featured_media":0,"template":"","meta":{"_monsterinsights_skip_tracking":false,"_monsterinsights_sitenote_active":false,"_monsterinsights_sitenote_note":"","_monsterinsights_sitenote_category":0},"product_brand":[],"product_cat":[17996,12364],"product_tag":[],"class_list":{"0":"post-726487","1":"product","2":"type-product","3":"status-publish","5":"product_cat-ebeveyn-kitaplari","6":"product_cat-genel-konular","7":"pa_cilt-ciltsiz","8":"pa_tur-kitap","9":"pa_yayinevi-us-yayinlari","10":"pa_yazar-emel-seri-aslihan-duran-akca","12":"first","13":"instock","14":"sale","15":"shipping-taxable","16":"purchasable","17":"product-type-simple"},"_links":{"self":[{"href":"https:\/\/roveyayinevi.com.tr\/index.php\/wp-json\/wp\/v2\/product\/726487","targetHints":{"allow":["GET"]}}],"collection":[{"href":"https:\/\/roveyayinevi.com.tr\/index.php\/wp-json\/wp\/v2\/product"}],"about":[{"href":"https:\/\/roveyayinevi.com.tr\/index.php\/wp-json\/wp\/v2\/types\/product"}],"wp:attachment":[{"href":"https:\/\/roveyayinevi.com.tr\/index.php\/wp-json\/wp\/v2\/media?parent=726487"}],"wp:term":[{"taxonomy":"product_brand","embeddable":true,"href":"https:\/\/roveyayinevi.com.tr\/index.php\/wp-json\/wp\/v2\/product_brand?post=726487"},{"taxonomy":"product_cat","embeddable":true,"href":"https:\/\/roveyayinevi.com.tr\/index.php\/wp-json\/wp\/v2\/product_cat?post=726487"},{"taxonomy":"product_tag","embeddable":true,"href":"https:\/\/roveyayinevi.com.tr\/index.php\/wp-json\/wp\/v2\/product_tag?post=726487"}],"curies":[{"name":"wp","href":"https:\/\/api.w.org\/{rel}","templated":true}]}}