{"id":726484,"date":"2025-08-27T20:07:35","date_gmt":"2025-08-27T17:07:35","guid":{"rendered":"https:\/\/roveyayinevi.com.tr\/index.php\/urun\/buyume-surecinde-kobilerde-karsilasilan-sorunlar-ve-aile-isletmelerinde-kurumsallasma\/"},"modified":"2026-04-16T02:34:08","modified_gmt":"2026-04-15T23:34:08","slug":"buyume-surecinde-kobilerde-karsilasilan-sorunlar-ve-aile-isletmelerinde-kurumsallasma","status":"publish","type":"product","link":"https:\/\/roveyayinevi.com.tr\/index.php\/urun\/buyume-surecinde-kobilerde-karsilasilan-sorunlar-ve-aile-isletmelerinde-kurumsallasma\/","title":{"rendered":"B\u00fcy\u00fcme S\u00fcrecinde KOB\u0130\u2019lerde Kar\u015f\u0131la\u015f\u0131lan Sorunlar ve Aile \u0130\u015fletmelerinde Kurumsalla\u015fma"},"content":{"rendered":"<p>B\u00fcy\u00fcme S\u00fcrecinde KOB\u0130\u2019lerde Kar\u015f\u0131la\u015f\u0131lan Sorunlar ve Aile \u0130\u015fletmelerinde Kurumsalla\u015fma<\/p>\n","protected":false},"excerpt":{"rendered":"<p>B\u00fcy\u00fcme S\u00fcrecinde KOB\u0130\u2019lerde Kar\u015f\u0131la\u015f\u0131lan Sorunlar ve Aile \u0130\u015fletmelerinde Kurumsalla\u015fma<\/p>\n","protected":false},"featured_media":0,"template":"","meta":{"_monsterinsights_skip_tracking":false,"_monsterinsights_sitenote_active":false,"_monsterinsights_sitenote_note":"","_monsterinsights_sitenote_category":0},"product_brand":[],"product_cat":[13043,14381],"product_tag":[],"class_list":{"0":"post-726484","1":"product","2":"type-product","3":"status-publish","5":"product_cat-ekonomi","6":"product_cat-isletme-muhasebe-maliye","7":"pa_cilt-ciltsiz","8":"pa_tur-kitap","9":"pa_yayinevi-gazi-kitabevi","10":"pa_yazar-ahmet-diken","12":"first","13":"instock","14":"sale","15":"shipping-taxable","16":"purchasable","17":"product-type-simple"},"_links":{"self":[{"href":"https:\/\/roveyayinevi.com.tr\/index.php\/wp-json\/wp\/v2\/product\/726484","targetHints":{"allow":["GET"]}}],"collection":[{"href":"https:\/\/roveyayinevi.com.tr\/index.php\/wp-json\/wp\/v2\/product"}],"about":[{"href":"https:\/\/roveyayinevi.com.tr\/index.php\/wp-json\/wp\/v2\/types\/product"}],"wp:attachment":[{"href":"https:\/\/roveyayinevi.com.tr\/index.php\/wp-json\/wp\/v2\/media?parent=726484"}],"wp:term":[{"taxonomy":"product_brand","embeddable":true,"href":"https:\/\/roveyayinevi.com.tr\/index.php\/wp-json\/wp\/v2\/product_brand?post=726484"},{"taxonomy":"product_cat","embeddable":true,"href":"https:\/\/roveyayinevi.com.tr\/index.php\/wp-json\/wp\/v2\/product_cat?post=726484"},{"taxonomy":"product_tag","embeddable":true,"href":"https:\/\/roveyayinevi.com.tr\/index.php\/wp-json\/wp\/v2\/product_tag?post=726484"}],"curies":[{"name":"wp","href":"https:\/\/api.w.org\/{rel}","templated":true}]}}