{"id":726483,"date":"2025-08-27T20:07:34","date_gmt":"2025-08-27T17:07:34","guid":{"rendered":"https:\/\/roveyayinevi.com.tr\/index.php\/urun\/icimde-intihar-korkusu-var\/"},"modified":"2026-04-16T02:34:08","modified_gmt":"2026-04-15T23:34:08","slug":"icimde-intihar-korkusu-var","status":"publish","type":"product","link":"https:\/\/roveyayinevi.com.tr\/index.php\/urun\/icimde-intihar-korkusu-var\/","title":{"rendered":"\u0130\u00e7imde \u0130ntihar Korkusu Var"},"content":{"rendered":"<p>Y\u00fcreklerimiz ki art\u0131k ta\u015f\u0131maktanve mana y\u00fcklemekten yoruldu\u011fumuz birer mahzendir.\u201cBen y\u00fcre\u011fini yitirmi\u015f bu zamandan korkuyorum.\u201dF\u00fcru\u011f FerruhzadEvde kalm\u0131\u015f gen\u00e7 k\u0131zlar\u0131n, o\u011flu askerde \u015fafak sayan annelerin, sevdi\u011fini binbir \u00fcmit ile bekleyenlerin, kap\u0131s\u0131n\u0131 do\u011fru insana a\u00e7mak i\u00e7in perde arkalar\u0131nda gizlenen bakirelerin, Mushaf\u2019\u0131 anlamak ve anlatmak gayreti ile medreselerin karanl\u0131k odalar\u0131na \u00e7ekilip ezberledikleri her ayeti daha ilk g\u00fcnm\u00fc\u015f gibi okuyan gen\u00e7 k\u0131zlar\u0131n, bodrum katlar\u0131n\u0131n rutubetli, sigara kokusu sinmi\u015f duvarlar\u0131n\u0131n aras\u0131nda tekstil i\u015f\u00e7ili\u011fi, nakka\u015fl\u0131k yapan, meslek \u00f6\u011frenebilmek i\u00e7in direnen gen\u00e7lerin ta\u015f\u0131d\u0131\u011f\u0131 y\u00fcreklerdir y\u00fcreklerimiz.Y\u00fcreklerimiz ki art\u0131k ta\u015f\u0131maktan ve mana y\u00fcklemekten yoruldu\u011fumuz, a\u011f\u0131r i\u015f\u00e7ilik ile bedeller \u00f6dedi\u011fimiz birer mahzendir.G\u00f6rd\u00fcklerimizin \u00fcrperti ve \u015fa\u015fk\u0131nl\u0131\u011f\u0131 ile ayak uydurmaya \u00e7al\u0131\u015f\u0131rken \u00e7a\u011f\u0131n g\u00fcr\u00fclt\u00fcs\u00fcne, \u00fczerimizden bir t\u00fcrl\u00fc atamad\u0131\u011f\u0131m\u0131z acemilik dolan\u0131p duruyor ayaku\u00e7lar\u0131m\u0131za.\u0130\u00e7imizde bir intihar korkusu\u2026\u0130\u00e7imde bir intihar korkusu\u2026<\/p>\n","protected":false},"excerpt":{"rendered":"<p>Y\u00fcreklerimiz ki art\u0131k ta\u015f\u0131maktanve mana y\u00fcklemekten yoruldu\u011fumuz birer mahzendir.\u201cBen y\u00fcre\u011fini yitirmi\u015f bu zamandan korkuyorum.\u201dF\u00fcru\u011f FerruhzadEvde kalm\u0131\u015f gen\u00e7 k\u0131zlar\u0131n, o\u011flu askerde \u015fafak sayan annelerin, sevdi\u011fini binbir \u00fcmit<span class=\"excerpt-hellip\"> [\u2026]<\/span><\/p>\n","protected":false},"featured_media":0,"template":"","meta":{"_monsterinsights_skip_tracking":false,"_monsterinsights_sitenote_active":false,"_monsterinsights_sitenote_note":"","_monsterinsights_sitenote_category":0},"product_brand":[],"product_cat":[12777,12291],"product_tag":[],"class_list":{"0":"post-726483","1":"product","2":"type-product","3":"status-publish","5":"product_cat-deneme","6":"product_cat-edebiyat","7":"pa_cilt-ciltsiz","8":"pa_tur-kitap","9":"pa_yayinevi-hayykitap","10":"pa_yazar-faruk-yigit-araz","12":"first","13":"instock","14":"sale","15":"shipping-taxable","16":"purchasable","17":"product-type-simple"},"_links":{"self":[{"href":"https:\/\/roveyayinevi.com.tr\/index.php\/wp-json\/wp\/v2\/product\/726483","targetHints":{"allow":["GET"]}}],"collection":[{"href":"https:\/\/roveyayinevi.com.tr\/index.php\/wp-json\/wp\/v2\/product"}],"about":[{"href":"https:\/\/roveyayinevi.com.tr\/index.php\/wp-json\/wp\/v2\/types\/product"}],"wp:attachment":[{"href":"https:\/\/roveyayinevi.com.tr\/index.php\/wp-json\/wp\/v2\/media?parent=726483"}],"wp:term":[{"taxonomy":"product_brand","embeddable":true,"href":"https:\/\/roveyayinevi.com.tr\/index.php\/wp-json\/wp\/v2\/product_brand?post=726483"},{"taxonomy":"product_cat","embeddable":true,"href":"https:\/\/roveyayinevi.com.tr\/index.php\/wp-json\/wp\/v2\/product_cat?post=726483"},{"taxonomy":"product_tag","embeddable":true,"href":"https:\/\/roveyayinevi.com.tr\/index.php\/wp-json\/wp\/v2\/product_tag?post=726483"}],"curies":[{"name":"wp","href":"https:\/\/api.w.org\/{rel}","templated":true}]}}