{"id":726482,"date":"2025-08-27T20:07:34","date_gmt":"2025-08-27T17:07:34","guid":{"rendered":"https:\/\/roveyayinevi.com.tr\/index.php\/urun\/ayirici-karsitliklar-ses-birimleri-arasindaki-ayirici-karsitliklar-uzerine-kurulan-dizgelerin-bilgi-kuramina-gore-yorumu\/"},"modified":"2026-04-16T02:34:08","modified_gmt":"2026-04-15T23:34:08","slug":"ayirici-karsitliklar-ses-birimleri-arasindaki-ayirici-karsitliklar-uzerine-kurulan-dizgelerin-bilgi-kuramina-gore-yorumu","status":"publish","type":"product","link":"https:\/\/roveyayinevi.com.tr\/index.php\/urun\/ayirici-karsitliklar-ses-birimleri-arasindaki-ayirici-karsitliklar-uzerine-kurulan-dizgelerin-bilgi-kuramina-gore-yorumu\/","title":{"rendered":"Ay\u0131r\u0131c\u0131 Kar\u015f\u0131tl\u0131klar Ses Birimleri Aras\u0131ndaki Ay\u0131r\u0131c\u0131 Kar\u015f\u0131tl\u0131klar \u00dczerine Kurulan Dizgelerin Bilgi Kuram\u0131na G\u00f6re Yorumu"},"content":{"rendered":"<p>Ay\u0131r\u0131c\u0131 Kar\u015f\u0131tl\u0131klar Ses Birimleri Aras\u0131ndaki Ay\u0131r\u0131c\u0131 Kar\u015f\u0131tl\u0131klar \u00dczerine Kurulan Dizgelerin Bilgi Kuram\u0131na G\u00f6re Yorumu <\/p>\n","protected":false},"excerpt":{"rendered":"<p>Ay\u0131r\u0131c\u0131 Kar\u015f\u0131tl\u0131klar Ses Birimleri Aras\u0131ndaki Ay\u0131r\u0131c\u0131 Kar\u015f\u0131tl\u0131klar \u00dczerine Kurulan Dizgelerin Bilgi Kuram\u0131na G\u00f6re Yorumu<\/p>\n","protected":false},"featured_media":0,"template":"","meta":{"_monsterinsights_skip_tracking":false,"_monsterinsights_sitenote_active":false,"_monsterinsights_sitenote_note":"","_monsterinsights_sitenote_category":0},"product_brand":[],"product_cat":[20225,12291],"product_tag":[],"class_list":{"0":"post-726482","1":"product","2":"type-product","3":"status-publish","5":"product_cat-dil-bilim","6":"product_cat-edebiyat","7":"pa_cilt-ciltsiz","8":"pa_tur-kitap","9":"pa_yayinevi-gazi-kitabevi","10":"pa_yazar-caglayan-yilmaz","12":"first","13":"instock","14":"sale","15":"shipping-taxable","16":"purchasable","17":"product-type-simple"},"_links":{"self":[{"href":"https:\/\/roveyayinevi.com.tr\/index.php\/wp-json\/wp\/v2\/product\/726482","targetHints":{"allow":["GET"]}}],"collection":[{"href":"https:\/\/roveyayinevi.com.tr\/index.php\/wp-json\/wp\/v2\/product"}],"about":[{"href":"https:\/\/roveyayinevi.com.tr\/index.php\/wp-json\/wp\/v2\/types\/product"}],"wp:attachment":[{"href":"https:\/\/roveyayinevi.com.tr\/index.php\/wp-json\/wp\/v2\/media?parent=726482"}],"wp:term":[{"taxonomy":"product_brand","embeddable":true,"href":"https:\/\/roveyayinevi.com.tr\/index.php\/wp-json\/wp\/v2\/product_brand?post=726482"},{"taxonomy":"product_cat","embeddable":true,"href":"https:\/\/roveyayinevi.com.tr\/index.php\/wp-json\/wp\/v2\/product_cat?post=726482"},{"taxonomy":"product_tag","embeddable":true,"href":"https:\/\/roveyayinevi.com.tr\/index.php\/wp-json\/wp\/v2\/product_tag?post=726482"}],"curies":[{"name":"wp","href":"https:\/\/api.w.org\/{rel}","templated":true}]}}