{"id":726481,"date":"2025-08-27T20:07:33","date_gmt":"2025-08-27T17:07:33","guid":{"rendered":"https:\/\/roveyayinevi.com.tr\/index.php\/urun\/duz-yokusun-sakinleri\/"},"modified":"2026-04-13T02:42:23","modified_gmt":"2026-04-12T23:42:23","slug":"duz-yokusun-sakinleri","status":"publish","type":"product","link":"https:\/\/roveyayinevi.com.tr\/index.php\/urun\/duz-yokusun-sakinleri\/","title":{"rendered":"D\u00fcz Yoku\u015fun Sakinleri"},"content":{"rendered":"<p>Kulaklar\u0131na f\u0131s\u0131ldanan sesleri en \u00e7ok duyan,i\u00e7lerinde biriken zehri fark\u0131na varmadan ekip bi\u00e7enlerin hik\u00e2yeleri\u2026\u201cG\u00f6be\u011fim b\u00fcy\u00fcm\u00fc\u015f iyice. Her \u015feyi karn\u0131mda toplam\u0131\u015f\u0131m. B\u00fct\u00fcn o \u00f6zlediklerim, \u00f6zendiklerim. B\u0131kt\u0131klar\u0131m, biriktirdiklerim. Hepsi dert olmu\u015f. Karn\u0131mda. Perdenin arkas\u0131ndan soka\u011fa bak\u0131yorum. D\u0131\u015farda g\u00fcr\u00fcl g\u00fcr\u00fcl akan bir d\u00fcnya, bensiz. Herkes bir yerlere gidiyor. Telefonlar ellerinde. Ya konu\u015fuyor, ya mesaj yaz\u0131yor ya da foto\u011fraf \u00e7ekiyorlar. \u0130nsanlar\u0131 var. Ben evde tek ba\u015f\u0131ma.\u201dHayat\u0131n yoku\u015fu kaderdendir. Kimine d\u00fcz, dertsiz olan sokak kimine alabildi\u011fine dik bir yoku\u015ftur. G\u00f6z\u00fcn\u00fc yoku\u015fun ba\u015f\u0131na dikmezsin, ba\u015f\u0131n\u0131 e\u011fersin y\u0131ld\u0131rmas\u0131n diye, dayanabildi\u011fim kadar dayanay\u0131m diye, g\u00fcc\u00fcm yetti\u011fince s\u00fcrd\u00fcrebileyim diye, ba\u015f\u0131n\u0131 e\u011fer, katlanman\u0131n bir yolunu arars\u0131n.En \u00e7ok biriktiren, en \u00e7ok g\u00f6lgelerine, g\u00f6lgelere s\u0131\u011f\u0131nanlar\u0131n\u2026 Kulaklar\u0131na f\u0131s\u0131ldanan sesleri en \u00e7ok duyan, i\u00e7lerinde biriken zehri fark\u0131na varmadan ekip bi\u00e7enlerin hik\u00e2yeleri\u2026\u0130\u00e7e d\u00f6n\u00fck, hayatlar\u0131n\u0131n k\u0131y\u0131lar\u0131nda kalm\u0131\u015f, b\u0131rak\u0131lm\u0131\u015f, yaral\u0131, yaralar\u0131n\u0131 kimseye g\u00f6stermeyen h\u00fcz\u00fcnl\u00fc kad\u0131nlar\u0131n hik\u00e2yeleri. Belleri b\u00fck\u00fcl\u00fcrken g\u00f6lgelerinin biriktirdi\u011fi karanl\u0131k yanlar\u0131n\u0131 taptaze ta\u015f\u0131yanlar\u0131n\u2026<\/p>\n","protected":false},"excerpt":{"rendered":"<p>Kulaklar\u0131na f\u0131s\u0131ldanan sesleri en \u00e7ok duyan,i\u00e7lerinde biriken zehri fark\u0131na varmadan ekip bi\u00e7enlerin hik\u00e2yeleri\u2026\u201cG\u00f6be\u011fim b\u00fcy\u00fcm\u00fc\u015f iyice. Her \u015feyi karn\u0131mda toplam\u0131\u015f\u0131m. B\u00fct\u00fcn o \u00f6zlediklerim, \u00f6zendiklerim. B\u0131kt\u0131klar\u0131m, biriktirdiklerim. Hepsi<span class=\"excerpt-hellip\"> [\u2026]<\/span><\/p>\n","protected":false},"featured_media":0,"template":"","meta":{"_monsterinsights_skip_tracking":false,"_monsterinsights_sitenote_active":false,"_monsterinsights_sitenote_note":"","_monsterinsights_sitenote_category":0},"product_brand":[],"product_cat":[12291,12711],"product_tag":[],"class_list":{"0":"post-726481","1":"product","2":"type-product","3":"status-publish","5":"product_cat-edebiyat","6":"product_cat-roman-oyku","7":"pa_cilt-ciltsiz","8":"pa_tur-kitap","9":"pa_yayinevi-hayykitap","10":"pa_yazar-berin-aral","12":"first","13":"instock","14":"sale","15":"shipping-taxable","16":"purchasable","17":"product-type-simple"},"_links":{"self":[{"href":"https:\/\/roveyayinevi.com.tr\/index.php\/wp-json\/wp\/v2\/product\/726481","targetHints":{"allow":["GET"]}}],"collection":[{"href":"https:\/\/roveyayinevi.com.tr\/index.php\/wp-json\/wp\/v2\/product"}],"about":[{"href":"https:\/\/roveyayinevi.com.tr\/index.php\/wp-json\/wp\/v2\/types\/product"}],"wp:attachment":[{"href":"https:\/\/roveyayinevi.com.tr\/index.php\/wp-json\/wp\/v2\/media?parent=726481"}],"wp:term":[{"taxonomy":"product_brand","embeddable":true,"href":"https:\/\/roveyayinevi.com.tr\/index.php\/wp-json\/wp\/v2\/product_brand?post=726481"},{"taxonomy":"product_cat","embeddable":true,"href":"https:\/\/roveyayinevi.com.tr\/index.php\/wp-json\/wp\/v2\/product_cat?post=726481"},{"taxonomy":"product_tag","embeddable":true,"href":"https:\/\/roveyayinevi.com.tr\/index.php\/wp-json\/wp\/v2\/product_tag?post=726481"}],"curies":[{"name":"wp","href":"https:\/\/api.w.org\/{rel}","templated":true}]}}