{"id":726480,"date":"2025-08-27T20:07:32","date_gmt":"2025-08-27T17:07:32","guid":{"rendered":"https:\/\/roveyayinevi.com.tr\/index.php\/urun\/sir-kapisi-hakikat-tektir-serisi-1-kitap\/"},"modified":"2026-04-16T02:34:08","modified_gmt":"2026-04-15T23:34:08","slug":"sir-kapisi-hakikat-tektir-serisi-1-kitap","status":"publish","type":"product","link":"https:\/\/roveyayinevi.com.tr\/index.php\/urun\/sir-kapisi-hakikat-tektir-serisi-1-kitap\/","title":{"rendered":"S\u0131r Kap\u0131s\u0131 &#8211; Hakikat Tektir Serisi (1. Kitap)"},"content":{"rendered":"<p>T\u00fcm yollar Hakikat\u2019e gider ve t\u00fcm yolcular kendi \u00f6zlerindeki Hakikat\u2019i ke\u015ffetmek \u00fczere yola \u00e7\u0131karlar. Ancak kimi rehavete kap\u0131l\u0131p yola neden \u00e7\u0131kt\u0131\u011f\u0131n\u0131 unutur, kiminin umudu kaybolur, inanc\u0131 sars\u0131l\u0131r ve yolun yar\u0131s\u0131nda pes eder. Sadece ger\u00e7ek \u00c2\u015f\u0131k ne ya\u015farsa ya\u015fas\u0131n vazge\u00e7mez ve \u00d6z\u2019\u00fcne ula\u015f\u0131r. Bu yol hi\u00e7 kolay de\u011fil, a\u015fmak gereken \u00e7ok engel var ve ge\u00e7mek gereken nice s\u0131nav ama HAK\u0130KAT ate\u015fi bir kez d\u00fc\u015ft\u00fc m\u00fc kalbe, kalp sadece O\u2019nu arar, kalbin de kanatlar\u0131 var ve yaln\u0131zca O\u2019na u\u00e7ar. Yazar Filiz Okur Y\u0131lmaz, y\u0131llarca okuyup ara\u015ft\u0131r\u0131p biriktirdi\u011fi ve mavininyolu.blogspot.com adl\u0131 blogunda payla\u015ft\u0131\u011f\u0131 yaz\u0131lar\u0131n\u0131, takip\u00e7ilerinin yo\u011fun \u0131srar\u0131 \u00fczerine kitapla\u015ft\u0131rmaya karar verdi. Yeni yaz\u0131lar\u0131n da ilave edildi\u011fi Hakikat Tektir serisinin 1. Kitab\u0131 S\u0131r Kap\u0131s\u0131\u2019n\u0131n yolculu\u011funuza \u0131\u015f\u0131k tutabilmesi dile\u011fimizle\u2026 \u201cAllah\u2019\u0131n s\u0131rr\u0131 sensin, kalbine yolculuk et.\u201d \u015eemsi Tebrizi <\/p>\n","protected":false},"excerpt":{"rendered":"<p>T\u00fcm yollar Hakikat\u2019e gider ve t\u00fcm yolcular kendi \u00f6zlerindeki Hakikat\u2019i ke\u015ffetmek \u00fczere yola \u00e7\u0131karlar. Ancak kimi rehavete kap\u0131l\u0131p yola neden \u00e7\u0131kt\u0131\u011f\u0131n\u0131 unutur, kiminin umudu kaybolur, inanc\u0131<span class=\"excerpt-hellip\"> [\u2026]<\/span><\/p>\n","protected":false},"featured_media":0,"template":"","meta":{"_monsterinsights_skip_tracking":false,"_monsterinsights_sitenote_active":false,"_monsterinsights_sitenote_note":"","_monsterinsights_sitenote_category":0},"product_brand":[],"product_cat":[12364,12376],"product_tag":[],"class_list":{"0":"post-726480","1":"product","2":"type-product","3":"status-publish","5":"product_cat-genel-konular","6":"product_cat-kisisel-gelisim","7":"pa_cilt-ciltsiz","8":"pa_tur-kitap","9":"pa_yayinevi-luna-yayinlari","10":"pa_yazar-filiz-okur-yilmaz","12":"first","13":"instock","14":"sale","15":"shipping-taxable","16":"purchasable","17":"product-type-simple"},"_links":{"self":[{"href":"https:\/\/roveyayinevi.com.tr\/index.php\/wp-json\/wp\/v2\/product\/726480","targetHints":{"allow":["GET"]}}],"collection":[{"href":"https:\/\/roveyayinevi.com.tr\/index.php\/wp-json\/wp\/v2\/product"}],"about":[{"href":"https:\/\/roveyayinevi.com.tr\/index.php\/wp-json\/wp\/v2\/types\/product"}],"wp:attachment":[{"href":"https:\/\/roveyayinevi.com.tr\/index.php\/wp-json\/wp\/v2\/media?parent=726480"}],"wp:term":[{"taxonomy":"product_brand","embeddable":true,"href":"https:\/\/roveyayinevi.com.tr\/index.php\/wp-json\/wp\/v2\/product_brand?post=726480"},{"taxonomy":"product_cat","embeddable":true,"href":"https:\/\/roveyayinevi.com.tr\/index.php\/wp-json\/wp\/v2\/product_cat?post=726480"},{"taxonomy":"product_tag","embeddable":true,"href":"https:\/\/roveyayinevi.com.tr\/index.php\/wp-json\/wp\/v2\/product_tag?post=726480"}],"curies":[{"name":"wp","href":"https:\/\/api.w.org\/{rel}","templated":true}]}}