{"id":726479,"date":"2025-08-27T20:07:31","date_gmt":"2025-08-27T17:07:31","guid":{"rendered":"https:\/\/roveyayinevi.com.tr\/index.php\/urun\/fenomenoloji-ve-nicolai-hartmann\/"},"modified":"2026-04-16T02:34:08","modified_gmt":"2026-04-15T23:34:08","slug":"fenomenoloji-ve-nicolai-hartmann","status":"publish","type":"product","link":"https:\/\/roveyayinevi.com.tr\/index.php\/urun\/fenomenoloji-ve-nicolai-hartmann\/","title":{"rendered":"Fenomenoloji ve Nicolai Hartmann"},"content":{"rendered":"<p>Husserl i\u00e7in fenomenoloji b\u00fct\u00fcn bilimlerin temelidir. Husserl, \u201cMevcut felsefelerden ya da onlar\u0131n kriti\u011finden de\u011fil, fenomenlerden hareket etmelidir\u201d, \u201cFenomenlere, \u015feylere d\u00f6nmeli\u201d \u00e7a\u011fr\u0131s\u0131n\u0131 yaparken, felsefenin kendine \u00f6zg\u00fc alan\u0131na i\u015faret etmi\u015ftir. Art\u0131k felsefe eski sistemleri, onlar\u0131n kriti\u011fini ya da herhangi bir bilime y\u00f6nelmeyi b\u0131rakarak, fenomenler alan\u0131na d\u00f6necektir. Felsefe, psikoloji ve mant\u0131k i\u00e7in bu temel olma, do\u011frudan do\u011fruyad\u0131r. Fenomenolojinin temel olmas\u0131 \u00f6teki bilimler i\u00e7in dolayl\u0131d\u0131r; \u00e7\u00fcnk\u00fc her bilimin bir nesne alan\u0131 vard\u0131r. Her nesne alan\u0131n\u0131 ise bir \u00f6z ontolojisi kar\u015f\u0131lar. B\u00f6yle bir ontoloji b\u00fct\u00fcn bilimlerin temelidir; \u00e7\u00fcnk\u00fc her empirik bilimin en son ve teorik temeli \u00f6z ontolojisidir. \u00d6rne\u011fin, do\u011fa alan\u0131 i\u00e7in b\u00fct\u00fcn do\u011fa bilimlerinin k\u00f6klerinin bulundu\u011fu bir do\u011fa-\u00f6z-ontolojisi vard\u0131r. Ayn\u0131 \u015fey b\u00fct\u00fcn bilimler i\u00e7in ge\u00e7erlidir.   Felsefe tarihinde yeni ontolojinin kurucusu kabul edilen Nicolai Hartmann, Husserl\u2019den bir ad\u0131m daha \u00f6teye giderek fenomonolojiye yepyeni bir pencere a\u00e7m\u0131\u015ft\u0131r. Bir d\u00f6nem \u00e7al\u0131\u015fmalar\u0131n\u0131 Hartmann ile birlikte s\u00fcrd\u00fcren Takiyettin Meng\u00fc\u015fo\u011fu\u2019nun bu kitab\u0131, T\u00fcrkiye\u2019de fenomenoloji hakk\u0131nda yaz\u0131lm\u0131\u015f ilk ve en kapsaml\u0131 eser olma \u00f6zelli\u011fini ta\u015f\u0131maktad\u0131r.<\/p>\n","protected":false},"excerpt":{"rendered":"<p>Husserl i\u00e7in fenomenoloji b\u00fct\u00fcn bilimlerin temelidir. Husserl, \u201cMevcut felsefelerden ya da onlar\u0131n kriti\u011finden de\u011fil, fenomenlerden hareket etmelidir\u201d, \u201cFenomenlere, \u015feylere d\u00f6nmeli\u201d \u00e7a\u011fr\u0131s\u0131n\u0131 yaparken, felsefenin kendine \u00f6zg\u00fc alan\u0131na<span class=\"excerpt-hellip\"> [\u2026]<\/span><\/p>\n","protected":false},"featured_media":0,"template":"","meta":{"_monsterinsights_skip_tracking":false,"_monsterinsights_sitenote_active":false,"_monsterinsights_sitenote_note":"","_monsterinsights_sitenote_category":0},"product_brand":[],"product_cat":[13005,37328],"product_tag":[],"class_list":{"0":"post-726479","1":"product","2":"type-product","3":"status-publish","5":"product_cat-bilim-muhendislik","6":"product_cat-diger-bilim-muhendislik","7":"pa_cilt-ciltsiz","8":"pa_tur-kitap","9":"pa_yayinevi-dogu-bati-yayinlari","10":"pa_yazar-takiyettin-mengusoglu","12":"first","13":"instock","14":"sale","15":"shipping-taxable","16":"purchasable","17":"product-type-simple"},"_links":{"self":[{"href":"https:\/\/roveyayinevi.com.tr\/index.php\/wp-json\/wp\/v2\/product\/726479","targetHints":{"allow":["GET"]}}],"collection":[{"href":"https:\/\/roveyayinevi.com.tr\/index.php\/wp-json\/wp\/v2\/product"}],"about":[{"href":"https:\/\/roveyayinevi.com.tr\/index.php\/wp-json\/wp\/v2\/types\/product"}],"wp:attachment":[{"href":"https:\/\/roveyayinevi.com.tr\/index.php\/wp-json\/wp\/v2\/media?parent=726479"}],"wp:term":[{"taxonomy":"product_brand","embeddable":true,"href":"https:\/\/roveyayinevi.com.tr\/index.php\/wp-json\/wp\/v2\/product_brand?post=726479"},{"taxonomy":"product_cat","embeddable":true,"href":"https:\/\/roveyayinevi.com.tr\/index.php\/wp-json\/wp\/v2\/product_cat?post=726479"},{"taxonomy":"product_tag","embeddable":true,"href":"https:\/\/roveyayinevi.com.tr\/index.php\/wp-json\/wp\/v2\/product_tag?post=726479"}],"curies":[{"name":"wp","href":"https:\/\/api.w.org\/{rel}","templated":true}]}}