{"id":726478,"date":"2025-08-27T20:07:31","date_gmt":"2025-08-27T17:07:31","guid":{"rendered":"https:\/\/roveyayinevi.com.tr\/index.php\/urun\/dinozorlarin-yukselisi-ve-cokusu\/"},"modified":"2026-04-16T02:34:08","modified_gmt":"2026-04-15T23:34:08","slug":"dinozorlarin-yukselisi-ve-cokusu","status":"publish","type":"product","link":"https:\/\/roveyayinevi.com.tr\/index.php\/urun\/dinozorlarin-yukselisi-ve-cokusu\/","title":{"rendered":"Dinozorlar\u0131n Y\u00fckseli\u015fi ve \u00c7\u00f6k\u00fc\u015f\u00fc"},"content":{"rendered":"<p>Dinozorlar\u0131n bile ba\u015f\u0131na geldiyse, bizim de ba\u015f\u0131m\u0131za gelebilir mi? S\u00fcrprizlerle dolu bir hik\u00e2ye bu: Triyas\u2019\u0131n k\u0131s\u0131tl\u0131 bir ekosisteminde ya\u015fayan bir grup ufak, uysal yarat\u0131k nice felaketi atlat\u0131p Jura\u2019da t\u00fcm d\u00fcnyaya deh\u015fet sa\u00e7an devasa dinozorlara d\u00f6n\u00fc\u015f\u00fcyor. D\u00fcnyaya geldi\u011finde g\u00fcvercin boyutunu a\u015fmayan bebekleri, eri\u015fkin \u00e7a\u011f\u0131nda metrelerce uzunlu\u011fa, tonlarca a\u011f\u0131rl\u0131\u011fa ula\u015f\u0131yor. Ne var ki dinozorlar\u0131n ayaklar\u0131n\u0131n alt\u0131ndaki toprak ve ba\u015flar\u0131n\u0131 uzatt\u0131klar\u0131 g\u00f6ky\u00fcz\u00fc de yerinde durmuyor, de\u011fi\u015fiyor. Ve g\u00fcn geliyor, devran d\u00f6n\u00fcyor; \u00e7e\u015fitlili\u011fi ba\u015f d\u00f6nd\u00fcr\u00fcc\u00fc, deh\u015feti sonsuz bu devlerin 150 milyon y\u0131ll\u0131k h\u00e2kimiyetine son verecek bir g\u00f6kta\u015f\u0131, d\u00fcnyan\u0131n tarihini ba\u015ftan yaz\u0131yor. Ya\u015fam, yeni bir mecraya giriyor. Dinozor \u00e7\u0131\u011fl\u0131klar\u0131n\u0131n dindi\u011fi sessizli\u011fin ard\u0131ndan, memeliler milyonlarca y\u0131ld\u0131r sakland\u0131klar\u0131 karanl\u0131ktan \u00e7\u0131k\u0131p serpiliyor ve i\u015fte i\u00e7lerinden biri, Dinozorlar\u0131n Y\u00fckseli\u015fi ve \u00c7\u00f6k\u00fc\u015f\u00fc\u2019n\u00fc kaleme al\u0131yor! Dinozorlardan geriyeyse, sadece, bu \u00e7\u00f6k\u00fc\u015f\u00fcn yazar\u0131n\u0131n penceresine konan ku\u015flar kal\u0131yor. Paleontolojinin gen\u00e7 y\u0131ld\u0131z\u0131 Steve Brusatte felaketler, yeniden do\u011fu\u015flar ve amans\u0131z m\u00fccadelelerle dolu bu hik\u00e2yenin kadim kahramanlar\u0131n\u0131n pe\u015finde k\u00e2h Polonya\u2019n\u0131n g\u00f6ller b\u00f6lgesinde, k\u00e2h Arjantin\u2019in da\u011fl\u0131k kanyonlar\u0131nda, k\u00e2h \u00c7in\u2019de bir in\u015faat sahas\u0131nda iz s\u00fcr\u00fcyor. Brusatte gibi so\u011fu\u011fa, neme, toza, a\u00e7l\u0131\u011fa ald\u0131rmadan d\u00fcnyan\u0131n d\u00f6rt k\u00f6\u015fesinde fosil pe\u015fine d\u00fc\u015fm\u00fc\u015f bir avu\u00e7 maceraperestin i\u015fbirli\u011fiyle ortaya \u00e7\u0131kan Dinozorlar\u0131n Y\u00fckseli\u015fi ve \u00c7\u00f6k\u00fc\u015f\u00fc, bir yandan Afrika\u2019y\u0131 Amerika\u2019yla, T. rex\u2019i mart\u0131larla bulu\u015fturuyor, bir yandan da d\u00f6n\u00fcp dola\u015f\u0131p Brusatte\u2019\u0131n o ka\u00e7\u0131n\u0131lmaz sorusuyla kar\u015f\u0131 kar\u015f\u0131ya b\u0131rak\u0131yor: Bizim de ba\u015f\u0131m\u0131za gelebilir mi ger\u00e7ekten? ABD\u2019li paleontolog Steve Brusatte, dinozorlar\u0131n evrimi alan\u0131ndaki \u00e7al\u0131\u015fmalar\u0131na Edinburgh \u00dcniversitesi\u2019nde devam ediyor. <\/p>\n","protected":false},"excerpt":{"rendered":"<p>Dinozorlar\u0131n bile ba\u015f\u0131na geldiyse, bizim de ba\u015f\u0131m\u0131za gelebilir mi? S\u00fcrprizlerle dolu bir hik\u00e2ye bu: Triyas\u2019\u0131n k\u0131s\u0131tl\u0131 bir ekosisteminde ya\u015fayan bir grup ufak, uysal yarat\u0131k nice felaketi<span class=\"excerpt-hellip\"> [\u2026]<\/span><\/p>\n","protected":false},"featured_media":0,"template":"","meta":{"_monsterinsights_skip_tracking":false,"_monsterinsights_sitenote_active":false,"_monsterinsights_sitenote_note":"","_monsterinsights_sitenote_category":0},"product_brand":[],"product_cat":[12305,12304],"product_tag":[],"class_list":{"0":"post-726478","1":"product","2":"type-product","3":"status-publish","5":"product_cat-dunya-tarihi","6":"product_cat-tarih","7":"pa_cilt-ciltsiz","8":"pa_tur-kitap","9":"pa_yayinevi-koc-universitesi-yayinlari","10":"pa_yazar-steve-brusatte","12":"first","13":"instock","14":"sale","15":"shipping-taxable","16":"purchasable","17":"product-type-simple"},"_links":{"self":[{"href":"https:\/\/roveyayinevi.com.tr\/index.php\/wp-json\/wp\/v2\/product\/726478","targetHints":{"allow":["GET"]}}],"collection":[{"href":"https:\/\/roveyayinevi.com.tr\/index.php\/wp-json\/wp\/v2\/product"}],"about":[{"href":"https:\/\/roveyayinevi.com.tr\/index.php\/wp-json\/wp\/v2\/types\/product"}],"wp:attachment":[{"href":"https:\/\/roveyayinevi.com.tr\/index.php\/wp-json\/wp\/v2\/media?parent=726478"}],"wp:term":[{"taxonomy":"product_brand","embeddable":true,"href":"https:\/\/roveyayinevi.com.tr\/index.php\/wp-json\/wp\/v2\/product_brand?post=726478"},{"taxonomy":"product_cat","embeddable":true,"href":"https:\/\/roveyayinevi.com.tr\/index.php\/wp-json\/wp\/v2\/product_cat?post=726478"},{"taxonomy":"product_tag","embeddable":true,"href":"https:\/\/roveyayinevi.com.tr\/index.php\/wp-json\/wp\/v2\/product_tag?post=726478"}],"curies":[{"name":"wp","href":"https:\/\/api.w.org\/{rel}","templated":true}]}}