{"id":726472,"date":"2025-08-27T20:07:25","date_gmt":"2025-08-27T17:07:25","guid":{"rendered":"https:\/\/roveyayinevi.com.tr\/index.php\/urun\/osmanli-islam-sanatinda-tapinma-ve-tilsim\/"},"modified":"2026-04-16T02:34:08","modified_gmt":"2026-04-15T23:34:08","slug":"osmanli-islam-sanatinda-tapinma-ve-tilsim","status":"publish","type":"product","link":"https:\/\/roveyayinevi.com.tr\/index.php\/urun\/osmanli-islam-sanatinda-tapinma-ve-tilsim\/","title":{"rendered":"Osmanl\u0131 \u2013 \u0130slam Sanat\u0131nda Tap\u0131nma ve T\u0131ls\u0131m"},"content":{"rendered":"<p>Christiane Gruber\u2019in sekiz makalesini bir araya getiriyor. Be\u015f makaleden meydana gelen ilk k\u0131s\u0131m, Osmanl\u0131\u2019da \u00f6zellikle Hz. Muhammed\u2019i merkeze alan din\u00ee sanatlara odaklan\u0131yor. Bunlar aras\u0131nda resimli elyazmalar\u0131, kutsal emanetler ile kadem-i \u015ferif tasvirleri ve Hz. Muhammed\u2019in metafor olarak bir g\u00fcl \u015feklinde tasavvur edilmesi yer almaktad\u0131r. Nebevi bir t\u0131ls\u0131m i\u015flevi g\u00f6ren hilye \u015fi\u015felerini konu alan ve ilk kez bu kitapta T\u00fcrk\u00e7e yay\u0131mlanan ilk k\u0131sm\u0131n son makalesi (Kutsal Bir P\u0131nar Olarak Hz. Peygamber: Ge\u00e7 D\u00f6nem Osmanl\u0131\u2019da Hilye \u015ei\u015feleri), t\u0131ls\u0131m sanatlar\u0131n\u0131 inceleyen ikinci k\u0131sma da bir ge\u00e7i\u015f te\u015fkil ediyor. \u0130kinci k\u0131sm\u0131n ilk makalesinde (\u0130slam D\u00fcnyas\u0131nda Muskalar ve T\u0131ls\u0131mlar) \u0130slam d\u00fcnyas\u0131nda muska ve t\u0131ls\u0131mlar hakk\u0131nda genel bir de\u011ferlendirme sunulurken, takip eden incelemelerde Osmanl\u0131\u2019da t\u0131ls\u0131ml\u0131 m\u00fch\u00fcrler ve g\u00fcn\u00fcm\u00fcz T\u00fcrkiyesi\u2019nde \u0130slami t\u0131ls\u0131mlar \u00fczerinde duruluyor. Tap\u0131nma ve T\u0131ls\u0131m\u2019da ilk kez T\u00fcrk\u00e7e yay\u0131mlanan son makale (Bereket Pazarl\u0131klar\u0131: G\u00fcn\u00fcm\u00fcz \u201cYeni T\u00fcrkiye\u201dsinde \u0130slami T\u0131ls\u0131mlar), kitapta ele al\u0131nan konular\u0131 g\u00fcn\u00fcm\u00fcze ba\u011flayan bir sonu\u00e7 niteli\u011fi ta\u015f\u0131yor. \u201cG\u00fcl metaforu, Hz. Muhammed\u2019i fiziksel varl\u0131\u011f\u0131n\u0131n \u00f6tesinde betimlemek isteyen yazarlarca geli\u015ftirilmi\u015f \u00e7e\u015fitli alegorilerden sadece biridir. D\u00fc\u015f\u00fcn\u00fcrler, Hz. Muhammed\u2019in insan\u00fcst\u00fc yanlar\u0131n\u0131 vurgulamak amac\u0131yla, O\u2019nu hem yery\u00fcz\u00fcnde ald\u0131\u011f\u0131 vahiyler hem de semaya y\u00fckseldi\u011fi mira\u00e7 gecesinde ger\u00e7ekle\u015fen kar\u015f\u0131l\u0131kl\u0131 konu\u015fma dolay\u0131s\u0131yla Allah\u2019la yak\u0131nl\u0131k i\u00e7inde bulunan s\u0131ra d\u0131\u015f\u0131 bir varl\u0131k olarak betimlemi\u015flerdir. Hz. Muhammed ayr\u0131ca parlak bir \u0131\u015f\u0131k, ilahi bir kelam ve \u00f6rt\u00fcl\u00fc bir gizem olarak da tasavvur edilmi\u015ftir. Hz. Peygamber\u2019in bedensel varl\u0131\u011f\u0131n\u0131 soyutlayarak O\u2019nu Allah\u2019\u0131n sembolik varl\u0131\u011f\u0131yla ayn\u0131 d\u00fczleme yerle\u015ftirme arzusunu yans\u0131tan bu analojileri \u0130ranl\u0131 ressamlar da benimsemi\u015f, bu \u00fc\u00e7 edeb\u00ee mecazla paralellik ta\u015f\u0131yan g\u00f6rsel ara\u00e7lar\u0131 \u2013 alevden bir h\u00e2le, s\u00f6zel ibareler ve y\u00fcz \u00f6rt\u00fcs\u00fc gibi \u2013 yarat\u0131c\u0131 bir \u015fekilde kullanm\u0131\u015flard\u0131r. Dolay\u0131s\u0131yla baz\u0131 modern \u00f6ncesi \u0130slam resimlerinde, Hz. Muhammed\u2019in hem bedensel \u00f6zelliklerini hem manevi vas\u0131flar\u0131n\u0131 y\u00fccelten fiziksel ve sembolik i\u015faretler bir arada kullan\u0131lm\u0131\u015ft\u0131r.\u201d <\/p>\n","protected":false},"excerpt":{"rendered":"<p>Christiane Gruber\u2019in sekiz makalesini bir araya getiriyor. Be\u015f makaleden meydana gelen ilk k\u0131s\u0131m, Osmanl\u0131\u2019da \u00f6zellikle Hz. Muhammed\u2019i merkeze alan din\u00ee sanatlara odaklan\u0131yor. Bunlar aras\u0131nda resimli elyazmalar\u0131,<span class=\"excerpt-hellip\"> [\u2026]<\/span><\/p>\n","protected":false},"featured_media":0,"template":"","meta":{"_monsterinsights_skip_tracking":false,"_monsterinsights_sitenote_active":false,"_monsterinsights_sitenote_note":"","_monsterinsights_sitenote_category":0},"product_brand":[],"product_cat":[13517,12304],"product_tag":[],"class_list":{"0":"post-726472","1":"product","2":"type-product","3":"status-publish","5":"product_cat-osmanli-tarihi","6":"product_cat-tarih","7":"pa_cilt-ciltsiz","8":"pa_tur-kitap","9":"pa_yayinevi-yapi-kredi-yayinlari","10":"pa_yazar-christiane-gruber","12":"first","13":"instock","14":"sale","15":"shipping-taxable","16":"purchasable","17":"product-type-simple"},"_links":{"self":[{"href":"https:\/\/roveyayinevi.com.tr\/index.php\/wp-json\/wp\/v2\/product\/726472","targetHints":{"allow":["GET"]}}],"collection":[{"href":"https:\/\/roveyayinevi.com.tr\/index.php\/wp-json\/wp\/v2\/product"}],"about":[{"href":"https:\/\/roveyayinevi.com.tr\/index.php\/wp-json\/wp\/v2\/types\/product"}],"wp:attachment":[{"href":"https:\/\/roveyayinevi.com.tr\/index.php\/wp-json\/wp\/v2\/media?parent=726472"}],"wp:term":[{"taxonomy":"product_brand","embeddable":true,"href":"https:\/\/roveyayinevi.com.tr\/index.php\/wp-json\/wp\/v2\/product_brand?post=726472"},{"taxonomy":"product_cat","embeddable":true,"href":"https:\/\/roveyayinevi.com.tr\/index.php\/wp-json\/wp\/v2\/product_cat?post=726472"},{"taxonomy":"product_tag","embeddable":true,"href":"https:\/\/roveyayinevi.com.tr\/index.php\/wp-json\/wp\/v2\/product_tag?post=726472"}],"curies":[{"name":"wp","href":"https:\/\/api.w.org\/{rel}","templated":true}]}}