{"id":726471,"date":"2025-08-27T20:07:25","date_gmt":"2025-08-27T17:07:25","guid":{"rendered":"https:\/\/roveyayinevi.com.tr\/index.php\/urun\/itaat-etmemek\/"},"modified":"2026-04-16T02:34:08","modified_gmt":"2026-04-15T23:34:08","slug":"itaat-etmemek","status":"publish","type":"product","link":"https:\/\/roveyayinevi.com.tr\/index.php\/urun\/itaat-etmemek\/","title":{"rendered":"\u0130taat Etmemek"},"content":{"rendered":"<p>\u201c\u0130taat etmemek\u201d belki de 21. y\u00fczy\u0131l\u0131n en \u00e7ok tart\u0131\u015f\u0131lan, en \u00e7ok korkulan, en \u00e7ok ihtiya\u00e7 duyulan eylemlerinden biri. Frans\u0131z felsefeci Fr\u00e9d\u00e9ric Gros bu kitab\u0131nda ekonomik boyun e\u011fi\u015ften toplum s\u00f6zle\u015fmesine, siyasi kabullenmeden vicdani redde, Diogenes\u2019ten Thoreau\u2019ya, Antigone\u2019den La Bo\u00e9tie\u2019ye, Foucault\u2019dan Arendt\u2019e bireysel ya da toplumsal itaatsizli\u011fin felsefi k\u00f6kenlerini inceliyor. Yazar\u0131n s\u0131k s\u0131k ele ald\u0131\u011f\u0131 edebi ve felsefi metinlerle ta\u00e7lanan bu d\u00fc\u015f\u00fcnsel yol al\u0131\u015fta, tarihin her a\u015famas\u0131nda yer alm\u0131\u015f itaatsizlik, umudun yan\u0131ndan bir ad\u0131m bile uzakla\u015fm\u0131yor. Bu ba\u011flamda \u0130taat Etmemek, g\u00f6steri\u015ften uzak, ya\u015fanm\u0131\u015fl\u0131klar\u0131n olgunlu\u011funu ta\u015f\u0131yan, k\u0131sa ama yo\u011fun bir \u00e7al\u0131\u015fma.  \u201cSorun itaatsizlik de\u011fildir, sorun itaattir. Bu s\u00f6z akl\u0131m\u0131za Wilhelm Reich\u2019\u0131n \u015fu c\u00fcmlesini getirir: \u2018Esas soru insanlar\u0131n neden ba\u015fkald\u0131rd\u0131klar\u0131 de\u011fildir. Neden ba\u015fkald\u0131rmad\u0131klar\u0131d\u0131r.\u2019\u201d <\/p>\n","protected":false},"excerpt":{"rendered":"<p>\u201c\u0130taat etmemek\u201d belki de 21. y\u00fczy\u0131l\u0131n en \u00e7ok tart\u0131\u015f\u0131lan, en \u00e7ok korkulan, en \u00e7ok ihtiya\u00e7 duyulan eylemlerinden biri. Frans\u0131z felsefeci Fr\u00e9d\u00e9ric Gros bu kitab\u0131nda ekonomik boyun<span class=\"excerpt-hellip\"> [\u2026]<\/span><\/p>\n","protected":false},"featured_media":0,"template":"","meta":{"_monsterinsights_skip_tracking":false,"_monsterinsights_sitenote_active":false,"_monsterinsights_sitenote_note":"","_monsterinsights_sitenote_category":0},"product_brand":[],"product_cat":[20351,12388],"product_tag":[],"class_list":{"0":"post-726471","1":"product","2":"type-product","3":"status-publish","5":"product_cat-dusunce","6":"product_cat-felsefe","7":"pa_cilt-ciltsiz","8":"pa_tur-kitap","9":"pa_yayinevi-yapi-kredi-yayinlari","10":"pa_yazar-frederic-gros","12":"first","13":"instock","14":"sale","15":"shipping-taxable","16":"purchasable","17":"product-type-simple"},"_links":{"self":[{"href":"https:\/\/roveyayinevi.com.tr\/index.php\/wp-json\/wp\/v2\/product\/726471","targetHints":{"allow":["GET"]}}],"collection":[{"href":"https:\/\/roveyayinevi.com.tr\/index.php\/wp-json\/wp\/v2\/product"}],"about":[{"href":"https:\/\/roveyayinevi.com.tr\/index.php\/wp-json\/wp\/v2\/types\/product"}],"wp:attachment":[{"href":"https:\/\/roveyayinevi.com.tr\/index.php\/wp-json\/wp\/v2\/media?parent=726471"}],"wp:term":[{"taxonomy":"product_brand","embeddable":true,"href":"https:\/\/roveyayinevi.com.tr\/index.php\/wp-json\/wp\/v2\/product_brand?post=726471"},{"taxonomy":"product_cat","embeddable":true,"href":"https:\/\/roveyayinevi.com.tr\/index.php\/wp-json\/wp\/v2\/product_cat?post=726471"},{"taxonomy":"product_tag","embeddable":true,"href":"https:\/\/roveyayinevi.com.tr\/index.php\/wp-json\/wp\/v2\/product_tag?post=726471"}],"curies":[{"name":"wp","href":"https:\/\/api.w.org\/{rel}","templated":true}]}}