{"id":726470,"date":"2025-08-27T20:07:24","date_gmt":"2025-08-27T17:07:24","guid":{"rendered":"https:\/\/roveyayinevi.com.tr\/index.php\/urun\/milat-lale-muldur\/"},"modified":"2025-12-30T10:33:19","modified_gmt":"2025-12-30T07:33:19","slug":"milat-lale-muldur","status":"publish","type":"product","link":"https:\/\/roveyayinevi.com.tr\/index.php\/urun\/milat-lale-muldur\/","title":{"rendered":"Milat\u2013Lale M\u00fcld\u00fcr"},"content":{"rendered":"<p>\u201cMilat\u201d sergisi, \u015fair Lale M\u00fcld\u00fcr\u2019\u00fcn son d\u00f6nemde \u00fczerinde \u00e7al\u0131\u015ft\u0131\u011f\u0131 resimlerini bir araya getiriyor. M\u00fcld\u00fcr\u2019\u00fcn \u015fiirlerinde beliren imgelerin izlerini ta\u015f\u0131yan bu resimler, \u015fairin d\u00fcnyas\u0131yla yeni kar\u015f\u0131la\u015fmalar \u00f6neriyor. 22 Eyl\u00fcl \u2013 31 Ekim 2020 tarihleri aras\u0131nda gezilebilecek olan \u201cMilat\u201d sergisinde Lale M\u00fcld\u00fcr\u2019\u00fcn \u015fiirlerinin davet etti\u011fi imgesel alan\u0131n renkleri, jestleri ve fig\u00fcrleri resimsel bir \u00fcretim i\u00e7inde yeniden yorumlan\u0131yor. Sergilenen resimlerde \u00f6ne \u00e7\u0131kan temel \u00f6\u011felerin ba\u015f\u0131nda fig\u00fcr geliyor. Bu fig\u00fcrlerin bir\u00e7o\u011fu \u015fairin dostlar\u0131na ait portreler. Ayn\u0131 zamanda bu portreler aras\u0131nda \u015fairin Albrecht Durer gibi ruhsal yak\u0131nl\u0131k kurdu\u011fu sanat\u00e7\u0131lar da var. M\u00fcld\u00fcr\u2019\u00fcn resimleri dostlar\u0131na, yak\u0131nlar\u0131na ithafla ba\u015flayan ya da onlara hitaben yazd\u0131\u011f\u0131 \u015fiirleriyle ortakl\u0131k ta\u015f\u0131yor. Ad\u0131n\u0131 Lale M\u00fcld\u00fcr\u2019\u00fcn son kitab\u0131 \u201cTehlikeliydi, Biliyordum\u201dun ilk \u015fiiri Milat\u2019tan alan sergi, sanat\u00e7\u0131n\u0131n \u00fcretiminde bir k\u0131r\u0131lma an\u0131n\u0131 d\u00fc\u015f\u00fcnmek arzusundan da besleniyor. K\u00fcrat\u00f6rl\u00fc\u011f\u00fc Yap\u0131 Kredi K\u00fclt\u00fcr Sanat Sergiler Direkt\u00f6r\u00fc Kevser G\u00fcler taraf\u0131ndan \u00fcstlenilen \u201cMilat\u201d sergisine \u00e7evrimi\u00e7i etkinlikler de e\u015flik edecek. Serginin ayr\u0131ca Yap\u0131 Kredi Yay\u0131nlar\u0131 taraf\u0131ndan bas\u0131lan bir de sergi kitab\u0131 var. Lale M\u00fcld\u00fcr\u2019\u00fcn \u015fiirlerinden bir se\u00e7ki, Fisun Yal\u00e7\u0131nkaya\u2019n\u0131n kendisi ile yapt\u0131\u011f\u0131 bir r\u00f6portaj ve Kevser G\u00fcler\u2019in bir metninin yer alaca\u011f\u0131 kitab\u0131n tasar\u0131m\u0131n\u0131 Ula\u015f U\u011fur yapt\u0131. <\/p>\n","protected":false},"excerpt":{"rendered":"<p>\u201cMilat\u201d sergisi, \u015fair Lale M\u00fcld\u00fcr\u2019\u00fcn son d\u00f6nemde \u00fczerinde \u00e7al\u0131\u015ft\u0131\u011f\u0131 resimlerini bir araya getiriyor. M\u00fcld\u00fcr\u2019\u00fcn \u015fiirlerinde beliren imgelerin izlerini ta\u015f\u0131yan bu resimler, \u015fairin d\u00fcnyas\u0131yla yeni kar\u015f\u0131la\u015fmalar \u00f6neriyor.<span class=\"excerpt-hellip\"> [\u2026]<\/span><\/p>\n","protected":false},"featured_media":0,"template":"","meta":{"_monsterinsights_skip_tracking":false,"_monsterinsights_sitenote_active":false,"_monsterinsights_sitenote_note":"","_monsterinsights_sitenote_category":0},"product_brand":[],"product_cat":[12291,12509],"product_tag":[],"class_list":{"0":"post-726470","1":"product","2":"type-product","3":"status-publish","5":"product_cat-edebiyat","6":"product_cat-siir","7":"pa_cilt-ciltsiz","8":"pa_tur-kitap","9":"pa_yayinevi-yapi-kredi-yayinlari","10":"pa_yazar-yapi-kredi-kolektif","12":"first","13":"instock","14":"sale","15":"shipping-taxable","16":"purchasable","17":"product-type-simple"},"_links":{"self":[{"href":"https:\/\/roveyayinevi.com.tr\/index.php\/wp-json\/wp\/v2\/product\/726470","targetHints":{"allow":["GET"]}}],"collection":[{"href":"https:\/\/roveyayinevi.com.tr\/index.php\/wp-json\/wp\/v2\/product"}],"about":[{"href":"https:\/\/roveyayinevi.com.tr\/index.php\/wp-json\/wp\/v2\/types\/product"}],"wp:attachment":[{"href":"https:\/\/roveyayinevi.com.tr\/index.php\/wp-json\/wp\/v2\/media?parent=726470"}],"wp:term":[{"taxonomy":"product_brand","embeddable":true,"href":"https:\/\/roveyayinevi.com.tr\/index.php\/wp-json\/wp\/v2\/product_brand?post=726470"},{"taxonomy":"product_cat","embeddable":true,"href":"https:\/\/roveyayinevi.com.tr\/index.php\/wp-json\/wp\/v2\/product_cat?post=726470"},{"taxonomy":"product_tag","embeddable":true,"href":"https:\/\/roveyayinevi.com.tr\/index.php\/wp-json\/wp\/v2\/product_tag?post=726470"}],"curies":[{"name":"wp","href":"https:\/\/api.w.org\/{rel}","templated":true}]}}