{"id":726469,"date":"2025-08-27T20:07:23","date_gmt":"2025-08-27T17:07:23","guid":{"rendered":"https:\/\/roveyayinevi.com.tr\/index.php\/urun\/dunyanin-guclu-tarafi\/"},"modified":"2026-04-13T02:42:23","modified_gmt":"2026-04-12T23:42:23","slug":"dunyanin-guclu-tarafi","status":"publish","type":"product","link":"https:\/\/roveyayinevi.com.tr\/index.php\/urun\/dunyanin-guclu-tarafi\/","title":{"rendered":"D\u00fcnyan\u0131n G\u00fc\u00e7l\u00fc Taraf\u0131"},"content":{"rendered":"<p>Bir insan\u0131n sonu ne zaman gelir? \u00d6ld\u00fc\u011f\u00fcnde mi, yoksa o ki\u015fiyle ilgili iyi ya da k\u00f6t\u00fc son an\u0131lar da geride kalanlar\u0131n zihinlerinden silindi\u011finde mi?\u201d \u0130zmir Agora\u2019da s\u00fcrd\u00fcr\u00fclen arkeolojik kaz\u0131 \u00e7al\u0131\u015fmalar\u0131 geni\u015fledik\u00e7e kentin ge\u00e7mi\u015fi giderek \u015fimdiki zamana kar\u0131\u015fmaktad\u0131r. Unutulanlar yava\u015f yava\u015f g\u00fcn y\u00fcz\u00fcne \u00e7\u0131karken, kaz\u0131 \u00e7al\u0131\u015fmalar\u0131n\u0131n sebep oldu\u011fu d\u00fc\u015f\u00fcn\u00fclen anla\u015f\u0131lmaz olaylar rahats\u0131z edici bir hal almaya ba\u015flar.  Yazg\u0131lar\u0131 kesi\u015fen be\u015f karakterden birinin trajik \u00f6l\u00fcm\u00fcyle sonlanan bir h\u0131n\u00e7 \u00f6yk\u00fcs\u00fcn\u00fc merkezine alarak geride kalan d\u00f6rt karakterin kendi hayatlar\u0131nda benimsedikleri rollere merce\u011fini do\u011frultan D\u00fcnyan\u0131n G\u00fc\u00e7l\u00fc Taraf\u0131, okuru \u201cger\u00e7ek hayat\u201d ad\u0131 verilen yap\u0131n\u0131n hat\u0131rlama ve unutu\u015f ile ili\u015fkisi \u00fczerinde d\u00fc\u015f\u00fcnmeye \u00e7a\u011f\u0131r\u0131yor: Ge\u00e7mi\u015fe kar\u0131\u015fan hayat yekpare bir blok mudur, bellek \u00f6l\u00fcmc\u00fcl oyunlar m\u0131 oynar, ki\u015fi kendi ge\u00e7mi\u015fini yeniden in\u015fa ederse gelece\u011fi de de\u011fi\u015febilir mi, yoksa insan yazg\u0131s\u0131 kar\u015f\u0131s\u0131nda b\u00fcsb\u00fct\u00fcn \u00e7aresiz midir? <\/p>\n","protected":false},"excerpt":{"rendered":"<p>Bir insan\u0131n sonu ne zaman gelir? \u00d6ld\u00fc\u011f\u00fcnde mi, yoksa o ki\u015fiyle ilgili iyi ya da k\u00f6t\u00fc son an\u0131lar da geride kalanlar\u0131n zihinlerinden silindi\u011finde mi?\u201d \u0130zmir Agora\u2019da<span class=\"excerpt-hellip\"> [\u2026]<\/span><\/p>\n","protected":false},"featured_media":0,"template":"","meta":{"_monsterinsights_skip_tracking":false,"_monsterinsights_sitenote_active":false,"_monsterinsights_sitenote_note":"","_monsterinsights_sitenote_category":0},"product_brand":[],"product_cat":[12291,12711],"product_tag":[],"class_list":{"0":"post-726469","1":"product","2":"type-product","3":"status-publish","5":"product_cat-edebiyat","6":"product_cat-roman-oyku","7":"pa_cilt-ciltsiz","8":"pa_tur-kitap","9":"pa_yayinevi-yapi-kredi-yayinlari","10":"pa_yazar-kerem-isik","12":"first","13":"instock","14":"sale","15":"shipping-taxable","16":"purchasable","17":"product-type-simple"},"_links":{"self":[{"href":"https:\/\/roveyayinevi.com.tr\/index.php\/wp-json\/wp\/v2\/product\/726469","targetHints":{"allow":["GET"]}}],"collection":[{"href":"https:\/\/roveyayinevi.com.tr\/index.php\/wp-json\/wp\/v2\/product"}],"about":[{"href":"https:\/\/roveyayinevi.com.tr\/index.php\/wp-json\/wp\/v2\/types\/product"}],"wp:attachment":[{"href":"https:\/\/roveyayinevi.com.tr\/index.php\/wp-json\/wp\/v2\/media?parent=726469"}],"wp:term":[{"taxonomy":"product_brand","embeddable":true,"href":"https:\/\/roveyayinevi.com.tr\/index.php\/wp-json\/wp\/v2\/product_brand?post=726469"},{"taxonomy":"product_cat","embeddable":true,"href":"https:\/\/roveyayinevi.com.tr\/index.php\/wp-json\/wp\/v2\/product_cat?post=726469"},{"taxonomy":"product_tag","embeddable":true,"href":"https:\/\/roveyayinevi.com.tr\/index.php\/wp-json\/wp\/v2\/product_tag?post=726469"}],"curies":[{"name":"wp","href":"https:\/\/api.w.org\/{rel}","templated":true}]}}