{"id":726468,"date":"2025-08-27T20:07:22","date_gmt":"2025-08-27T17:07:22","guid":{"rendered":"https:\/\/roveyayinevi.com.tr\/index.php\/urun\/bir-hikaye\/"},"modified":"2026-04-16T02:34:08","modified_gmt":"2026-04-15T23:34:08","slug":"bir-hikaye","status":"publish","type":"product","link":"https:\/\/roveyayinevi.com.tr\/index.php\/urun\/bir-hikaye\/","title":{"rendered":"Bir Hikaye"},"content":{"rendered":"<p>Pasternak, nesir tarz\u0131nda yazd\u0131\u011f\u0131 eserleri aras\u0131nda \u00f6zel bir yere sahip olan Bir Hik\u00e2ye\u2019sini 1929 y\u0131l\u0131nda yazar. 39 ya\u015f\u0131ndad\u0131r. Hik\u00e2ye 1916 k\u0131\u015f\u0131nda Rusya\u2019da ge\u00e7er. Anlat\u0131n\u0131n kahraman\u0131 evli k\u0131z karde\u015fine ziyarete gider. Uzun yolculuktan sonra yorgun d\u00fc\u015fer ve dald\u0131\u011f\u0131 huzursuz uykuda Birinci D\u00fcnya Sava\u015f\u0131\u2019ndan \u00f6nceki bar\u0131\u015f dolu yaz\u0131n olaylar\u0131n\u0131 an\u0131msar\u2026   Bir Hik\u00e2ye Boris Pasternak\u2019\u0131n erken d\u00f6nem eserlerinin en \u00f6zg\u00fcn\u00fc, Doktor Jivago\u2019nun habercisi. \u201c\u015eairin \u00f6zg\u00fcn bir d\u00fcnya g\u00f6r\u00fc\u015f\u00fc var. Duygular\u0131n\u0131 ifade etmek i\u00e7in \u00f6zel s\u00f6zc\u00fckler kullan\u0131yor. D\u00fc\u015f\u00fcncelerini al\u0131\u015f\u0131lm\u0131\u015f\u0131n d\u0131\u015f\u0131nda dile getiriyor. Bazen \u015fiirin kal\u0131plar\u0131na s\u0131\u011fm\u0131yor, i\u015fte o zaman ortaya \u015fairin nesri \u00e7\u0131k\u0131yor.\u201d <\/p>\n","protected":false},"excerpt":{"rendered":"<p>Pasternak, nesir tarz\u0131nda yazd\u0131\u011f\u0131 eserleri aras\u0131nda \u00f6zel bir yere sahip olan Bir Hik\u00e2ye\u2019sini 1929 y\u0131l\u0131nda yazar. 39 ya\u015f\u0131ndad\u0131r. Hik\u00e2ye 1916 k\u0131\u015f\u0131nda Rusya\u2019da ge\u00e7er. Anlat\u0131n\u0131n kahraman\u0131 evli<span class=\"excerpt-hellip\"> [\u2026]<\/span><\/p>\n","protected":false},"featured_media":0,"template":"","meta":{"_monsterinsights_skip_tracking":false,"_monsterinsights_sitenote_active":false,"_monsterinsights_sitenote_note":"","_monsterinsights_sitenote_category":0},"product_brand":[],"product_cat":[12291,26797],"product_tag":[],"class_list":{"0":"post-726468","1":"product","2":"type-product","3":"status-publish","5":"product_cat-edebiyat","6":"product_cat-modern-klasikler","7":"pa_cilt-ciltsiz","8":"pa_tur-kitap","9":"pa_yayinevi-yapi-kredi-yayinlari","10":"pa_yazar-boris-pasternak","12":"first","13":"instock","14":"sale","15":"shipping-taxable","16":"purchasable","17":"product-type-simple"},"_links":{"self":[{"href":"https:\/\/roveyayinevi.com.tr\/index.php\/wp-json\/wp\/v2\/product\/726468","targetHints":{"allow":["GET"]}}],"collection":[{"href":"https:\/\/roveyayinevi.com.tr\/index.php\/wp-json\/wp\/v2\/product"}],"about":[{"href":"https:\/\/roveyayinevi.com.tr\/index.php\/wp-json\/wp\/v2\/types\/product"}],"wp:attachment":[{"href":"https:\/\/roveyayinevi.com.tr\/index.php\/wp-json\/wp\/v2\/media?parent=726468"}],"wp:term":[{"taxonomy":"product_brand","embeddable":true,"href":"https:\/\/roveyayinevi.com.tr\/index.php\/wp-json\/wp\/v2\/product_brand?post=726468"},{"taxonomy":"product_cat","embeddable":true,"href":"https:\/\/roveyayinevi.com.tr\/index.php\/wp-json\/wp\/v2\/product_cat?post=726468"},{"taxonomy":"product_tag","embeddable":true,"href":"https:\/\/roveyayinevi.com.tr\/index.php\/wp-json\/wp\/v2\/product_tag?post=726468"}],"curies":[{"name":"wp","href":"https:\/\/api.w.org\/{rel}","templated":true}]}}