{"id":726466,"date":"2025-08-27T20:07:20","date_gmt":"2025-08-27T17:07:20","guid":{"rendered":"https:\/\/roveyayinevi.com.tr\/index.php\/urun\/makarin-ruyasi\/"},"modified":"2026-04-16T02:34:08","modified_gmt":"2026-04-15T23:34:08","slug":"makarin-ruyasi","status":"publish","type":"product","link":"https:\/\/roveyayinevi.com.tr\/index.php\/urun\/makarin-ruyasi\/","title":{"rendered":"Makar\u2019\u0131n R\u00fcyas\u0131"},"content":{"rendered":"<p>On dokuzuncu y\u00fczy\u0131l Rus edebiyat\u0131n\u0131n son b\u00fcy\u00fck temsilcilerinden biri olan ve \u00e7a\u011f\u0131n\u0131n en m\u00fczikal dile sahip hik\u00e2yecisi olarak nitelenen Vladimir Korolenko, 1879\u2019da s\u00fcrg\u00fcne g\u00f6nderildi\u011fi Sibirya\u2019n\u0131n Yakutistan b\u00f6lgesinde Rus toplumunun en d\u0131\u015flanm\u0131\u015f insanlar\u0131yla tan\u0131\u015f\u0131r ve edebiyat\u0131n\u0131n rotas\u0131n\u0131 bu kesimlere y\u00f6neltir. Bir Yakut k\u00f6yl\u00fcs\u00fcn\u00fcn d\u00fcnyas\u0131n\u0131 samimi bir dille anlatan ve pek \u00e7ok d\u00fcnya diline \u00e7evrilen uzun hik\u00e2yesi Makar\u2019\u0131n R\u00fcyas\u0131 (1885), Korolenko\u2019nun s\u00f6z konusu s\u00fcrg\u00fcn d\u00f6neminin eserlerinden en bilindik olan\u0131d\u0131r. Rus toplumunun ya\u015fama ve \u00f6l\u00fcmden sonras\u0131na dair inan\u00e7lar\u0131n\u0131 dile getiren hik\u00e2ye, Rusya\u2019n\u0131n derinliklerine metafizik bir d\u00fczlemden bakarak okurlar\u0131na klasiklere mahsus bir edebiyat lezzeti sunmakta\u2026<\/p>\n","protected":false},"excerpt":{"rendered":"<p>On dokuzuncu y\u00fczy\u0131l Rus edebiyat\u0131n\u0131n son b\u00fcy\u00fck temsilcilerinden biri olan ve \u00e7a\u011f\u0131n\u0131n en m\u00fczikal dile sahip hik\u00e2yecisi olarak nitelenen Vladimir Korolenko, 1879\u2019da s\u00fcrg\u00fcne g\u00f6nderildi\u011fi Sibirya\u2019n\u0131n Yakutistan<span class=\"excerpt-hellip\"> [\u2026]<\/span><\/p>\n","protected":false},"featured_media":0,"template":"","meta":{"_monsterinsights_skip_tracking":false,"_monsterinsights_sitenote_active":false,"_monsterinsights_sitenote_note":"","_monsterinsights_sitenote_category":0},"product_brand":[],"product_cat":[12291,12711],"product_tag":[],"class_list":{"0":"post-726466","1":"product","2":"type-product","3":"status-publish","5":"product_cat-edebiyat","6":"product_cat-roman-oyku","7":"pa_cilt-ciltsiz","8":"pa_tur-kitap","9":"pa_yayinevi-vakifbank-kultur-yayinlari","10":"pa_yazar-vladimir-korolenko","12":"first","13":"instock","14":"sale","15":"shipping-taxable","16":"purchasable","17":"product-type-simple"},"_links":{"self":[{"href":"https:\/\/roveyayinevi.com.tr\/index.php\/wp-json\/wp\/v2\/product\/726466","targetHints":{"allow":["GET"]}}],"collection":[{"href":"https:\/\/roveyayinevi.com.tr\/index.php\/wp-json\/wp\/v2\/product"}],"about":[{"href":"https:\/\/roveyayinevi.com.tr\/index.php\/wp-json\/wp\/v2\/types\/product"}],"wp:attachment":[{"href":"https:\/\/roveyayinevi.com.tr\/index.php\/wp-json\/wp\/v2\/media?parent=726466"}],"wp:term":[{"taxonomy":"product_brand","embeddable":true,"href":"https:\/\/roveyayinevi.com.tr\/index.php\/wp-json\/wp\/v2\/product_brand?post=726466"},{"taxonomy":"product_cat","embeddable":true,"href":"https:\/\/roveyayinevi.com.tr\/index.php\/wp-json\/wp\/v2\/product_cat?post=726466"},{"taxonomy":"product_tag","embeddable":true,"href":"https:\/\/roveyayinevi.com.tr\/index.php\/wp-json\/wp\/v2\/product_tag?post=726466"}],"curies":[{"name":"wp","href":"https:\/\/api.w.org\/{rel}","templated":true}]}}