{"id":726465,"date":"2025-08-27T20:07:19","date_gmt":"2025-08-27T17:07:19","guid":{"rendered":"https:\/\/roveyayinevi.com.tr\/index.php\/urun\/kizilbaslik\/"},"modified":"2026-04-16T02:34:08","modified_gmt":"2026-04-15T23:34:08","slug":"kizilbaslik","status":"publish","type":"product","link":"https:\/\/roveyayinevi.com.tr\/index.php\/urun\/kizilbaslik\/","title":{"rendered":"K\u0131z\u0131lba\u015fl\u0131k"},"content":{"rendered":"<p>Bu kitap, O\u011fuz T\u00fcrklerinin \u201cAtalar \u0130nanc\u0131\u201dndan kaynaklar\u0131n\u0131 alan ve insanl\u0131\u011f\u0131n k\u00f6k k\u00fclt\u00fcr\u00fcyle akraba olan K\u0131z\u0131lba\u015fl\u0131\u011f\u0131n; iftiralardan, karalama ve uydurmalardan ar\u0131nd\u0131r\u0131larak, kendi ger\u00e7ek varolu\u015funu g\u00fcn y\u00fcz\u00fcne \u00e7\u0131kartma \u00e7al\u0131\u015fmas\u0131d\u0131r.Bu \u00e7al\u0131\u015fma ayn\u0131 zamanda Osmanl\u0131lar\u0131n; K\u0131z\u0131lba\u015f Velilerinin Anadolu\u2019ya ilk yerle\u015fim d\u00f6nemlerindeki varolu\u015f, y\u00f6netim ve \u201ckolonizat\u00f6rl\u00fck\u201d \u2013yurt edinme\u2013 \u00e7al\u0131\u015fmalar\u0131n\u0131 \u00f6rnek alarak, Kap\u0131kullar\u0131 i\u00e7in yap\u0131land\u0131rd\u0131klar\u0131 Bekta\u015fili\u011fin kurulu\u015f, geli\u015fim ve sonu\u00e7 evrelerini anlatmaktad\u0131r.Son olarak da amac\u0131m\u0131z, onbe\u015finci y\u00fczy\u0131l\u0131n sonlar\u0131yla onalt\u0131nc\u0131 y\u00fczy\u0131l boyunca, birbirlerinin can d\u00fc\u015fman\u0131 olan ve Anadolu topraklar\u0131n\u0131 kan g\u00f6l\u00fcne \u00e7eviren, Bekta\u015fi Tarikat\u0131\u2019ndaki Kap\u0131kullar\u0131 ile Anadolu T\u00fcrk halk\u0131n\u0131n inan\u00e7sal m\u00fccadeleleri ve T\u00fcrklerin yenilgiler sonucu inan\u00e7sal de\u011fi\u015fim ve b\u00f6l\u00fcnmeye u\u011fray\u0131\u015f\u0131n\u0131 g\u00f6zler \u00f6n\u00fcne getirmektir. T\u00fcrk halk\u0131n\u0131n bir b\u00f6l\u00fcm\u00fc S\u00fcnni \u0130slam\u2019a ge\u00e7erken, di\u011fer b\u00f6l\u00fcm\u00fcn\u00fcn Bekta\u015fili\u011fe evrili\u015f s\u00fcrecini, onlarla \u00f6nce yol birli\u011fi ve 1826 \u201cVaka-i Hayriye\u201d olaylar\u0131ndan sonra da kader birli\u011fi ederek bug\u00fcnlere geli\u015fini okuyucuya aktarmak<\/p>\n","protected":false},"excerpt":{"rendered":"<p>Bu kitap, O\u011fuz T\u00fcrklerinin \u201cAtalar \u0130nanc\u0131\u201dndan kaynaklar\u0131n\u0131 alan ve insanl\u0131\u011f\u0131n k\u00f6k k\u00fclt\u00fcr\u00fcyle akraba olan K\u0131z\u0131lba\u015fl\u0131\u011f\u0131n; iftiralardan, karalama ve uydurmalardan ar\u0131nd\u0131r\u0131larak, kendi ger\u00e7ek varolu\u015funu g\u00fcn y\u00fcz\u00fcne \u00e7\u0131kartma<span class=\"excerpt-hellip\"> [\u2026]<\/span><\/p>\n","protected":false},"featured_media":0,"template":"","meta":{"_monsterinsights_skip_tracking":false,"_monsterinsights_sitenote_active":false,"_monsterinsights_sitenote_note":"","_monsterinsights_sitenote_category":0},"product_brand":[],"product_cat":[12370,12304],"product_tag":[],"class_list":{"0":"post-726465","1":"product","2":"type-product","3":"status-publish","5":"product_cat-arastirma-inceleme","6":"product_cat-tarih","7":"pa_cilt-ciltsiz","8":"pa_tur-kitap","9":"pa_yayinevi-pia-yayinlari","10":"pa_yazar-umar-o-oflaz","12":"first","13":"instock","14":"sale","15":"shipping-taxable","16":"purchasable","17":"product-type-simple"},"_links":{"self":[{"href":"https:\/\/roveyayinevi.com.tr\/index.php\/wp-json\/wp\/v2\/product\/726465","targetHints":{"allow":["GET"]}}],"collection":[{"href":"https:\/\/roveyayinevi.com.tr\/index.php\/wp-json\/wp\/v2\/product"}],"about":[{"href":"https:\/\/roveyayinevi.com.tr\/index.php\/wp-json\/wp\/v2\/types\/product"}],"wp:attachment":[{"href":"https:\/\/roveyayinevi.com.tr\/index.php\/wp-json\/wp\/v2\/media?parent=726465"}],"wp:term":[{"taxonomy":"product_brand","embeddable":true,"href":"https:\/\/roveyayinevi.com.tr\/index.php\/wp-json\/wp\/v2\/product_brand?post=726465"},{"taxonomy":"product_cat","embeddable":true,"href":"https:\/\/roveyayinevi.com.tr\/index.php\/wp-json\/wp\/v2\/product_cat?post=726465"},{"taxonomy":"product_tag","embeddable":true,"href":"https:\/\/roveyayinevi.com.tr\/index.php\/wp-json\/wp\/v2\/product_tag?post=726465"}],"curies":[{"name":"wp","href":"https:\/\/api.w.org\/{rel}","templated":true}]}}