{"id":726464,"date":"2025-08-27T20:07:19","date_gmt":"2025-08-27T17:07:19","guid":{"rendered":"https:\/\/roveyayinevi.com.tr\/index.php\/urun\/martidan-mektup-var\/"},"modified":"2026-04-16T02:34:08","modified_gmt":"2026-04-15T23:34:08","slug":"martidan-mektup-var","status":"publish","type":"product","link":"https:\/\/roveyayinevi.com.tr\/index.php\/urun\/martidan-mektup-var\/","title":{"rendered":"Mart\u0131dan Mektup Var"},"content":{"rendered":"<p>Mart\u0131 Yelkuyruk, bal\u0131k\u00e7\u0131lar\u0131n o ak\u015fam, mercan kayal\u0131klar\u0131na a\u011f ataca\u011f\u0131n\u0131 duydu. A\u011flarla toplad\u0131klar\u0131 canl\u0131lar\u0131 akvaryumculara satacaklard\u0131. Suyun alt\u0131nda ya\u015fayan canl\u0131lar\u0131 uyarmaya karar veren Mart\u0131 Yelkuyruk hemen bir mektup yaz\u0131p \u015fi\u015fenin i\u00e7ine koydu ve denize b\u0131rakt\u0131. Mart\u0131n\u0131n mektubunu, palya\u00e7o bal\u0131klar\u0131 buldu. Ancak \u00f6nemli bir sorun vard\u0131: Okumay\u0131 bilmiyorlard\u0131&#8230;<\/p>\n","protected":false},"excerpt":{"rendered":"<p>Mart\u0131 Yelkuyruk, bal\u0131k\u00e7\u0131lar\u0131n o ak\u015fam, mercan kayal\u0131klar\u0131na a\u011f ataca\u011f\u0131n\u0131 duydu. A\u011flarla toplad\u0131klar\u0131 canl\u0131lar\u0131 akvaryumculara satacaklard\u0131. Suyun alt\u0131nda ya\u015fayan canl\u0131lar\u0131 uyarmaya karar veren Mart\u0131 Yelkuyruk hemen bir<span class=\"excerpt-hellip\"> [\u2026]<\/span><\/p>\n","protected":false},"featured_media":0,"template":"","meta":{"_monsterinsights_skip_tracking":false,"_monsterinsights_sitenote_active":false,"_monsterinsights_sitenote_note":"","_monsterinsights_sitenote_category":0},"product_brand":[],"product_cat":[12275,12274],"product_tag":[],"class_list":{"0":"post-726464","1":"product","2":"type-product","3":"status-publish","5":"product_cat-6-12-yas-kitaplari","6":"product_cat-cocuk-ve-genclik-kitaplari","7":"pa_cilt-ciltsiz","8":"pa_tur-kitap","9":"pa_yayinevi-beyaz-balina-yayinlari","10":"pa_yazar-evrim-kucuk","12":"first","13":"instock","14":"sale","15":"shipping-taxable","16":"purchasable","17":"product-type-simple"},"_links":{"self":[{"href":"https:\/\/roveyayinevi.com.tr\/index.php\/wp-json\/wp\/v2\/product\/726464","targetHints":{"allow":["GET"]}}],"collection":[{"href":"https:\/\/roveyayinevi.com.tr\/index.php\/wp-json\/wp\/v2\/product"}],"about":[{"href":"https:\/\/roveyayinevi.com.tr\/index.php\/wp-json\/wp\/v2\/types\/product"}],"wp:attachment":[{"href":"https:\/\/roveyayinevi.com.tr\/index.php\/wp-json\/wp\/v2\/media?parent=726464"}],"wp:term":[{"taxonomy":"product_brand","embeddable":true,"href":"https:\/\/roveyayinevi.com.tr\/index.php\/wp-json\/wp\/v2\/product_brand?post=726464"},{"taxonomy":"product_cat","embeddable":true,"href":"https:\/\/roveyayinevi.com.tr\/index.php\/wp-json\/wp\/v2\/product_cat?post=726464"},{"taxonomy":"product_tag","embeddable":true,"href":"https:\/\/roveyayinevi.com.tr\/index.php\/wp-json\/wp\/v2\/product_tag?post=726464"}],"curies":[{"name":"wp","href":"https:\/\/api.w.org\/{rel}","templated":true}]}}