{"id":726463,"date":"2025-08-27T20:07:18","date_gmt":"2025-08-27T17:07:18","guid":{"rendered":"https:\/\/roveyayinevi.com.tr\/index.php\/urun\/monti-ve-kara-kedi\/"},"modified":"2026-04-16T02:34:08","modified_gmt":"2026-04-15T23:34:08","slug":"monti-ve-kara-kedi","status":"publish","type":"product","link":"https:\/\/roveyayinevi.com.tr\/index.php\/urun\/monti-ve-kara-kedi\/","title":{"rendered":"Monti ve Kara Kedi"},"content":{"rendered":"<p>Monti, Kara Kedi ile oynamak i\u00e7in ko\u015farak salona gitti. Onun t\u00fcylerini ok\u015fad\u0131. Kara Kedi ok\u015fan\u0131rken hep m\u0131rlard\u0131. \u00ab M\u0131rr\u2026 M\u0131rr\u2026 \u00bb Sonra g\u00f6be\u011fini d\u00f6nerdi. Monti\u2019nin, g\u00f6be\u011fini ok\u015famas\u0131n\u0131 bekler, ellerini yakalamaya \u00e7al\u0131\u015f\u0131rd\u0131. Fakat o sabah, bunlar\u0131n hi\u00e7birini yapmad\u0131. Hi\u00e7 hareket etmiyordu. Yoksa Kara Kedi hasta m\u0131 olmu\u015ftu? Monti\u2019nin annesi, Kara Kedi\u2019nin papatya olarak uyanmak istedi\u011fini s\u00f6yledi\u2026<\/p>\n","protected":false},"excerpt":{"rendered":"<p>Monti, Kara Kedi ile oynamak i\u00e7in ko\u015farak salona gitti. Onun t\u00fcylerini ok\u015fad\u0131. Kara Kedi ok\u015fan\u0131rken hep m\u0131rlard\u0131. \u00ab M\u0131rr\u2026 M\u0131rr\u2026 \u00bb Sonra g\u00f6be\u011fini d\u00f6nerdi. Monti\u2019nin, g\u00f6be\u011fini<span class=\"excerpt-hellip\"> [\u2026]<\/span><\/p>\n","protected":false},"featured_media":0,"template":"","meta":{"_monsterinsights_skip_tracking":false,"_monsterinsights_sitenote_active":false,"_monsterinsights_sitenote_note":"","_monsterinsights_sitenote_category":0},"product_brand":[],"product_cat":[12275,12274],"product_tag":[],"class_list":{"0":"post-726463","1":"product","2":"type-product","3":"status-publish","5":"product_cat-6-12-yas-kitaplari","6":"product_cat-cocuk-ve-genclik-kitaplari","7":"pa_cilt-ciltsiz","8":"pa_tur-kitap","9":"pa_yayinevi-beyaz-balina-yayinlari","10":"pa_yazar-guliz-sutcu","12":"first","13":"instock","14":"sale","15":"shipping-taxable","16":"purchasable","17":"product-type-simple"},"_links":{"self":[{"href":"https:\/\/roveyayinevi.com.tr\/index.php\/wp-json\/wp\/v2\/product\/726463","targetHints":{"allow":["GET"]}}],"collection":[{"href":"https:\/\/roveyayinevi.com.tr\/index.php\/wp-json\/wp\/v2\/product"}],"about":[{"href":"https:\/\/roveyayinevi.com.tr\/index.php\/wp-json\/wp\/v2\/types\/product"}],"wp:attachment":[{"href":"https:\/\/roveyayinevi.com.tr\/index.php\/wp-json\/wp\/v2\/media?parent=726463"}],"wp:term":[{"taxonomy":"product_brand","embeddable":true,"href":"https:\/\/roveyayinevi.com.tr\/index.php\/wp-json\/wp\/v2\/product_brand?post=726463"},{"taxonomy":"product_cat","embeddable":true,"href":"https:\/\/roveyayinevi.com.tr\/index.php\/wp-json\/wp\/v2\/product_cat?post=726463"},{"taxonomy":"product_tag","embeddable":true,"href":"https:\/\/roveyayinevi.com.tr\/index.php\/wp-json\/wp\/v2\/product_tag?post=726463"}],"curies":[{"name":"wp","href":"https:\/\/api.w.org\/{rel}","templated":true}]}}