{"id":726462,"date":"2025-08-27T20:07:17","date_gmt":"2025-08-27T17:07:17","guid":{"rendered":"https:\/\/roveyayinevi.com.tr\/index.php\/urun\/monti-ve-simdi-makinesi\/"},"modified":"2026-04-16T02:34:08","modified_gmt":"2026-04-15T23:34:08","slug":"monti-ve-simdi-makinesi","status":"publish","type":"product","link":"https:\/\/roveyayinevi.com.tr\/index.php\/urun\/monti-ve-simdi-makinesi\/","title":{"rendered":"Monti ve \u015eimdi Makinesi"},"content":{"rendered":"<p>Monti, ablas\u0131n\u0131n okuldan d\u00f6n\u00fc\u015f\u00fcn\u00fc sab\u0131rs\u0131zl\u0131kla bekliyordu. Fakat ablas\u0131 Ella d\u00f6nd\u00fc\u011f\u00fcnde \u00e7ok endi\u015feliydi. Okulda yap\u0131lacak t\u00f6ren i\u00e7in \u00ab \u00d6zg\u00fcrl\u00fck \u00bb adl\u0131 \u015fiiri ezberlemesi gerekiyordu.Defalarca deneyen Ella bunu ba\u015faramad\u0131 ve a\u011flamaya ba\u015flad\u0131. Monti hemen ablas\u0131n\u0131n yard\u0131m\u0131na ko\u015fup dolab\u0131ndan \u015eimdi Makinesi\u2019ni \u00e7\u0131kard\u0131\u2026<\/p>\n","protected":false},"excerpt":{"rendered":"<p>Monti, ablas\u0131n\u0131n okuldan d\u00f6n\u00fc\u015f\u00fcn\u00fc sab\u0131rs\u0131zl\u0131kla bekliyordu. Fakat ablas\u0131 Ella d\u00f6nd\u00fc\u011f\u00fcnde \u00e7ok endi\u015feliydi. Okulda yap\u0131lacak t\u00f6ren i\u00e7in \u00ab \u00d6zg\u00fcrl\u00fck \u00bb adl\u0131 \u015fiiri ezberlemesi gerekiyordu.Defalarca deneyen Ella bunu<span class=\"excerpt-hellip\"> [\u2026]<\/span><\/p>\n","protected":false},"featured_media":0,"template":"","meta":{"_monsterinsights_skip_tracking":false,"_monsterinsights_sitenote_active":false,"_monsterinsights_sitenote_note":"","_monsterinsights_sitenote_category":0},"product_brand":[],"product_cat":[12275,12274],"product_tag":[],"class_list":{"0":"post-726462","1":"product","2":"type-product","3":"status-publish","5":"product_cat-6-12-yas-kitaplari","6":"product_cat-cocuk-ve-genclik-kitaplari","7":"pa_cilt-ciltsiz","8":"pa_tur-kitap","9":"pa_yayinevi-beyaz-balina-yayinlari","10":"pa_yazar-guliz-sutcu","12":"first","13":"instock","14":"sale","15":"shipping-taxable","16":"purchasable","17":"product-type-simple"},"_links":{"self":[{"href":"https:\/\/roveyayinevi.com.tr\/index.php\/wp-json\/wp\/v2\/product\/726462","targetHints":{"allow":["GET"]}}],"collection":[{"href":"https:\/\/roveyayinevi.com.tr\/index.php\/wp-json\/wp\/v2\/product"}],"about":[{"href":"https:\/\/roveyayinevi.com.tr\/index.php\/wp-json\/wp\/v2\/types\/product"}],"wp:attachment":[{"href":"https:\/\/roveyayinevi.com.tr\/index.php\/wp-json\/wp\/v2\/media?parent=726462"}],"wp:term":[{"taxonomy":"product_brand","embeddable":true,"href":"https:\/\/roveyayinevi.com.tr\/index.php\/wp-json\/wp\/v2\/product_brand?post=726462"},{"taxonomy":"product_cat","embeddable":true,"href":"https:\/\/roveyayinevi.com.tr\/index.php\/wp-json\/wp\/v2\/product_cat?post=726462"},{"taxonomy":"product_tag","embeddable":true,"href":"https:\/\/roveyayinevi.com.tr\/index.php\/wp-json\/wp\/v2\/product_tag?post=726462"}],"curies":[{"name":"wp","href":"https:\/\/api.w.org\/{rel}","templated":true}]}}