{"id":726461,"date":"2025-08-27T20:07:16","date_gmt":"2025-08-27T17:07:16","guid":{"rendered":"https:\/\/roveyayinevi.com.tr\/index.php\/urun\/super-yetenekli\/"},"modified":"2026-04-16T02:34:08","modified_gmt":"2026-04-15T23:34:08","slug":"super-yetenekli","status":"publish","type":"product","link":"https:\/\/roveyayinevi.com.tr\/index.php\/urun\/super-yetenekli\/","title":{"rendered":"S\u00fcper Yetenekli"},"content":{"rendered":"<p>Yetenek[siz] kitab\u0131yla tan\u0131d\u0131\u011f\u0131m\u0131z Donovan Curtis, hi\u00e7bir zaman insanlar\u0131n \u00fcst\u00fcn yetenekli diyebilece\u011fi biri olmam\u0131\u015ft\u0131r.Ancak IQ seviyesi etraf\u0131ndaki herkesten daha y\u00fcksek olan d\u00e2hi arkada\u015f\u0131 Noah Youkilis ger\u00e7ekten s\u00fcper yeteneklidir. \u00dcst\u00fcn E\u011fitim Akademisi&#8217;nde ge\u00e7irdi\u011fi onca y\u0131ldan sonra Noah, ba\u015far\u0131s\u0131z olma f\u0131rsat\u0131n\u0131n hayalini kurmaktad\u0131r; tabii can\u0131 isterse. Ve art\u0131k tam da bunu yapmak i\u00e7in en uygun yerdedir: Donovan&#8217;\u0131n okulu.Noah neredeyse daha ilk g\u00fcnden kendini amigo tak\u0131m\u0131 kaptan\u0131 Megan Mercury ve spor kral\u0131 Hash \u201cHashtag\u201d Taggart ile kar\u015f\u0131 kar\u015f\u0131ya bulur. Donovan, Noah&#8217;ya arka \u00e7\u0131k\u0131nca Hashtag&#8217;le b\u00fcy\u00fck bir kavgan\u0131n ortas\u0131na d\u00fc\u015fer. Spor kral\u0131ndan uzak durmal\u0131d\u0131r; yoksa\u2026Meselenin burada kapanmas\u0131 gerekirken g\u00f6r\u00fcnmez bir kaza aniden Donovan&#8217;\u0131 kahraman yap\u0131verir. Fakat kahramanl\u0131\u011f\u0131 Hashtag ile ilgili oldu\u011fu i\u00e7in bunu kimseye s\u00f6yleyemez. B\u00f6ylece Noah meseleye el atarak \u201cs\u00fcper \u00e7ocuk\u201d oluverir. Bir anda inek \u00f6\u011frenciden okulun en pop\u00fcler \u00e7ocu\u011funa d\u00f6n\u00fc\u015f\u00fcr. Ancak boyundan biraz b\u00fcy\u00fck bir i\u015fe kalk\u0131\u015fm\u0131\u015ft\u0131r\u2026<\/p>\n","protected":false},"excerpt":{"rendered":"<p>Yetenek[siz] kitab\u0131yla tan\u0131d\u0131\u011f\u0131m\u0131z Donovan Curtis, hi\u00e7bir zaman insanlar\u0131n \u00fcst\u00fcn yetenekli diyebilece\u011fi biri olmam\u0131\u015ft\u0131r.Ancak IQ seviyesi etraf\u0131ndaki herkesten daha y\u00fcksek olan d\u00e2hi arkada\u015f\u0131 Noah Youkilis ger\u00e7ekten s\u00fcper<span class=\"excerpt-hellip\"> [\u2026]<\/span><\/p>\n","protected":false},"featured_media":0,"template":"","meta":{"_monsterinsights_skip_tracking":false,"_monsterinsights_sitenote_active":false,"_monsterinsights_sitenote_note":"","_monsterinsights_sitenote_category":0},"product_brand":[],"product_cat":[12275,12274],"product_tag":[],"class_list":{"0":"post-726461","1":"product","2":"type-product","3":"status-publish","5":"product_cat-6-12-yas-kitaplari","6":"product_cat-cocuk-ve-genclik-kitaplari","7":"pa_cilt-ciltsiz","8":"pa_tur-kitap","9":"pa_yayinevi-bilgi-yayinevi-cocuk","10":"pa_yazar-gordon-korman","12":"first","13":"instock","14":"sale","15":"shipping-taxable","16":"purchasable","17":"product-type-simple"},"_links":{"self":[{"href":"https:\/\/roveyayinevi.com.tr\/index.php\/wp-json\/wp\/v2\/product\/726461","targetHints":{"allow":["GET"]}}],"collection":[{"href":"https:\/\/roveyayinevi.com.tr\/index.php\/wp-json\/wp\/v2\/product"}],"about":[{"href":"https:\/\/roveyayinevi.com.tr\/index.php\/wp-json\/wp\/v2\/types\/product"}],"wp:attachment":[{"href":"https:\/\/roveyayinevi.com.tr\/index.php\/wp-json\/wp\/v2\/media?parent=726461"}],"wp:term":[{"taxonomy":"product_brand","embeddable":true,"href":"https:\/\/roveyayinevi.com.tr\/index.php\/wp-json\/wp\/v2\/product_brand?post=726461"},{"taxonomy":"product_cat","embeddable":true,"href":"https:\/\/roveyayinevi.com.tr\/index.php\/wp-json\/wp\/v2\/product_cat?post=726461"},{"taxonomy":"product_tag","embeddable":true,"href":"https:\/\/roveyayinevi.com.tr\/index.php\/wp-json\/wp\/v2\/product_tag?post=726461"}],"curies":[{"name":"wp","href":"https:\/\/api.w.org\/{rel}","templated":true}]}}