{"id":726459,"date":"2025-08-27T20:07:14","date_gmt":"2025-08-27T17:07:14","guid":{"rendered":"https:\/\/roveyayinevi.com.tr\/index.php\/urun\/kurtadamin-kutsal-kitabi\/"},"modified":"2026-04-16T02:34:08","modified_gmt":"2026-04-15T23:34:08","slug":"kurtadamin-kutsal-kitabi","status":"publish","type":"product","link":"https:\/\/roveyayinevi.com.tr\/index.php\/urun\/kurtadamin-kutsal-kitabi\/","title":{"rendered":"Kurtadam\u0131n Kutsal Kitab\u0131"},"content":{"rendered":"<p>Yazd\u0131klar\u0131yla Kafka, Calvino ve Gogol gibi isimlerle k\u0131yaslanan, bir d\u00f6nem Rus Hava Kuvvetleri\u2019nde g\u00f6rev yapan, r\u00f6portaj vermeyi, insan \u00f6n\u00fcne \u00e7\u0131kmay\u0131 pek sevmeyen, ilk mesle\u011fi m\u00fchendislik olan Viktor Pelevin, Sovyetler sonras\u0131 Rusya\u2019n\u0131n en ilgi \u00e7ekici, k\u0131\u015fk\u0131rt\u0131c\u0131, \u00fcretken yazarlar\u0131ndan biri oldu. Rusya Little Booker \u00d6d\u00fcl\u00fc\u2019n\u00fc kazand\u0131, The New Yorker taraf\u0131ndan otuz be\u015f ya\u015f alt\u0131 en iyi Avrupal\u0131 yazarlar aras\u0131nda g\u00f6sterildi, eserleri otuzdan fazla \u00fclkede yay\u0131mland\u0131.   A Huli\u2019yi g\u00f6r\u00fcnce on be\u015f ya\u015f\u0131nda, Moskoval\u0131 bir hayat kad\u0131n\u0131 oldu\u011funu sanabilirsiniz ama iki bin ya\u015f\u0131nda bir tilki asl\u0131nda, kuyru\u011fuyla insanlar\u0131 transa sokabiliyor ve i\u00e7inde \u00f6yle bir s\u0131k\u0131nt\u0131 var ki bir ruhunun oldu\u011funa bile inanmaya haz\u0131r. Derken bir istihbarat\u00e7\u0131yla, Aleksandr\u2019la kar\u015f\u0131la\u015f\u0131yor ve \u00e2\u015f\u0131k oluyor. Ama bilmedi\u011fi bir \u015fey var: Aleksandr bir kurtadam asl\u0131nda.   Viktor Pelevin\u2019den Kurtadam\u0131n Kutsal Kitab\u0131, do\u011faya, ger\u00e7ekli\u011fe, modern Rusya\u2019ya dair tilki gibi kurnaz, kurt gibi tehlikeli, hiperaktif bir roman.   &#8220;G\u00f6rkemli paragraflarla, seksle dolu bir roman, yine de g\u00f6steri\u015f\u00e7i, seksi, ta\u015f kalpli kitaplardan biri olmamay\u0131 ba\u015far\u0131yor. Hayal tutkuyla, mizah da kederle besleniyor.\u201d \u2013Ursula K. Le Guin   \u201cViktor Pelevin \u00e7ok zeki ve ak\u0131l dolu bir yazar.\u201d \u2013David Foster Wallace   \u201cPelevin, siber \u00e7a\u011f\u0131n psikedelik Nabokov\u2019udur.\u201d \u2013Time   \u201cPelevin, Rusya\u2019n\u0131n hem David Foster Wallace\u2019\u0131 hem Will Self\u2019i hem de Haruki Murakami\u2019sidir.\u201d \u2013Times Literary Supplement <\/p>\n","protected":false},"excerpt":{"rendered":"<p>Yazd\u0131klar\u0131yla Kafka, Calvino ve Gogol gibi isimlerle k\u0131yaslanan, bir d\u00f6nem Rus Hava Kuvvetleri\u2019nde g\u00f6rev yapan, r\u00f6portaj vermeyi, insan \u00f6n\u00fcne \u00e7\u0131kmay\u0131 pek sevmeyen, ilk mesle\u011fi m\u00fchendislik olan<span class=\"excerpt-hellip\"> [\u2026]<\/span><\/p>\n","protected":false},"featured_media":0,"template":"","meta":{"_monsterinsights_skip_tracking":false,"_monsterinsights_sitenote_active":false,"_monsterinsights_sitenote_note":"","_monsterinsights_sitenote_category":0},"product_brand":[],"product_cat":[12291,12711],"product_tag":[],"class_list":{"0":"post-726459","1":"product","2":"type-product","3":"status-publish","5":"product_cat-edebiyat","6":"product_cat-roman-oyku","7":"pa_cilt-ciltsiz","8":"pa_tur-kitap","9":"pa_yayinevi-ithaki-yayinlari","10":"pa_yazar-viktor-pelevin","12":"first","13":"instock","14":"sale","15":"shipping-taxable","16":"purchasable","17":"product-type-simple"},"_links":{"self":[{"href":"https:\/\/roveyayinevi.com.tr\/index.php\/wp-json\/wp\/v2\/product\/726459","targetHints":{"allow":["GET"]}}],"collection":[{"href":"https:\/\/roveyayinevi.com.tr\/index.php\/wp-json\/wp\/v2\/product"}],"about":[{"href":"https:\/\/roveyayinevi.com.tr\/index.php\/wp-json\/wp\/v2\/types\/product"}],"wp:attachment":[{"href":"https:\/\/roveyayinevi.com.tr\/index.php\/wp-json\/wp\/v2\/media?parent=726459"}],"wp:term":[{"taxonomy":"product_brand","embeddable":true,"href":"https:\/\/roveyayinevi.com.tr\/index.php\/wp-json\/wp\/v2\/product_brand?post=726459"},{"taxonomy":"product_cat","embeddable":true,"href":"https:\/\/roveyayinevi.com.tr\/index.php\/wp-json\/wp\/v2\/product_cat?post=726459"},{"taxonomy":"product_tag","embeddable":true,"href":"https:\/\/roveyayinevi.com.tr\/index.php\/wp-json\/wp\/v2\/product_tag?post=726459"}],"curies":[{"name":"wp","href":"https:\/\/api.w.org\/{rel}","templated":true}]}}