{"id":726458,"date":"2025-08-27T20:07:13","date_gmt":"2025-08-27T17:07:13","guid":{"rendered":"https:\/\/roveyayinevi.com.tr\/index.php\/urun\/icimdeki-sakli-cennet\/"},"modified":"2026-04-16T02:34:08","modified_gmt":"2026-04-15T23:34:08","slug":"icimdeki-sakli-cennet","status":"publish","type":"product","link":"https:\/\/roveyayinevi.com.tr\/index.php\/urun\/icimdeki-sakli-cennet\/","title":{"rendered":"\u0130\u00e7imdeki Sakl\u0131 Cennet"},"content":{"rendered":"<p>Kad\u0131n olmak, m\u00fczisyen olmak ve kendini bulmak \u00fc\u00e7geninde olumlamalarla ve Allah a\u015fk\u0131yla yo\u011frulmu\u015f, fonda hep \u015fark\u0131lar \u00e7alan yar\u0131 biyografik bir ba\u015far\u0131 ve kendini bulma hik\u00e2yesi \u0130\u00c7\u0130MDEK\u0130 SAKLI CENNET. M\u00fczisyen ve kendi tabiri ile \u201cEvrensel Anne\u201d Ebru Elver, m\u00fczik yolculu\u011funda kar\u015f\u0131s\u0131na \u00e7\u0131kan zorluklarla g\u00fc\u00e7lenirken bize vazge\u00e7i\u015flerinden, vazge\u00e7emeyi\u015flerinden, yolunu ayd\u0131nlatan a\u015fktan ayn\u0131 zamanda da Allah a\u015fk\u0131ndan, evrendeki her varl\u0131\u011fa yard\u0131m etme sevdas\u0131ndan, yenid\u00fcnya d\u00fczeninden ve Ko*rona\u2019dan bahsederken kendi hayat\u0131n\u0131n t\u00fcm ayr\u0131nt\u0131lar\u0131n\u0131 hi\u00e7bir \u015feyi saklama gere\u011fi duymadan, c\u00f6mert\u00e7e ve cesurca anlat\u0131yor. D\u00fcnden bug\u00fcne var olabilme, kendinden \u00f6d\u00fcn vermeden sayg\u0131n bir m\u00fczisyen olabilme m\u00fccadelesi veren Ebru Elver, yolculu\u011funda sekt\u00f6r\u00fcn \u00f6nemli isimleri ile bir araya geliyor. Kimi destek olurken, kimi bu m\u00fccadeleye k\u00f6stek olmay\u0131 tercih ediyor. Ailesine, yoluna ta\u015f koyanlara ve ya\u015fam\u0131n t\u00fcm \u00e7arp\u0131kl\u0131\u011f\u0131na ra\u011fmen kendi yolunu \u00e7izip, hayalini ya\u015fayan Ebru Elver\u2019in hayat\u0131na dokunarak kendi g\u00fcc\u00fcn\u00fcz\u00fcn fark\u0131na varmak ister misiniz? <\/p>\n","protected":false},"excerpt":{"rendered":"<p>Kad\u0131n olmak, m\u00fczisyen olmak ve kendini bulmak \u00fc\u00e7geninde olumlamalarla ve Allah a\u015fk\u0131yla yo\u011frulmu\u015f, fonda hep \u015fark\u0131lar \u00e7alan yar\u0131 biyografik bir ba\u015far\u0131 ve kendini bulma hik\u00e2yesi \u0130\u00c7\u0130MDEK\u0130<span class=\"excerpt-hellip\"> [\u2026]<\/span><\/p>\n","protected":false},"featured_media":0,"template":"","meta":{"_monsterinsights_skip_tracking":false,"_monsterinsights_sitenote_active":false,"_monsterinsights_sitenote_note":"","_monsterinsights_sitenote_category":0},"product_brand":[],"product_cat":[14009,12291],"product_tag":[],"class_list":{"0":"post-726458","1":"product","2":"type-product","3":"status-publish","5":"product_cat-biyografi-otobiyografi-edebiyat","6":"product_cat-edebiyat","7":"pa_cilt-ciltsiz","8":"pa_tur-kitap","9":"pa_yayinevi-muptela-yayinevi","10":"pa_yazar-ebru-elver","12":"first","13":"instock","14":"sale","15":"shipping-taxable","16":"purchasable","17":"product-type-simple"},"_links":{"self":[{"href":"https:\/\/roveyayinevi.com.tr\/index.php\/wp-json\/wp\/v2\/product\/726458","targetHints":{"allow":["GET"]}}],"collection":[{"href":"https:\/\/roveyayinevi.com.tr\/index.php\/wp-json\/wp\/v2\/product"}],"about":[{"href":"https:\/\/roveyayinevi.com.tr\/index.php\/wp-json\/wp\/v2\/types\/product"}],"wp:attachment":[{"href":"https:\/\/roveyayinevi.com.tr\/index.php\/wp-json\/wp\/v2\/media?parent=726458"}],"wp:term":[{"taxonomy":"product_brand","embeddable":true,"href":"https:\/\/roveyayinevi.com.tr\/index.php\/wp-json\/wp\/v2\/product_brand?post=726458"},{"taxonomy":"product_cat","embeddable":true,"href":"https:\/\/roveyayinevi.com.tr\/index.php\/wp-json\/wp\/v2\/product_cat?post=726458"},{"taxonomy":"product_tag","embeddable":true,"href":"https:\/\/roveyayinevi.com.tr\/index.php\/wp-json\/wp\/v2\/product_tag?post=726458"}],"curies":[{"name":"wp","href":"https:\/\/api.w.org\/{rel}","templated":true}]}}