{"id":726457,"date":"2025-08-27T20:07:12","date_gmt":"2025-08-27T17:07:12","guid":{"rendered":"https:\/\/roveyayinevi.com.tr\/index.php\/urun\/kitap-kurdu-ve-cirkin-ciltli\/"},"modified":"2026-04-16T02:34:08","modified_gmt":"2026-04-15T23:34:08","slug":"kitap-kurdu-ve-cirkin-ciltli","status":"publish","type":"product","link":"https:\/\/roveyayinevi.com.tr\/index.php\/urun\/kitap-kurdu-ve-cirkin-ciltli\/","title":{"rendered":"Kitap Kurdu ve \u00c7irkin (Ciltli)"},"content":{"rendered":"<p>Rosie Thorne, ExcelciCon balosunda tan\u0131\u015ft\u0131\u011f\u0131 gizemli General Sond sayesinde uzun zamand\u0131r ilk kez g\u00fcl\u00fcmsemi\u015fti. Yazamad\u0131\u011f\u0131 \u00fcniversite ba\u015fvuru mektubu, gelecek sene i\u00e7in para biriktirmesi gerekti\u011fi ve annesinin \u00f6l\u00fcm\u00fcn\u00fcn i\u00e7inde b\u0131rakt\u0131\u011f\u0131 bo\u015fluk bir geceli\u011fine yok olmu\u015ftu sanki. Fakat hayat peri masallar\u0131ndaki gibi de\u011fildi.   Hollywood\u2019un prensi Vance Reigns ise yaratt\u0131\u011f\u0131 son skandal\u0131n sorumlulu\u011fundan ka\u00e7mak ve kariyerini kurtarabilmek i\u00e7in bir s\u00fcreli\u011fine ortadan kaybolmak zorundayd\u0131. Hi\u00e7li\u011fin ortas\u0131ndaki devasa bir evde, k\u00f6pe\u011fi ve Y\u0131ld\u0131zalan\u0131 kitaplar\u0131yla dolu bir k\u00fct\u00fcphaneyle hapsolmu\u015ftu.   Tuhaf tesad\u00fcfler \u00e7ok de\u011ferli bir \u015feyin kaybolmas\u0131na ve \u00e7ok daha de\u011ferli bir \u015feyin do\u011fmas\u0131na sebep olacakt\u0131. \u00c7ok uzun s\u00fcredir takt\u0131klar\u0131 maskelerin ard\u0131nda asl\u0131nda kim vard\u0131?   \u201cT\u00fcm kitapseverleri kalbinden vuracak bir peri masal\u0131.\u201d \u2014CNN   \u201cM\u00fckemmel bir anlat\u0131m ve e\u011flenceli ters k\u00f6\u015feler.\u201d \u2014SLJ \u201cG\u00fczel ve \u00c7irkin\u2019e esprili bir bak\u0131\u015f.\u201d \u2014Booklist   \u201cBir k\u00e2se dondurma yemek gibi keyifli ve ak\u0131c\u0131.\u201d \u2014New York Journal of Books   \u201c\u015eehirdeki her kitap\u00e7\u0131n\u0131n \u00e7at\u0131s\u0131na \u00e7\u0131k\u0131p \u2018BUNU OKUYUN!\u2019 diye ba\u011f\u0131rmak isteyeceksiniz.\u201d \u2014Geekmom   \u201cAsley Poston, geek olmak ne demek \u00e7ok iyi biliyor\u201d \u2014Twin Citties Geek   \u201cSon derece \u00e7ekici.\u201d \u2014Buzzfeed   \u201cTatmin edici bir ger\u00e7ek a\u015fk hik\u00e2yesi.\u201d \u2014Kirkus <\/p>\n","protected":false},"excerpt":{"rendered":"<p>Rosie Thorne, ExcelciCon balosunda tan\u0131\u015ft\u0131\u011f\u0131 gizemli General Sond sayesinde uzun zamand\u0131r ilk kez g\u00fcl\u00fcmsemi\u015fti. Yazamad\u0131\u011f\u0131 \u00fcniversite ba\u015fvuru mektubu, gelecek sene i\u00e7in para biriktirmesi gerekti\u011fi ve annesinin<span class=\"excerpt-hellip\"> [\u2026]<\/span><\/p>\n","protected":false},"featured_media":0,"template":"","meta":{"_monsterinsights_skip_tracking":false,"_monsterinsights_sitenote_active":false,"_monsterinsights_sitenote_note":"","_monsterinsights_sitenote_category":0},"product_brand":[],"product_cat":[12291,12711],"product_tag":[],"class_list":{"0":"post-726457","1":"product","2":"type-product","3":"status-publish","5":"product_cat-edebiyat","6":"product_cat-roman-oyku","7":"pa_cilt-ciltli","8":"pa_tur-kitap","9":"pa_yayinevi-yabanci-yayinevi","10":"pa_yazar-ashley-poston","12":"first","13":"instock","14":"sale","15":"shipping-taxable","16":"purchasable","17":"product-type-simple"},"_links":{"self":[{"href":"https:\/\/roveyayinevi.com.tr\/index.php\/wp-json\/wp\/v2\/product\/726457","targetHints":{"allow":["GET"]}}],"collection":[{"href":"https:\/\/roveyayinevi.com.tr\/index.php\/wp-json\/wp\/v2\/product"}],"about":[{"href":"https:\/\/roveyayinevi.com.tr\/index.php\/wp-json\/wp\/v2\/types\/product"}],"wp:attachment":[{"href":"https:\/\/roveyayinevi.com.tr\/index.php\/wp-json\/wp\/v2\/media?parent=726457"}],"wp:term":[{"taxonomy":"product_brand","embeddable":true,"href":"https:\/\/roveyayinevi.com.tr\/index.php\/wp-json\/wp\/v2\/product_brand?post=726457"},{"taxonomy":"product_cat","embeddable":true,"href":"https:\/\/roveyayinevi.com.tr\/index.php\/wp-json\/wp\/v2\/product_cat?post=726457"},{"taxonomy":"product_tag","embeddable":true,"href":"https:\/\/roveyayinevi.com.tr\/index.php\/wp-json\/wp\/v2\/product_tag?post=726457"}],"curies":[{"name":"wp","href":"https:\/\/api.w.org\/{rel}","templated":true}]}}