{"id":726456,"date":"2025-08-27T20:07:11","date_gmt":"2025-08-27T17:07:11","guid":{"rendered":"https:\/\/roveyayinevi.com.tr\/index.php\/urun\/kirmizi-canta\/"},"modified":"2026-04-16T02:34:08","modified_gmt":"2026-04-15T23:34:08","slug":"kirmizi-canta","status":"publish","type":"product","link":"https:\/\/roveyayinevi.com.tr\/index.php\/urun\/kirmizi-canta\/","title":{"rendered":"K\u0131rm\u0131z\u0131 \u00c7anta"},"content":{"rendered":"<p>\u00c7arli, anneannesinden hat\u0131ra kalan k\u0131rm\u0131z\u0131 \u00e7antas\u0131n\u0131 \u00e7ok seviyordu. Bu y\u00fczden bir g\u00fcn okula onunla gitmeye karar verdi. Ama babas\u0131, arkada\u015flar\u0131, hatta trafik polisi bile bu ilgin\u00e7 tercihine \u00e7ok \u015fa\u015f\u0131rd\u0131. Hepsi ona ayn\u0131 soruyu soruyordu: \u201cNeden bir kol \u00e7antas\u0131 tak\u0131yorsun?\u201d \u00c7\u00fcnk\u00fc onlara g\u00f6re erkekler kol \u00e7antas\u0131 de\u011fil, s\u0131rt \u00e7antas\u0131 takmal\u0131yd\u0131. Fakat \u00c7arli\u2019nin cevab\u0131 \u00e7ok a\u00e7\u0131k ve basitti: \u201c\u00c7\u00fcnk\u00fc takmak istiyorum.\u201d   Bir s\u00fcre sonra \u00c7arli\u2019nin k\u0131rm\u0131z\u0131 kol \u00e7antas\u0131yla ilgili bu kararl\u0131l\u0131\u011f\u0131 \u00e7evresindekilere de \u00f6rnek olacak, onlara isteyip de yapamad\u0131klar\u0131 \u015feyleri ger\u00e7ekle\u015ftirme cesareti verecekti. \u00d6nyarg\u0131lar\u0131n\u0131z\u0131 bir kenara b\u0131rak\u0131n, \u00c7arli ve k\u0131rm\u0131z\u0131 \u00e7antas\u0131 sizin de d\u00fcnyaya bak\u0131\u015f a\u00e7\u0131n\u0131z\u0131 de\u011fi\u015ftirecek! <\/p>\n","protected":false},"excerpt":{"rendered":"<p>\u00c7arli, anneannesinden hat\u0131ra kalan k\u0131rm\u0131z\u0131 \u00e7antas\u0131n\u0131 \u00e7ok seviyordu. Bu y\u00fczden bir g\u00fcn okula onunla gitmeye karar verdi. Ama babas\u0131, arkada\u015flar\u0131, hatta trafik polisi bile bu ilgin\u00e7<span class=\"excerpt-hellip\"> [\u2026]<\/span><\/p>\n","protected":false},"featured_media":0,"template":"","meta":{"_monsterinsights_skip_tracking":false,"_monsterinsights_sitenote_active":false,"_monsterinsights_sitenote_note":"","_monsterinsights_sitenote_category":0},"product_brand":[],"product_cat":[12913,12274],"product_tag":[],"class_list":{"0":"post-726456","1":"product","2":"type-product","3":"status-publish","5":"product_cat-3-6-yas-kitaplari","6":"product_cat-cocuk-ve-genclik-kitaplari","7":"pa_cilt-ciltsiz","8":"pa_tur-kitap","9":"pa_yayinevi-ithaki-yayinlari","10":"pa_yazar-belle-demont","12":"first","13":"instock","14":"sale","15":"shipping-taxable","16":"purchasable","17":"product-type-simple"},"_links":{"self":[{"href":"https:\/\/roveyayinevi.com.tr\/index.php\/wp-json\/wp\/v2\/product\/726456","targetHints":{"allow":["GET"]}}],"collection":[{"href":"https:\/\/roveyayinevi.com.tr\/index.php\/wp-json\/wp\/v2\/product"}],"about":[{"href":"https:\/\/roveyayinevi.com.tr\/index.php\/wp-json\/wp\/v2\/types\/product"}],"wp:attachment":[{"href":"https:\/\/roveyayinevi.com.tr\/index.php\/wp-json\/wp\/v2\/media?parent=726456"}],"wp:term":[{"taxonomy":"product_brand","embeddable":true,"href":"https:\/\/roveyayinevi.com.tr\/index.php\/wp-json\/wp\/v2\/product_brand?post=726456"},{"taxonomy":"product_cat","embeddable":true,"href":"https:\/\/roveyayinevi.com.tr\/index.php\/wp-json\/wp\/v2\/product_cat?post=726456"},{"taxonomy":"product_tag","embeddable":true,"href":"https:\/\/roveyayinevi.com.tr\/index.php\/wp-json\/wp\/v2\/product_tag?post=726456"}],"curies":[{"name":"wp","href":"https:\/\/api.w.org\/{rel}","templated":true}]}}