{"id":726454,"date":"2025-08-27T20:07:09","date_gmt":"2025-08-27T17:07:09","guid":{"rendered":"https:\/\/roveyayinevi.com.tr\/index.php\/urun\/madam-edwarda\/"},"modified":"2026-04-16T02:34:08","modified_gmt":"2026-04-15T23:34:08","slug":"madam-edwarda","status":"publish","type":"product","link":"https:\/\/roveyayinevi.com.tr\/index.php\/urun\/madam-edwarda\/","title":{"rendered":"Madam Edwarda"},"content":{"rendered":"<p>Paris&#8217;in \u00e7\u0131plak, rutubetli, \u0131ss\u0131z sokaklar\u0131nda \u015fehvetin, deh\u015fetin, arzulu ve merakl\u0131 bir bedenin izini nefes nefese s\u00fcrebilmek; herkes kendi Tanr\u0131&#8217;s\u0131n\u0131n pe\u015findeyken Madam Edwarda&#8217;y\u0131 bulabilmek&#8230; Zifiri karanl\u0131k Edwarda&#8217;n\u0131n siyah kadifeden pelerinini yutarken, Georges Bataille k\u00e2h sendeleyerek k\u00e2h t\u00f6kezleyerek dikenli tellerle \u00e7evrili s\u0131n\u0131rlarda yaralar\u0131 kanat\u0131yor.<\/p>\n","protected":false},"excerpt":{"rendered":"<p>Paris&#8217;in \u00e7\u0131plak, rutubetli, \u0131ss\u0131z sokaklar\u0131nda \u015fehvetin, deh\u015fetin, arzulu ve merakl\u0131 bir bedenin izini nefes nefese s\u00fcrebilmek; herkes kendi Tanr\u0131&#8217;s\u0131n\u0131n pe\u015findeyken Madam Edwarda&#8217;y\u0131 bulabilmek&#8230; Zifiri karanl\u0131k Edwarda&#8217;n\u0131n<span class=\"excerpt-hellip\"> [\u2026]<\/span><\/p>\n","protected":false},"featured_media":0,"template":"","meta":{"_monsterinsights_skip_tracking":false,"_monsterinsights_sitenote_active":false,"_monsterinsights_sitenote_note":"","_monsterinsights_sitenote_category":0},"product_brand":[],"product_cat":[12291,12711],"product_tag":[],"class_list":{"0":"post-726454","1":"product","2":"type-product","3":"status-publish","5":"product_cat-edebiyat","6":"product_cat-roman-oyku","7":"pa_cilt-ciltsiz","8":"pa_tur-kitap","9":"pa_yayinevi-sel-yayincilik","10":"pa_yazar-georges-bataille","12":"first","13":"instock","14":"sale","15":"shipping-taxable","16":"purchasable","17":"product-type-simple"},"_links":{"self":[{"href":"https:\/\/roveyayinevi.com.tr\/index.php\/wp-json\/wp\/v2\/product\/726454","targetHints":{"allow":["GET"]}}],"collection":[{"href":"https:\/\/roveyayinevi.com.tr\/index.php\/wp-json\/wp\/v2\/product"}],"about":[{"href":"https:\/\/roveyayinevi.com.tr\/index.php\/wp-json\/wp\/v2\/types\/product"}],"wp:attachment":[{"href":"https:\/\/roveyayinevi.com.tr\/index.php\/wp-json\/wp\/v2\/media?parent=726454"}],"wp:term":[{"taxonomy":"product_brand","embeddable":true,"href":"https:\/\/roveyayinevi.com.tr\/index.php\/wp-json\/wp\/v2\/product_brand?post=726454"},{"taxonomy":"product_cat","embeddable":true,"href":"https:\/\/roveyayinevi.com.tr\/index.php\/wp-json\/wp\/v2\/product_cat?post=726454"},{"taxonomy":"product_tag","embeddable":true,"href":"https:\/\/roveyayinevi.com.tr\/index.php\/wp-json\/wp\/v2\/product_tag?post=726454"}],"curies":[{"name":"wp","href":"https:\/\/api.w.org\/{rel}","templated":true}]}}