{"id":726452,"date":"2025-08-27T20:07:07","date_gmt":"2025-08-27T17:07:07","guid":{"rendered":"https:\/\/roveyayinevi.com.tr\/index.php\/urun\/444\/"},"modified":"2026-04-16T02:34:08","modified_gmt":"2026-04-15T23:34:08","slug":"444","status":"publish","type":"product","link":"https:\/\/roveyayinevi.com.tr\/index.php\/urun\/444\/","title":{"rendered":"444"},"content":{"rendered":"<p>444, bir \u00e7a\u011fr\u0131 notu g\u00f6nderdi\u011fim kendim dahil 30 davetlinin 25&#8217;inden gelen olumlu yan\u0131tla yola koyuldu ve ger\u00e7ekle\u015fti. Neden \u00e7\u0131k\u0131\u015f noktas\u0131na kitab\u0131n a\u00e7\u0131l\u0131\u015f sayfas\u0131nda yeralan foto\u011fraf\u0131 se\u00e7ti\u011fimi soranlar oldu, okurlardan da merak edenler \u00e7\u0131kabilir : 2020 ilkyaz\u0131 herkes i\u00e7in bir kader-k\u0131smet kuyusunu a\u00e7m\u0131\u015ft\u0131 dibindeki aynaya bakanlar farkl\u0131 imgeler g\u00f6recekti.<\/p>\n","protected":false},"excerpt":{"rendered":"<p>444, bir \u00e7a\u011fr\u0131 notu g\u00f6nderdi\u011fim kendim dahil 30 davetlinin 25&#8217;inden gelen olumlu yan\u0131tla yola koyuldu ve ger\u00e7ekle\u015fti. Neden \u00e7\u0131k\u0131\u015f noktas\u0131na kitab\u0131n a\u00e7\u0131l\u0131\u015f sayfas\u0131nda yeralan foto\u011fraf\u0131 se\u00e7ti\u011fimi<span class=\"excerpt-hellip\"> [\u2026]<\/span><\/p>\n","protected":false},"featured_media":0,"template":"","meta":{"_monsterinsights_skip_tracking":false,"_monsterinsights_sitenote_active":false,"_monsterinsights_sitenote_note":"","_monsterinsights_sitenote_category":0},"product_brand":[],"product_cat":[12291,12711],"product_tag":[],"class_list":{"0":"post-726452","1":"product","2":"type-product","3":"status-publish","5":"product_cat-edebiyat","6":"product_cat-roman-oyku","7":"pa_cilt-ciltsiz","8":"pa_tur-kitap","9":"pa_yayinevi-sel-yayincilik","10":"pa_yazar-sel-yayincilik-kolektif","12":"first","13":"instock","14":"sale","15":"shipping-taxable","16":"purchasable","17":"product-type-simple"},"_links":{"self":[{"href":"https:\/\/roveyayinevi.com.tr\/index.php\/wp-json\/wp\/v2\/product\/726452","targetHints":{"allow":["GET"]}}],"collection":[{"href":"https:\/\/roveyayinevi.com.tr\/index.php\/wp-json\/wp\/v2\/product"}],"about":[{"href":"https:\/\/roveyayinevi.com.tr\/index.php\/wp-json\/wp\/v2\/types\/product"}],"wp:attachment":[{"href":"https:\/\/roveyayinevi.com.tr\/index.php\/wp-json\/wp\/v2\/media?parent=726452"}],"wp:term":[{"taxonomy":"product_brand","embeddable":true,"href":"https:\/\/roveyayinevi.com.tr\/index.php\/wp-json\/wp\/v2\/product_brand?post=726452"},{"taxonomy":"product_cat","embeddable":true,"href":"https:\/\/roveyayinevi.com.tr\/index.php\/wp-json\/wp\/v2\/product_cat?post=726452"},{"taxonomy":"product_tag","embeddable":true,"href":"https:\/\/roveyayinevi.com.tr\/index.php\/wp-json\/wp\/v2\/product_tag?post=726452"}],"curies":[{"name":"wp","href":"https:\/\/api.w.org\/{rel}","templated":true}]}}